{"id":911,"date":"2025-06-04T17:10:51","date_gmt":"2025-06-04T17:10:51","guid":{"rendered":"https:\/\/albionclassiccars.com\/?post_type=product&#038;p=911"},"modified":"2025-06-20T21:48:00","modified_gmt":"2025-06-20T21:48:00","slug":"1957-rolls-royce-silver-cloud-i","status":"publish","type":"product","link":"https:\/\/albionclassiccars.com\/en\/product\/1957-rolls-royce-silver-cloud-i\/","title":{"rendered":"1957 Rolls-Royce Silver Cloud I"},"content":{"rendered":"<h3 data-start=\"0\" data-end=\"59\"><strong data-start=\"4\" data-end=\"57\">Fiche Technique \u2013 1957 Rolls-Royce Silver Cloud I<\/strong><\/h3>\n<h4 data-start=\"61\" data-end=\"96\"><strong data-start=\"66\" data-end=\"94\">General information :<\/strong><\/h4>\n<ul data-start=\"97\" data-end=\"328\">\n<li data-start=\"97\" data-end=\"125\">\n<p data-start=\"99\" data-end=\"125\" class=\"translation-block\"><strong data-start=\"111\" data-end=\"123\">Marque :<\/strong> Rolls-Royce<\/p>\n<\/li>\n<li data-start=\"126\" data-end=\"157\">\n<p data-start=\"128\" data-end=\"157\"><strong data-start=\"128\" data-end=\"140\">Mod\u00e8le :<\/strong> Silver Cloud I<\/p>\n<\/li>\n<li data-start=\"158\" data-end=\"178\">\n<p data-start=\"160\" data-end=\"178\"><strong data-start=\"160\" data-end=\"171\">Ann\u00e9e :<\/strong> 1957<\/p>\n<\/li>\n<li data-start=\"179\" data-end=\"212\">\n<p data-start=\"181\" data-end=\"212\"><strong data-start=\"181\" data-end=\"202\">Immatriculation :<\/strong> EJC 466<\/p>\n<\/li>\n<li data-start=\"213\" data-end=\"246\">\n<p data-start=\"215\" data-end=\"246\"><strong data-start=\"215\" data-end=\"238\">Num\u00e9ro de ch\u00e2ssis :<\/strong> SFE93<\/p>\n<\/li>\n<li data-start=\"247\" data-end=\"279\">\n<p data-start=\"249\" data-end=\"279\"><strong data-start=\"249\" data-end=\"271\">Num\u00e9ro de moteur :<\/strong> SE-46<\/p>\n<\/li>\n<li data-start=\"280\" data-end=\"328\">\n<p data-start=\"282\" data-end=\"328\"><strong data-start=\"282\" data-end=\"299\">Kilom\u00e9trage :<\/strong> 28 382 miles (~ 45 680 km)<\/p>\n<\/li>\n<\/ul>\n<h4 data-start=\"330\" data-end=\"365\"><strong data-start=\"335\" data-end=\"363\">Moteur et Performances :<\/strong><\/h4>\n<ul data-start=\"366\" data-end=\"731\">\n<li data-start=\"366\" data-end=\"411\">\n<p data-start=\"368\" data-end=\"411\"><strong data-start=\"368\" data-end=\"388\">Type de moteur :<\/strong> 6 cylindres en ligne<\/p>\n<\/li>\n<li data-start=\"412\" data-end=\"452\">\n<p data-start=\"414\" data-end=\"452\"><strong data-start=\"414\" data-end=\"429\">Cylindr\u00e9e :<\/strong> <strong data-start=\"430\" data-end=\"450\">4.9 L (4887 cm\u00b3)<\/strong><\/p>\n<\/li>\n<li data-start=\"453\" data-end=\"497\">\n<p data-start=\"455\" data-end=\"497\"><strong data-start=\"455\" data-end=\"473\">Alimentation :<\/strong> Carburateur unique SU<\/p>\n<\/li>\n<li data-start=\"498\" data-end=\"536\">\n<p data-start=\"500\" data-end=\"536\"><strong data-start=\"500\" data-end=\"515\">Puissance :<\/strong> <strong data-start=\"516\" data-end=\"526\">155 ch<\/strong> environ<\/p>\n<\/li>\n<li data-start=\"537\" data-end=\"580\">\n<p data-start=\"539\" data-end=\"580\"><strong data-start=\"539\" data-end=\"557\">Transmission :<\/strong> <strong data-start=\"558\" data-end=\"578\">Propulsion (RWD)<\/strong><\/p>\n<\/li>\n<li data-start=\"581\" data-end=\"731\">\n<p data-start=\"583\" data-end=\"608\"><strong data-start=\"583\" data-end=\"606\">Bo\u00eete de vitesses :<\/strong><\/p>\n<ul data-start=\"611\" data-end=\"731\">\n<li data-start=\"611\" data-end=\"670\">\n<p data-start=\"613\" data-end=\"670\"><strong data-start=\"613\" data-end=\"668\">Automatique \u00e0 4 rapports (GM Hydramatic, en option)<\/strong><\/p>\n<\/li>\n<li data-start=\"673\" data-end=\"731\">\n<p data-start=\"675\" data-end=\"731\"><strong data-start=\"675\" data-end=\"729\">Bo\u00eete manuelle \u00e0 4 rapports disponible sur demande<\/strong><\/p>\n<\/li>\n<\/ul>\n<\/li>\n<\/ul>\n<h4 data-start=\"733\" data-end=\"765\"><strong data-start=\"738\" data-end=\"763\">Dimensions et Poids :<\/strong><\/h4>\n<ul data-start=\"766\" data-end=\"922\">\n<li data-start=\"766\" data-end=\"795\">\n<p data-start=\"768\" data-end=\"795\"><strong data-start=\"768\" data-end=\"782\">Longueur :<\/strong> <strong data-start=\"783\" data-end=\"793\">5,38 m<\/strong><\/p>\n<\/li>\n<li data-start=\"796\" data-end=\"824\">\n<p data-start=\"798\" data-end=\"824\"><strong data-start=\"798\" data-end=\"811\">Largeur :<\/strong> <strong data-start=\"812\" data-end=\"822\">1,90 m<\/strong><\/p>\n<\/li>\n<li data-start=\"825\" data-end=\"853\">\n<p data-start=\"827\" data-end=\"853\"><strong data-start=\"827\" data-end=\"840\">Hauteur :<\/strong> <strong data-start=\"841\" data-end=\"851\">1,62 m<\/strong><\/p>\n<\/li>\n<li data-start=\"854\" data-end=\"886\">\n<p data-start=\"856\" data-end=\"886\"><strong data-start=\"856\" data-end=\"873\">Empattement :<\/strong> <strong data-start=\"874\" data-end=\"884\">3,12 m<\/strong><\/p>\n<\/li>\n<li data-start=\"887\" data-end=\"922\">\n<p data-start=\"889\" data-end=\"922\"><strong data-start=\"889\" data-end=\"907\">Poids \u00e0 vide :<\/strong> <strong data-start=\"908\" data-end=\"920\">1 950 kg<\/strong><\/p>\n<\/li>\n<\/ul>\n<h4 data-start=\"924\" data-end=\"958\"><strong data-start=\"929\" data-end=\"956\">Ch\u00e2ssis et Suspension :<\/strong><\/h4>\n<ul data-start=\"959\" data-end=\"1326\">\n<li data-start=\"959\" data-end=\"1047\">\n<p data-start=\"961\" data-end=\"1047\"><strong data-start=\"961\" data-end=\"982\">Type de ch\u00e2ssis :<\/strong> Ch\u00e2ssis s\u00e9par\u00e9 en acier avec carrosserie en aluminium et acier<\/p>\n<\/li>\n<li data-start=\"1048\" data-end=\"1113\">\n<p data-start=\"1050\" data-end=\"1113\"><strong data-start=\"1050\" data-end=\"1072\">Suspension avant :<\/strong> Ind\u00e9pendante avec ressorts h\u00e9lico\u00efdaux<\/p>\n<\/li>\n<li data-start=\"1114\" data-end=\"1195\">\n<p data-start=\"1116\" data-end=\"1195\"><strong data-start=\"1116\" data-end=\"1140\">Suspension arri\u00e8re :<\/strong> Essieu rigide avec ressorts \u00e0 lames semi-elliptiques<\/p>\n<\/li>\n<li data-start=\"1196\" data-end=\"1283\">\n<p data-start=\"1198\" data-end=\"1212\"><strong data-start=\"1198\" data-end=\"1210\">Freins :<\/strong><\/p>\n<ul data-start=\"1215\" data-end=\"1283\">\n<li data-start=\"1215\" data-end=\"1283\">\n<p data-start=\"1217\" data-end=\"1283\"><strong data-start=\"1217\" data-end=\"1281\">Tambours hydrauliques aux quatre roues avec servo-assistance<\/strong><\/p>\n<\/li>\n<\/ul>\n<\/li>\n<li data-start=\"1284\" data-end=\"1326\">\n<p data-start=\"1286\" data-end=\"1326\"><strong data-start=\"1286\" data-end=\"1301\">Direction :<\/strong> Assist\u00e9e (optionnelle)<\/p>\n<\/li>\n<\/ul>\n<h4 data-start=\"1328\" data-end=\"1369\"><strong data-start=\"1333\" data-end=\"1367\">Performances et Consommation :<\/strong><\/h4>\n<ul data-start=\"1370\" data-end=\"1545\">\n<li data-start=\"1370\" data-end=\"1409\">\n<p data-start=\"1372\" data-end=\"1409\"><strong data-start=\"1372\" data-end=\"1394\">Vitesse maximale :<\/strong> <strong data-start=\"1395\" data-end=\"1407\">165 km\/h<\/strong><\/p>\n<\/li>\n<li data-start=\"1410\" data-end=\"1454\">\n<p data-start=\"1412\" data-end=\"1454\"><strong data-start=\"1412\" data-end=\"1428\">0-100 km\/h :<\/strong> <strong data-start=\"1429\" data-end=\"1452\">13 secondes environ<\/strong><\/p>\n<\/li>\n<li data-start=\"1455\" data-end=\"1504\">\n<p data-start=\"1457\" data-end=\"1504\"><strong data-start=\"1457\" data-end=\"1483\">Consommation moyenne :<\/strong> <strong data-start=\"1484\" data-end=\"1502\">18-20 L\/100 km<\/strong><\/p>\n<\/li>\n<li data-start=\"1505\" data-end=\"1545\">\n<p data-start=\"1507\" data-end=\"1545\"><strong data-start=\"1507\" data-end=\"1534\">Capacit\u00e9 du r\u00e9servoir :<\/strong> <strong data-start=\"1535\" data-end=\"1543\">80 L<\/strong><\/p>\n<\/li>\n<\/ul>\n<h4 data-start=\"1547\" data-end=\"1583\"><strong data-start=\"1552\" data-end=\"1581\">\u00c9quipement et Finitions :<\/strong><\/h4>\n<ul data-start=\"1584\" data-end=\"2063\">\n<li data-start=\"1584\" data-end=\"1633\">\n<p data-start=\"1586\" data-end=\"1633\"><strong data-start=\"1586\" data-end=\"1600\">Sellerie :<\/strong> Cuir Connolly de haute qualit\u00e9<\/p>\n<\/li>\n<li data-start=\"1634\" data-end=\"1685\">\n<p data-start=\"1636\" data-end=\"1685\"><strong data-start=\"1636\" data-end=\"1651\">Boiseries :<\/strong> Inserts en noyer poli \u00e0 la main<\/p>\n<\/li>\n<li data-start=\"1686\" data-end=\"1798\">\n<p data-start=\"1688\" data-end=\"1798\"><strong data-start=\"1688\" data-end=\"1709\">Tableau de bord :<\/strong> Instruments analogiques Rolls-Royce avec indicateur de pression d&rsquo;huile et amp\u00e8rem\u00e8tre<\/p>\n<\/li>\n<li data-start=\"1799\" data-end=\"1840\">\n<p data-start=\"1801\" data-end=\"1840\"><strong data-start=\"1801\" data-end=\"1825\">Vitres \u00e9lectriques :<\/strong> Optionnelles<\/p>\n<\/li>\n<li data-start=\"1841\" data-end=\"1910\">\n<p data-start=\"1843\" data-end=\"1910\"><strong data-start=\"1843\" data-end=\"1855\">Si\u00e8ges :<\/strong> R\u00e9glables manuellement, rembourr\u00e9s en laine d&rsquo;agneau<\/p>\n<\/li>\n<li data-start=\"1911\" data-end=\"1959\">\n<p data-start=\"1913\" data-end=\"1959\"><strong data-start=\"1913\" data-end=\"1932\">Syst\u00e8me audio :<\/strong> Radio d\u2019\u00e9poque en option<\/p>\n<\/li>\n<li data-start=\"1960\" data-end=\"2004\">\n<p data-start=\"1962\" data-end=\"2004\"><strong data-start=\"1962\" data-end=\"1981\">Climatisation :<\/strong> Disponible en option<\/p>\n<\/li>\n<li data-start=\"2005\" data-end=\"2063\">\n<p data-start=\"2007\" data-end=\"2063\"><strong data-start=\"2007\" data-end=\"2018\">Pneus :<\/strong> Jantes \u00e0 rayons avec pneus \u00e0 flancs blancs<\/p>\n<\/li>\n<\/ul>\n<h4 data-start=\"2065\" data-end=\"2102\"><strong data-start=\"2070\" data-end=\"2100\">Particularit\u00e9s du Mod\u00e8le :<\/strong><\/h4>\n<ul data-start=\"2103\" data-end=\"2654\">\n<li data-start=\"2103\" data-end=\"2209\">\n<p data-start=\"2105\" data-end=\"2209\"><strong data-start=\"2105\" data-end=\"2148\">Premier mod\u00e8le de la s\u00e9rie Silver Cloud<\/strong>, remplac\u00e9 en 1959 par la Silver Cloud II avec un moteur V8<\/p>\n<\/li>\n<li data-start=\"2210\" data-end=\"2303\">\n<p data-start=\"2212\" data-end=\"2303\"><strong data-start=\"2212\" data-end=\"2276\">Un des derniers Rolls-Royce \u00e0 utiliser un moteur 6 cylindres<\/strong>, avant le passage aux V8<\/p>\n<\/li>\n<li data-start=\"2304\" data-end=\"2460\">\n<p data-start=\"2306\" data-end=\"2460\"><strong data-start=\"2306\" data-end=\"2356\">Construction traditionnelle sur ch\u00e2ssis s\u00e9par\u00e9<\/strong>, permettant la personnalisation par des carrossiers tels que H.J. Mulliner, Park Ward, et James Young<\/p>\n<\/li>\n<li data-start=\"2461\" data-end=\"2557\">\n<p data-start=\"2463\" data-end=\"2557\"><strong data-start=\"2463\" data-end=\"2511\">Voiture de luxe embl\u00e9matique des ann\u00e9es 1950<\/strong>, utilis\u00e9e par des c\u00e9l\u00e9brit\u00e9s et dignitaires<\/p>\n<\/li>\n<li data-start=\"2558\" data-end=\"2654\">\n<p data-start=\"2560\" data-end=\"2654\"><strong data-start=\"2560\" data-end=\"2602\">Extr\u00eamement silencieuse et confortable<\/strong>, offrant une exp\u00e9rience de conduite haut de gamme<\/p>\n<\/li>\n<\/ul>\n<h4 data-start=\"2656\" data-end=\"2693\"><strong data-start=\"2661\" data-end=\"2691\">Valeur et Collectibilit\u00e9 :<\/strong><\/h4>\n<ul data-start=\"2694\" data-end=\"3099\">\n<li data-start=\"2694\" data-end=\"2815\">\n<p data-start=\"2696\" data-end=\"2815\"><strong data-start=\"2696\" data-end=\"2741\">Mod\u00e8le tr\u00e8s pris\u00e9 par les collectionneurs<\/strong>, notamment en version \u00e0 faible kilom\u00e9trage et avec historique document\u00e9<\/p>\n<\/li>\n<li data-start=\"2816\" data-end=\"2905\">\n<p data-start=\"2818\" data-end=\"2905\"><strong data-start=\"2818\" data-end=\"2859\">Excellente alternative aux Bentley S1<\/strong>, partageant le m\u00eame ch\u00e2ssis et motorisation<\/p>\n<\/li>\n<li data-start=\"2906\" data-end=\"3006\">\n<p data-start=\"2908\" data-end=\"3006\"><strong data-start=\"2908\" data-end=\"2962\">Cote stable sur le march\u00e9 des v\u00e9hicules classiques<\/strong>, avec une valeur qui continue d\u2019augmenter<\/p>\n<\/li>\n<li data-start=\"3007\" data-end=\"3099\">\n<p data-start=\"3009\" data-end=\"3099\"><strong data-start=\"3009\" data-end=\"3097\">Parfaite pour les \u00e9v\u00e9nements prestigieux, rallyes historiques et concours d\u2019\u00e9l\u00e9gance<\/strong><\/p>\n<\/li>\n<\/ul>","protected":false},"excerpt":{"rendered":"<p>Fiche Technique \u2013 1957 Rolls-Royce Silver Cloud I Informations G\u00e9n\u00e9rales : Marque : Rolls-Royce Mod\u00e8le : Silver Cloud I Ann\u00e9e [&hellip;]<\/p>","protected":false},"featured_media":925,"comment_status":"open","ping_status":"closed","template":"","meta":{"_uag_custom_page_level_css":"","site-sidebar-layout":"default","site-content-layout":"","ast-site-content-layout":"default","site-content-style":"default","site-sidebar-style":"default","ast-global-header-display":"","ast-banner-title-visibility":"","ast-main-header-display":"","ast-hfb-above-header-display":"","ast-hfb-below-header-display":"","ast-hfb-mobile-header-display":"","site-post-title":"","ast-breadcrumbs-content":"","ast-featured-img":"","footer-sml-layout":"","theme-transparent-header-meta":"default","adv-header-id-meta":"","stick-header-meta":"","header-above-stick-meta":"","header-main-stick-meta":"","header-below-stick-meta":"","astra-migrate-meta-layouts":"set","ast-page-background-enabled":"default","ast-page-background-meta":{"desktop":{"background-color":"var(--ast-global-color-4)","background-image":"","background-repeat":"repeat","background-position":"center center","background-size":"auto","background-attachment":"scroll","background-type":"","background-media":"","overlay-type":"","overlay-color":"","overlay-opacity":"","overlay-gradient":""},"tablet":{"background-color":"","background-image":"","background-repeat":"repeat","background-position":"center center","background-size":"auto","background-attachment":"scroll","background-type":"","background-media":"","overlay-type":"","overlay-color":"","overlay-opacity":"","overlay-gradient":""},"mobile":{"background-color":"","background-image":"","background-repeat":"repeat","background-position":"center center","background-size":"auto","background-attachment":"scroll","background-type":"","background-media":"","overlay-type":"","overlay-color":"","overlay-opacity":"","overlay-gradient":""}},"ast-content-background-meta":{"desktop":{"background-color":"var(--ast-global-color-5)","background-image":"","background-repeat":"repeat","background-position":"center center","background-size":"auto","background-attachment":"scroll","background-type":"","background-media":"","overlay-type":"","overlay-color":"","overlay-opacity":"","overlay-gradient":""},"tablet":{"background-color":"var(--ast-global-color-5)","background-image":"","background-repeat":"repeat","background-position":"center center","background-size":"auto","background-attachment":"scroll","background-type":"","background-media":"","overlay-type":"","overlay-color":"","overlay-opacity":"","overlay-gradient":""},"mobile":{"background-color":"var(--ast-global-color-5)","background-image":"","background-repeat":"repeat","background-position":"center center","background-size":"auto","background-attachment":"scroll","background-type":"","background-media":"","overlay-type":"","overlay-color":"","overlay-opacity":"","overlay-gradient":""}}},"product_brand":[],"product_cat":[24],"product_tag":[],"class_list":{"0":"post-911","1":"product","2":"type-product","3":"status-publish","4":"has-post-thumbnail","6":"product_cat-rolls-royce","7":"desktop-align-left","8":"tablet-align-left","9":"mobile-align-left","11":"first","12":"instock","13":"sold-individually","14":"shipping-taxable","15":"purchasable","16":"product-type-simple"},"aioseo_notices":[],"uagb_featured_image_src":{"full":["https:\/\/albionclassiccars.com\/wp-content\/uploads\/2025\/06\/486937b0-ebec-4523-817d-998df912b7c1-scaled.jpg",2560,1535,false],"thumbnail":["https:\/\/albionclassiccars.com\/wp-content\/uploads\/2025\/06\/486937b0-ebec-4523-817d-998df912b7c1-150x150.jpg",150,150,true],"medium":["https:\/\/albionclassiccars.com\/wp-content\/uploads\/2025\/06\/486937b0-ebec-4523-817d-998df912b7c1-300x180.jpg",300,180,true],"medium_large":["https:\/\/albionclassiccars.com\/wp-content\/uploads\/2025\/06\/486937b0-ebec-4523-817d-998df912b7c1-768x461.jpg",768,461,true],"large":["https:\/\/albionclassiccars.com\/wp-content\/uploads\/2025\/06\/486937b0-ebec-4523-817d-998df912b7c1-1024x614.jpg",1024,614,true],"1536x1536":["https:\/\/albionclassiccars.com\/wp-content\/uploads\/2025\/06\/486937b0-ebec-4523-817d-998df912b7c1-1536x921.jpg",1536,921,true],"2048x2048":["https:\/\/albionclassiccars.com\/wp-content\/uploads\/2025\/06\/486937b0-ebec-4523-817d-998df912b7c1-2048x1228.jpg",2048,1228,true],"trp-custom-language-flag":["https:\/\/albionclassiccars.com\/wp-content\/uploads\/2025\/06\/486937b0-ebec-4523-817d-998df912b7c1-scaled.jpg",18,12,false],"woocommerce_thumbnail":["https:\/\/albionclassiccars.com\/wp-content\/uploads\/2025\/06\/486937b0-ebec-4523-817d-998df912b7c1-scaled.jpg",2560,1535,false],"woocommerce_single":["https:\/\/albionclassiccars.com\/wp-content\/uploads\/2025\/06\/486937b0-ebec-4523-817d-998df912b7c1-scaled.jpg",2560,1535,false],"woocommerce_gallery_thumbnail":["https:\/\/albionclassiccars.com\/wp-content\/uploads\/2025\/06\/486937b0-ebec-4523-817d-998df912b7c1-scaled-100x100.jpg",100,100,true]},"uagb_author_info":{"display_name":"williamal.labis@gmail.com","author_link":"https:\/\/albionclassiccars.com\/en\/author\/"},"uagb_comment_info":0,"uagb_excerpt":"Fiche Technique \u2013 1957 Rolls-Royce Silver Cloud I Informations G\u00e9n\u00e9rales : Marque : Rolls-Royce Mod\u00e8le : Silver Cloud I Ann\u00e9e [&hellip;]","_links":{"self":[{"href":"https:\/\/albionclassiccars.com\/en\/wp-json\/wp\/v2\/product\/911","targetHints":{"allow":["GET"]}}],"collection":[{"href":"https:\/\/albionclassiccars.com\/en\/wp-json\/wp\/v2\/product"}],"about":[{"href":"https:\/\/albionclassiccars.com\/en\/wp-json\/wp\/v2\/types\/product"}],"replies":[{"embeddable":true,"href":"https:\/\/albionclassiccars.com\/en\/wp-json\/wp\/v2\/comments?post=911"}],"wp:featuredmedia":[{"embeddable":true,"href":"https:\/\/albionclassiccars.com\/en\/wp-json\/wp\/v2\/media\/925"}],"wp:attachment":[{"href":"https:\/\/albionclassiccars.com\/en\/wp-json\/wp\/v2\/media?parent=911"}],"wp:term":[{"taxonomy":"product_brand","embeddable":true,"href":"https:\/\/albionclassiccars.com\/en\/wp-json\/wp\/v2\/product_brand?post=911"},{"taxonomy":"product_cat","embeddable":true,"href":"https:\/\/albionclassiccars.com\/en\/wp-json\/wp\/v2\/product_cat?post=911"},{"taxonomy":"product_tag","embeddable":true,"href":"https:\/\/albionclassiccars.com\/en\/wp-json\/wp\/v2\/product_tag?post=911"}],"curies":[{"name":"wp","href":"https:\/\/api.w.org\/{rel}","templated":true}]}}