{"id":897,"date":"2025-06-04T16:38:13","date_gmt":"2025-06-04T16:38:13","guid":{"rendered":"https:\/\/albionclassiccars.com\/?post_type=product&#038;p=897"},"modified":"2025-06-20T21:49:39","modified_gmt":"2025-06-20T21:49:39","slug":"aston-martin-dbs-1971","status":"publish","type":"product","link":"https:\/\/albionclassiccars.com\/en\/product\/aston-martin-dbs-1971\/","title":{"rendered":"Aston Martin DBS 1971"},"content":{"rendered":"<h3 data-start=\"0\" data-end=\"53\"><strong data-start=\"4\" data-end=\"51\">Fiche Technique \u2013 1971 Aston Martin DBS RHD<\/strong><\/h3>\n<h4 data-start=\"55\" data-end=\"90\"><strong data-start=\"60\" data-end=\"88\">General information :<\/strong><\/h4>\n<ul data-start=\"91\" data-end=\"314\">\n<li data-start=\"91\" data-end=\"120\">\n<p data-start=\"93\" data-end=\"120\"><strong data-start=\"93\" data-end=\"105\">Marque :<\/strong> Aston Martin<\/p>\n<\/li>\n<li data-start=\"121\" data-end=\"141\">\n<p data-start=\"123\" data-end=\"141\"><strong data-start=\"123\" data-end=\"135\">Mod\u00e8le :<\/strong> DBS<\/p>\n<\/li>\n<li data-start=\"142\" data-end=\"162\">\n<p data-start=\"144\" data-end=\"162\"><strong data-start=\"144\" data-end=\"155\">Ann\u00e9e :<\/strong> 1971<\/p>\n<\/li>\n<li data-start=\"163\" data-end=\"221\">\n<p data-start=\"165\" data-end=\"221\"><strong data-start=\"165\" data-end=\"178\">Version :<\/strong> RHD (Right-Hand Drive \u2013 Volant \u00e0 droite)<\/p>\n<\/li>\n<li data-start=\"222\" data-end=\"264\">\n<p data-start=\"224\" data-end=\"264\"><strong data-start=\"224\" data-end=\"241\">Carrosserie :<\/strong> Coup\u00e9 Grand Tourisme<\/p>\n<\/li>\n<li data-start=\"265\" data-end=\"293\">\n<p data-start=\"267\" data-end=\"293\"><strong data-start=\"267\" data-end=\"289\">Nombre de portes :<\/strong> 2<\/p>\n<\/li>\n<li data-start=\"294\" data-end=\"314\">\n<p data-start=\"296\" data-end=\"314\"><strong data-start=\"296\" data-end=\"308\">Places :<\/strong> 2+2<\/p>\n<\/li>\n<\/ul>\n<h4 data-start=\"316\" data-end=\"351\"><strong data-start=\"321\" data-end=\"349\">Moteur et Performances :<\/strong><\/h4>\n<ul data-start=\"352\" data-end=\"1010\">\n<li data-start=\"352\" data-end=\"419\">\n<p data-start=\"354\" data-end=\"419\"><strong data-start=\"354\" data-end=\"374\">Type de moteur :<\/strong> 6 cylindres en ligne (ou V8 selon version)<\/p>\n<\/li>\n<li data-start=\"420\" data-end=\"505\">\n<p data-start=\"422\" data-end=\"505\"><strong data-start=\"422\" data-end=\"437\">Cylindr\u00e9e :<\/strong> 4.0 L (3995 cm\u00b3) pour le 6 cylindres, 5.3 L (5340 cm\u00b3) pour le V8<\/p>\n<\/li>\n<li data-start=\"506\" data-end=\"547\">\n<p data-start=\"508\" data-end=\"547\"><strong data-start=\"508\" data-end=\"525\">Disposition :<\/strong> Longitudinale avant<\/p>\n<\/li>\n<li data-start=\"548\" data-end=\"640\">\n<p data-start=\"550\" data-end=\"640\"><strong data-start=\"550\" data-end=\"568\">Alimentation :<\/strong> 3 carburateurs SU pour le 6 cylindres, injection m\u00e9canique pour le V8<\/p>\n<\/li>\n<li data-start=\"641\" data-end=\"759\">\n<p data-start=\"643\" data-end=\"660\"><strong data-start=\"643\" data-end=\"658\">Puissance :<\/strong><\/p>\n<ul data-start=\"663\" data-end=\"759\">\n<li data-start=\"663\" data-end=\"714\">\n<p data-start=\"665\" data-end=\"714\"><strong data-start=\"665\" data-end=\"682\">6 cylindres :<\/strong> Environ 283 ch \u00e0 5 500 tr\/min<\/p>\n<\/li>\n<li data-start=\"717\" data-end=\"759\">\n<p data-start=\"719\" data-end=\"759\"><strong data-start=\"719\" data-end=\"727\">V8 :<\/strong> Environ 320 ch \u00e0 5 000 tr\/min<\/p>\n<\/li>\n<\/ul>\n<\/li>\n<li data-start=\"760\" data-end=\"845\">\n<p data-start=\"762\" data-end=\"776\"><strong data-start=\"762\" data-end=\"774\">Couple :<\/strong><\/p>\n<ul data-start=\"779\" data-end=\"845\">\n<li data-start=\"779\" data-end=\"815\">\n<p data-start=\"781\" data-end=\"815\"><strong data-start=\"781\" data-end=\"798\">6 cylindres :<\/strong> Environ 390 Nm<\/p>\n<\/li>\n<li data-start=\"818\" data-end=\"845\">\n<p data-start=\"820\" data-end=\"845\"><strong data-start=\"820\" data-end=\"828\">V8 :<\/strong> Environ 430 Nm<\/p>\n<\/li>\n<\/ul>\n<\/li>\n<li data-start=\"846\" data-end=\"885\">\n<p data-start=\"848\" data-end=\"885\"><strong data-start=\"848\" data-end=\"866\">Transmission :<\/strong> Propulsion (RWD)<\/p>\n<\/li>\n<li data-start=\"886\" data-end=\"1010\">\n<p data-start=\"888\" data-end=\"913\"><strong data-start=\"888\" data-end=\"911\">Bo\u00eete de vitesses :<\/strong><\/p>\n<ul data-start=\"916\" data-end=\"1010\">\n<li data-start=\"916\" data-end=\"950\">\n<p data-start=\"918\" data-end=\"950\"><strong data-start=\"918\" data-end=\"948\">Manuelle \u00e0 5 rapports (ZF)<\/strong><\/p>\n<\/li>\n<li data-start=\"953\" data-end=\"1010\">\n<p data-start=\"955\" data-end=\"1010\"><strong data-start=\"955\" data-end=\"1008\">Automatique \u00e0 3 rapports (Borg-Warner), en option<\/strong><\/p>\n<\/li>\n<\/ul>\n<\/li>\n<\/ul>\n<h4 data-start=\"1012\" data-end=\"1044\"><strong data-start=\"1017\" data-end=\"1042\">Dimensions et Poids :<\/strong><\/h4>\n<ul data-start=\"1045\" data-end=\"1245\">\n<li data-start=\"1045\" data-end=\"1070\">\n<p data-start=\"1047\" data-end=\"1070\"><strong data-start=\"1047\" data-end=\"1061\">Longueur :<\/strong> 4,58 m<\/p>\n<\/li>\n<li data-start=\"1071\" data-end=\"1095\">\n<p data-start=\"1073\" data-end=\"1095\"><strong data-start=\"1073\" data-end=\"1086\">Largeur :<\/strong> 1,83 m<\/p>\n<\/li>\n<li data-start=\"1096\" data-end=\"1120\">\n<p data-start=\"1098\" data-end=\"1120\"><strong data-start=\"1098\" data-end=\"1111\">Hauteur :<\/strong> 1,35 m<\/p>\n<\/li>\n<li data-start=\"1121\" data-end=\"1149\">\n<p data-start=\"1123\" data-end=\"1149\"><strong data-start=\"1123\" data-end=\"1140\">Empattement :<\/strong> 2,59 m<\/p>\n<\/li>\n<li data-start=\"1150\" data-end=\"1245\">\n<p data-start=\"1152\" data-end=\"1172\"><strong data-start=\"1152\" data-end=\"1170\">Poids \u00e0 vide :<\/strong><\/p>\n<ul data-start=\"1175\" data-end=\"1245\">\n<li data-start=\"1175\" data-end=\"1213\">\n<p data-start=\"1177\" data-end=\"1213\"><strong data-start=\"1177\" data-end=\"1194\">6 cylindres :<\/strong> Environ 1 600 kg<\/p>\n<\/li>\n<li data-start=\"1216\" data-end=\"1245\">\n<p data-start=\"1218\" data-end=\"1245\"><strong data-start=\"1218\" data-end=\"1226\">V8 :<\/strong> Environ 1 750 kg<\/p>\n<\/li>\n<\/ul>\n<\/li>\n<\/ul>\n<h4 data-start=\"1247\" data-end=\"1281\"><strong data-start=\"1252\" data-end=\"1279\">Ch\u00e2ssis et Suspension :<\/strong><\/h4>\n<ul data-start=\"1282\" data-end=\"1636\">\n<li data-start=\"1282\" data-end=\"1353\">\n<p data-start=\"1284\" data-end=\"1353\"><strong data-start=\"1284\" data-end=\"1305\">Type de ch\u00e2ssis :<\/strong> Structure en acier avec panneaux en aluminium<\/p>\n<\/li>\n<li data-start=\"1354\" data-end=\"1455\">\n<p data-start=\"1356\" data-end=\"1455\"><strong data-start=\"1356\" data-end=\"1378\">Suspension avant :<\/strong> Ind\u00e9pendante, triangles superpos\u00e9s, ressorts h\u00e9lico\u00efdaux, barre antiroulis<\/p>\n<\/li>\n<li data-start=\"1456\" data-end=\"1556\">\n<p data-start=\"1458\" data-end=\"1556\"><strong data-start=\"1458\" data-end=\"1482\">Suspension arri\u00e8re :<\/strong> Essieu De Dion, bras oscillants, ressorts h\u00e9lico\u00efdaux, barre antiroulis<\/p>\n<\/li>\n<li data-start=\"1557\" data-end=\"1607\">\n<p data-start=\"1559\" data-end=\"1607\"><strong data-start=\"1559\" data-end=\"1571\">Freins :<\/strong> Disques ventil\u00e9s aux quatre roues<\/p>\n<\/li>\n<li data-start=\"1608\" data-end=\"1636\">\n<p data-start=\"1610\" data-end=\"1636\"><strong data-start=\"1610\" data-end=\"1625\">Direction :<\/strong> Assist\u00e9e<\/p>\n<\/li>\n<\/ul>\n<h4 data-start=\"1638\" data-end=\"1679\"><strong data-start=\"1643\" data-end=\"1677\">Performances et Consommation :<\/strong><\/h4>\n<ul data-start=\"1680\" data-end=\"1980\">\n<li data-start=\"1680\" data-end=\"1779\">\n<p data-start=\"1682\" data-end=\"1706\"><strong data-start=\"1682\" data-end=\"1704\">Vitesse maximale :<\/strong><\/p>\n<ul data-start=\"1709\" data-end=\"1779\">\n<li data-start=\"1709\" data-end=\"1747\">\n<p data-start=\"1711\" data-end=\"1747\"><strong data-start=\"1711\" data-end=\"1728\">6 cylindres :<\/strong> Environ 225 km\/h<\/p>\n<\/li>\n<li data-start=\"1750\" data-end=\"1779\">\n<p data-start=\"1752\" data-end=\"1779\"><strong data-start=\"1752\" data-end=\"1760\">V8 :<\/strong> Environ 240 km\/h<\/p>\n<\/li>\n<\/ul>\n<\/li>\n<li data-start=\"1780\" data-end=\"1881\">\n<p data-start=\"1782\" data-end=\"1800\"><strong data-start=\"1782\" data-end=\"1798\">0-100 km\/h :<\/strong><\/p>\n<ul data-start=\"1803\" data-end=\"1881\">\n<li data-start=\"1803\" data-end=\"1845\">\n<p data-start=\"1805\" data-end=\"1845\"><strong data-start=\"1805\" data-end=\"1822\">6 cylindres :<\/strong> Environ 7,1 secondes<\/p>\n<\/li>\n<li data-start=\"1848\" data-end=\"1881\">\n<p data-start=\"1850\" data-end=\"1881\"><strong data-start=\"1850\" data-end=\"1858\">V8 :<\/strong> Environ 6,0 secondes<\/p>\n<\/li>\n<\/ul>\n<\/li>\n<li data-start=\"1882\" data-end=\"1935\">\n<p data-start=\"1884\" data-end=\"1935\"><strong data-start=\"1884\" data-end=\"1910\">Consommation moyenne :<\/strong> Environ 18-22 L\/100 km<\/p>\n<\/li>\n<li data-start=\"1936\" data-end=\"1980\">\n<p data-start=\"1938\" data-end=\"1980\"><strong data-start=\"1938\" data-end=\"1965\">Capacit\u00e9 du r\u00e9servoir :<\/strong> Environ 82 L<\/p>\n<\/li>\n<\/ul>\n<h4 data-start=\"1982\" data-end=\"2018\"><strong data-start=\"1987\" data-end=\"2016\">\u00c9quipement et Finitions :<\/strong><\/h4>\n<ul data-start=\"2019\" data-end=\"2335\">\n<li data-start=\"2019\" data-end=\"2068\">\n<p data-start=\"2021\" data-end=\"2068\"><strong data-start=\"2021\" data-end=\"2035\">Sellerie :<\/strong> Cuir Connolly de haute qualit\u00e9<\/p>\n<\/li>\n<li data-start=\"2069\" data-end=\"2104\">\n<p data-start=\"2071\" data-end=\"2104\"><strong data-start=\"2071\" data-end=\"2086\">Boiseries :<\/strong> Noyer v\u00e9ritable<\/p>\n<\/li>\n<li data-start=\"2105\" data-end=\"2149\">\n<p data-start=\"2107\" data-end=\"2149\"><strong data-start=\"2107\" data-end=\"2126\">Climatisation :<\/strong> Disponible en option<\/p>\n<\/li>\n<li data-start=\"2150\" data-end=\"2182\">\n<p data-start=\"2152\" data-end=\"2182\"><strong data-start=\"2152\" data-end=\"2176\">Vitres \u00e9lectriques :<\/strong> Oui<\/p>\n<\/li>\n<li data-start=\"2183\" data-end=\"2215\">\n<p data-start=\"2185\" data-end=\"2215\"><strong data-start=\"2185\" data-end=\"2209\">Si\u00e8ges \u00e9lectriques :<\/strong> Non<\/p>\n<\/li>\n<li data-start=\"2216\" data-end=\"2265\">\n<p data-start=\"2218\" data-end=\"2265\"><strong data-start=\"2218\" data-end=\"2237\">Syst\u00e8me audio :<\/strong> Radio AM\/FM haut de gamme<\/p>\n<\/li>\n<li data-start=\"2266\" data-end=\"2335\">\n<p data-start=\"2268\" data-end=\"2335\"><strong data-start=\"2268\" data-end=\"2280\">Jantes :<\/strong> Rayons en fil d\u2019acier ou alliage l\u00e9ger selon version<\/p>\n<\/li>\n<\/ul>\n<h4 data-start=\"2337\" data-end=\"2374\"><strong data-start=\"2342\" data-end=\"2372\">Particularit\u00e9s du Mod\u00e8le :<\/strong><\/h4>\n<ul data-start=\"2375\" data-end=\"2605\">\n<li data-start=\"2375\" data-end=\"2455\">\n<p data-start=\"2377\" data-end=\"2455\">Dernier mod\u00e8le de la marque avant la transition vers la DBS V8 et la Vantage<\/p>\n<\/li>\n<li data-start=\"2456\" data-end=\"2540\">\n<p data-start=\"2458\" data-end=\"2540\">Apparition dans le film <strong data-start=\"2482\" data-end=\"2538\">\u00ab\u00a0Au service secret de Sa Majest\u00e9\u00a0\u00bb (James Bond, 1969)<\/strong><\/p>\n<\/li>\n<li data-start=\"2541\" data-end=\"2605\">\n<p data-start=\"2543\" data-end=\"2605\">Design sign\u00e9 William Towns, combinant \u00e9l\u00e9gance et sportivit\u00e9<\/p>\n<\/li>\n<\/ul>\n<h4 data-start=\"2607\" data-end=\"2644\"><strong data-start=\"2612\" data-end=\"2642\">Valeur et Collectibilit\u00e9 :<\/strong><\/h4>\n<ul data-start=\"2645\" data-end=\"2816\">\n<li data-start=\"2645\" data-end=\"2711\">\n<p data-start=\"2647\" data-end=\"2711\">V\u00e9hicule rare et tr\u00e8s recherch\u00e9, surtout en <strong data-start=\"2691\" data-end=\"2709\">bo\u00eete manuelle<\/strong><\/p>\n<\/li>\n<li data-start=\"2712\" data-end=\"2757\">\n<p data-start=\"2714\" data-end=\"2757\">Mod\u00e8le cl\u00e9 dans l\u2019histoire d\u2019Aston Martin<\/p>\n<\/li>\n<li data-start=\"2758\" data-end=\"2816\">\n<p data-start=\"2760\" data-end=\"2816\">Prix en augmentation sur le march\u00e9 des collectionneurs<\/p>\n<\/li>\n<\/ul>","protected":false},"excerpt":{"rendered":"<p>Fiche Technique \u2013 1971 Aston Martin DBS RHD Informations G\u00e9n\u00e9rales : Marque : Aston Martin Mod\u00e8le : DBS Ann\u00e9e : [&hellip;]<\/p>","protected":false},"featured_media":1017,"comment_status":"open","ping_status":"closed","template":"","meta":{"_uag_custom_page_level_css":"","site-sidebar-layout":"default","site-content-layout":"","ast-site-content-layout":"default","site-content-style":"default","site-sidebar-style":"default","ast-global-header-display":"","ast-banner-title-visibility":"","ast-main-header-display":"","ast-hfb-above-header-display":"","ast-hfb-below-header-display":"","ast-hfb-mobile-header-display":"","site-post-title":"","ast-breadcrumbs-content":"","ast-featured-img":"","footer-sml-layout":"","ast-disable-related-posts":"","theme-transparent-header-meta":"default","adv-header-id-meta":"","stick-header-meta":"","header-above-stick-meta":"","header-main-stick-meta":"","header-below-stick-meta":"","astra-migrate-meta-layouts":"set","ast-page-background-enabled":"default","ast-page-background-meta":{"desktop":{"background-color":"var(--ast-global-color-4)","background-image":"","background-repeat":"repeat","background-position":"center center","background-size":"auto","background-attachment":"scroll","background-type":"","background-media":"","overlay-type":"","overlay-color":"","overlay-opacity":"","overlay-gradient":""},"tablet":{"background-color":"","background-image":"","background-repeat":"repeat","background-position":"center center","background-size":"auto","background-attachment":"scroll","background-type":"","background-media":"","overlay-type":"","overlay-color":"","overlay-opacity":"","overlay-gradient":""},"mobile":{"background-color":"","background-image":"","background-repeat":"repeat","background-position":"center center","background-size":"auto","background-attachment":"scroll","background-type":"","background-media":"","overlay-type":"","overlay-color":"","overlay-opacity":"","overlay-gradient":""}},"ast-content-background-meta":{"desktop":{"background-color":"var(--ast-global-color-5)","background-image":"","background-repeat":"repeat","background-position":"center center","background-size":"auto","background-attachment":"scroll","background-type":"","background-media":"","overlay-type":"","overlay-color":"","overlay-opacity":"","overlay-gradient":""},"tablet":{"background-color":"var(--ast-global-color-5)","background-image":"","background-repeat":"repeat","background-position":"center center","background-size":"auto","background-attachment":"scroll","background-type":"","background-media":"","overlay-type":"","overlay-color":"","overlay-opacity":"","overlay-gradient":""},"mobile":{"background-color":"var(--ast-global-color-5)","background-image":"","background-repeat":"repeat","background-position":"center center","background-size":"auto","background-attachment":"scroll","background-type":"","background-media":"","overlay-type":"","overlay-color":"","overlay-opacity":"","overlay-gradient":""}}},"product_brand":[],"product_cat":[21],"product_tag":[],"class_list":{"0":"post-897","1":"product","2":"type-product","3":"status-publish","4":"has-post-thumbnail","6":"product_cat-aston-martin","7":"desktop-align-left","8":"tablet-align-left","9":"mobile-align-left","11":"first","12":"instock","13":"shipping-taxable","14":"purchasable","15":"product-type-simple"},"aioseo_notices":[],"uagb_featured_image_src":{"full":["https:\/\/albionclassiccars.com\/wp-content\/uploads\/2025\/06\/ebay-1893-Modifie.jpg",942,668,false],"thumbnail":["https:\/\/albionclassiccars.com\/wp-content\/uploads\/2025\/06\/ebay-1893-Modifie-150x150.jpg",150,150,true],"medium":["https:\/\/albionclassiccars.com\/wp-content\/uploads\/2025\/06\/ebay-1893-Modifie-300x213.jpg",300,213,true],"medium_large":["https:\/\/albionclassiccars.com\/wp-content\/uploads\/2025\/06\/ebay-1893-Modifie-768x545.jpg",768,545,true],"large":["https:\/\/albionclassiccars.com\/wp-content\/uploads\/2025\/06\/ebay-1893-Modifie.jpg",942,668,false],"1536x1536":["https:\/\/albionclassiccars.com\/wp-content\/uploads\/2025\/06\/ebay-1893-Modifie.jpg",942,668,false],"2048x2048":["https:\/\/albionclassiccars.com\/wp-content\/uploads\/2025\/06\/ebay-1893-Modifie.jpg",942,668,false],"trp-custom-language-flag":["https:\/\/albionclassiccars.com\/wp-content\/uploads\/2025\/06\/ebay-1893-Modifie.jpg",18,12,false],"woocommerce_thumbnail":["https:\/\/albionclassiccars.com\/wp-content\/uploads\/2025\/06\/ebay-1893-Modifie.jpg",942,668,false],"woocommerce_single":["https:\/\/albionclassiccars.com\/wp-content\/uploads\/2025\/06\/ebay-1893-Modifie.jpg",942,668,false],"woocommerce_gallery_thumbnail":["https:\/\/albionclassiccars.com\/wp-content\/uploads\/2025\/06\/ebay-1893-Modifie-100x100.jpg",100,100,true]},"uagb_author_info":{"display_name":"williamal.labis@gmail.com","author_link":"https:\/\/albionclassiccars.com\/en\/author\/"},"uagb_comment_info":0,"uagb_excerpt":"Fiche Technique \u2013 1971 Aston Martin DBS RHD Informations G\u00e9n\u00e9rales : Marque : Aston Martin Mod\u00e8le : DBS Ann\u00e9e : [&hellip;]","_links":{"self":[{"href":"https:\/\/albionclassiccars.com\/en\/wp-json\/wp\/v2\/product\/897","targetHints":{"allow":["GET"]}}],"collection":[{"href":"https:\/\/albionclassiccars.com\/en\/wp-json\/wp\/v2\/product"}],"about":[{"href":"https:\/\/albionclassiccars.com\/en\/wp-json\/wp\/v2\/types\/product"}],"replies":[{"embeddable":true,"href":"https:\/\/albionclassiccars.com\/en\/wp-json\/wp\/v2\/comments?post=897"}],"wp:featuredmedia":[{"embeddable":true,"href":"https:\/\/albionclassiccars.com\/en\/wp-json\/wp\/v2\/media\/1017"}],"wp:attachment":[{"href":"https:\/\/albionclassiccars.com\/en\/wp-json\/wp\/v2\/media?parent=897"}],"wp:term":[{"taxonomy":"product_brand","embeddable":true,"href":"https:\/\/albionclassiccars.com\/en\/wp-json\/wp\/v2\/product_brand?post=897"},{"taxonomy":"product_cat","embeddable":true,"href":"https:\/\/albionclassiccars.com\/en\/wp-json\/wp\/v2\/product_cat?post=897"},{"taxonomy":"product_tag","embeddable":true,"href":"https:\/\/albionclassiccars.com\/en\/wp-json\/wp\/v2\/product_tag?post=897"}],"curies":[{"name":"wp","href":"https:\/\/api.w.org\/{rel}","templated":true}]}}