{"id":882,"date":"2025-06-04T16:35:18","date_gmt":"2025-06-04T16:35:18","guid":{"rendered":"https:\/\/albionclassiccars.com\/?post_type=product&#038;p=882"},"modified":"2025-09-30T20:58:03","modified_gmt":"2025-09-30T20:58:03","slug":"2005-aston-martin-vanquish","status":"publish","type":"product","link":"https:\/\/albionclassiccars.com\/en\/product\/2005-aston-martin-vanquish\/","title":{"rendered":"2005 Aston Martin Vanquish"},"content":{"rendered":"<h3 data-start=\"0\" data-end=\"60\"><strong data-start=\"4\" data-end=\"58\">Fiche Technique \u2013 2005 Aston Martin Vanquish (LHD)<\/strong><\/h3>\n<h4 data-start=\"62\" data-end=\"97\"><strong data-start=\"67\" data-end=\"95\">General information :<\/strong><\/h4>\n<ul data-start=\"98\" data-end=\"313\">\n<li data-start=\"98\" data-end=\"127\">\n<p data-start=\"100\" data-end=\"127\"><strong data-start=\"100\" data-end=\"112\">Marque :<\/strong> Aston Martin<\/p>\n<\/li>\n<li data-start=\"128\" data-end=\"153\">\n<p data-start=\"130\" data-end=\"153\"><strong data-start=\"130\" data-end=\"142\">Mod\u00e8le :<\/strong> Vanquish<\/p>\n<\/li>\n<li data-start=\"154\" data-end=\"174\">\n<p data-start=\"156\" data-end=\"174\"><strong data-start=\"156\" data-end=\"167\">Ann\u00e9e :<\/strong> 2005<\/p>\n<\/li>\n<li data-start=\"175\" data-end=\"220\">\n<p data-start=\"177\" data-end=\"220\"><strong data-start=\"177\" data-end=\"190\">Version :<\/strong> <strong data-start=\"191\" data-end=\"218\">Conduite \u00e0 gauche (LHD)<\/strong><\/p>\n<\/li>\n<li data-start=\"221\" data-end=\"263\">\n<p data-start=\"223\" data-end=\"263\"><strong data-start=\"223\" data-end=\"240\">Carrosserie :<\/strong> Coup\u00e9 Grand Tourisme<\/p>\n<\/li>\n<li data-start=\"264\" data-end=\"292\">\n<p data-start=\"266\" data-end=\"292\"><strong data-start=\"266\" data-end=\"288\">Nombre de portes :<\/strong> 2<\/p>\n<\/li>\n<li data-start=\"293\" data-end=\"313\">\n<p data-start=\"295\" data-end=\"313\"><strong data-start=\"295\" data-end=\"307\">Places :<\/strong> 2+2<\/p>\n<\/li>\n<\/ul>\n<h4 data-start=\"315\" data-end=\"350\"><strong data-start=\"320\" data-end=\"348\">Moteur et Performances :<\/strong><\/h4>\n<ul data-start=\"351\" data-end=\"779\">\n<li data-start=\"351\" data-end=\"393\">\n<p data-start=\"353\" data-end=\"393\"><strong data-start=\"353\" data-end=\"373\">Type de moteur :<\/strong> V12 atmosph\u00e9rique<\/p>\n<\/li>\n<li data-start=\"394\" data-end=\"434\">\n<p data-start=\"396\" data-end=\"434\"><strong data-start=\"396\" data-end=\"411\">Cylindr\u00e9e :<\/strong> <strong data-start=\"412\" data-end=\"432\">5.9 L (5935 cm\u00b3)<\/strong><\/p>\n<\/li>\n<li data-start=\"435\" data-end=\"476\">\n<p data-start=\"437\" data-end=\"476\"><strong data-start=\"437\" data-end=\"454\">Disposition :<\/strong> Longitudinale avant<\/p>\n<\/li>\n<li data-start=\"477\" data-end=\"533\">\n<p data-start=\"479\" data-end=\"533\"><strong data-start=\"479\" data-end=\"497\">Alimentation :<\/strong> Injection \u00e9lectronique multipoint<\/p>\n<\/li>\n<li data-start=\"534\" data-end=\"579\">\n<p data-start=\"536\" data-end=\"579\"><strong data-start=\"536\" data-end=\"551\">Puissance :<\/strong> <strong data-start=\"552\" data-end=\"562\">460 ch<\/strong> \u00e0 6 500 tr\/min<\/p>\n<\/li>\n<li data-start=\"580\" data-end=\"622\">\n<p data-start=\"582\" data-end=\"622\"><strong data-start=\"582\" data-end=\"594\">Couple :<\/strong> <strong data-start=\"595\" data-end=\"605\">542 Nm<\/strong> \u00e0 5 000 tr\/min<\/p>\n<\/li>\n<li data-start=\"623\" data-end=\"666\">\n<p data-start=\"625\" data-end=\"666\"><strong data-start=\"625\" data-end=\"643\">Transmission :<\/strong> <strong data-start=\"644\" data-end=\"664\">Propulsion (RWD)<\/strong><\/p>\n<\/li>\n<li data-start=\"667\" data-end=\"779\">\n<p data-start=\"669\" data-end=\"694\"><strong data-start=\"669\" data-end=\"692\">Bo\u00eete de vitesses :<\/strong><\/p>\n<ul data-start=\"697\" data-end=\"779\">\n<li data-start=\"697\" data-end=\"779\">\n<p data-start=\"699\" data-end=\"779\"><strong data-start=\"699\" data-end=\"777\">S\u00e9quentielle robotis\u00e9e \u00e0 6 rapports (Touchtronic), avec palettes au volant<\/strong><\/p>\n<\/li>\n<\/ul>\n<\/li>\n<\/ul>\n<h4 data-start=\"781\" data-end=\"813\"><strong data-start=\"786\" data-end=\"811\">Dimensions et Poids :<\/strong><\/h4>\n<ul data-start=\"814\" data-end=\"970\">\n<li data-start=\"814\" data-end=\"843\">\n<p data-start=\"816\" data-end=\"843\"><strong data-start=\"816\" data-end=\"830\">Longueur :<\/strong> <strong data-start=\"831\" data-end=\"841\">4,67 m<\/strong><\/p>\n<\/li>\n<li data-start=\"844\" data-end=\"872\">\n<p data-start=\"846\" data-end=\"872\"><strong data-start=\"846\" data-end=\"859\">Largeur :<\/strong> <strong data-start=\"860\" data-end=\"870\">1,92 m<\/strong><\/p>\n<\/li>\n<li data-start=\"873\" data-end=\"901\">\n<p data-start=\"875\" data-end=\"901\"><strong data-start=\"875\" data-end=\"888\">Hauteur :<\/strong> <strong data-start=\"889\" data-end=\"899\">1,31 m<\/strong><\/p>\n<\/li>\n<li data-start=\"902\" data-end=\"934\">\n<p data-start=\"904\" data-end=\"934\"><strong data-start=\"904\" data-end=\"921\">Empattement :<\/strong> <strong data-start=\"922\" data-end=\"932\">2,69 m<\/strong><\/p>\n<\/li>\n<li data-start=\"935\" data-end=\"970\">\n<p data-start=\"937\" data-end=\"970\"><strong data-start=\"937\" data-end=\"955\">Poids \u00e0 vide :<\/strong> <strong data-start=\"956\" data-end=\"968\">1 835 kg<\/strong><\/p>\n<\/li>\n<\/ul>\n<h4 data-start=\"972\" data-end=\"1006\"><strong data-start=\"977\" data-end=\"1004\">Ch\u00e2ssis et Suspension :<\/strong><\/h4>\n<ul data-start=\"1007\" data-end=\"1483\">\n<li data-start=\"1007\" data-end=\"1075\">\n<p data-start=\"1009\" data-end=\"1075\"><strong data-start=\"1009\" data-end=\"1030\">Type de ch\u00e2ssis :<\/strong> Monocoque en aluminium et fibre de carbone<\/p>\n<\/li>\n<li data-start=\"1076\" data-end=\"1177\">\n<p data-start=\"1078\" data-end=\"1177\"><strong data-start=\"1078\" data-end=\"1100\">Suspension avant :<\/strong> Ind\u00e9pendante, double triangulation, ressorts h\u00e9lico\u00efdaux, barre antiroulis<\/p>\n<\/li>\n<li data-start=\"1178\" data-end=\"1281\">\n<p data-start=\"1180\" data-end=\"1281\"><strong data-start=\"1180\" data-end=\"1204\">Suspension arri\u00e8re :<\/strong> Ind\u00e9pendante, double triangulation, ressorts h\u00e9lico\u00efdaux, barre antiroulis<\/p>\n<\/li>\n<li data-start=\"1282\" data-end=\"1439\">\n<p data-start=\"1284\" data-end=\"1298\"><strong data-start=\"1284\" data-end=\"1296\">Freins :<\/strong><\/p>\n<ul data-start=\"1301\" data-end=\"1439\">\n<li data-start=\"1301\" data-end=\"1342\">\n<p data-start=\"1303\" data-end=\"1342\"><strong data-start=\"1303\" data-end=\"1340\">Disques ventil\u00e9s aux quatre roues<\/strong><\/p>\n<\/li>\n<li data-start=\"1345\" data-end=\"1379\">\n<p data-start=\"1347\" data-end=\"1379\"><strong data-start=\"1347\" data-end=\"1377\">\u00c9triers Brembo \u00e0 4 pistons<\/strong><\/p>\n<\/li>\n<li data-start=\"1382\" data-end=\"1439\">\n<p data-start=\"1384\" data-end=\"1439\"><strong data-start=\"1384\" data-end=\"1437\">ABS et r\u00e9partition \u00e9lectronique du freinage (EBD)<\/strong><\/p>\n<\/li>\n<\/ul>\n<\/li>\n<li data-start=\"1440\" data-end=\"1483\">\n<p data-start=\"1442\" data-end=\"1483\"><strong data-start=\"1442\" data-end=\"1457\">Direction :<\/strong> Assist\u00e9e, \u00e0 cr\u00e9maill\u00e8re<\/p>\n<\/li>\n<\/ul>\n<h4 data-start=\"1485\" data-end=\"1526\"><strong data-start=\"1490\" data-end=\"1524\">Performances et Consommation :<\/strong><\/h4>\n<ul data-start=\"1527\" data-end=\"1695\">\n<li data-start=\"1527\" data-end=\"1566\">\n<p data-start=\"1529\" data-end=\"1566\"><strong data-start=\"1529\" data-end=\"1551\">Vitesse maximale :<\/strong> <strong data-start=\"1552\" data-end=\"1564\">306 km\/h<\/strong><\/p>\n<\/li>\n<li data-start=\"1567\" data-end=\"1604\">\n<p data-start=\"1569\" data-end=\"1604\"><strong data-start=\"1569\" data-end=\"1585\">0-100 km\/h :<\/strong> <strong data-start=\"1586\" data-end=\"1602\">4,5 secondes<\/strong><\/p>\n<\/li>\n<li data-start=\"1605\" data-end=\"1654\">\n<p data-start=\"1607\" data-end=\"1654\"><strong data-start=\"1607\" data-end=\"1633\">Consommation moyenne :<\/strong> <strong data-start=\"1634\" data-end=\"1652\">18-22 L\/100 km<\/strong><\/p>\n<\/li>\n<li data-start=\"1655\" data-end=\"1695\">\n<p data-start=\"1657\" data-end=\"1695\"><strong data-start=\"1657\" data-end=\"1684\">Capacit\u00e9 du r\u00e9servoir :<\/strong> <strong data-start=\"1685\" data-end=\"1693\">80 L<\/strong><\/p>\n<\/li>\n<\/ul>\n<h4 data-start=\"1697\" data-end=\"1733\"><strong data-start=\"1702\" data-end=\"1731\">\u00c9quipement et Finitions :<\/strong><\/h4>\n<ul data-start=\"1734\" data-end=\"2180\">\n<li data-start=\"1734\" data-end=\"1783\">\n<p data-start=\"1736\" data-end=\"1783\"><strong data-start=\"1736\" data-end=\"1750\">Sellerie :<\/strong> Cuir Connolly de haute qualit\u00e9<\/p>\n<\/li>\n<li data-start=\"1784\" data-end=\"1831\">\n<p data-start=\"1786\" data-end=\"1831\"><strong data-start=\"1786\" data-end=\"1801\">Boiseries :<\/strong> Inserts en aluminium bross\u00e9<\/p>\n<\/li>\n<li data-start=\"1832\" data-end=\"1878\">\n<p data-start=\"1834\" data-end=\"1878\"><strong data-start=\"1834\" data-end=\"1853\">Climatisation :<\/strong> R\u00e9gulation automatique<\/p>\n<\/li>\n<li data-start=\"1879\" data-end=\"1911\">\n<p data-start=\"1881\" data-end=\"1911\"><strong data-start=\"1881\" data-end=\"1905\">Vitres \u00e9lectriques :<\/strong> Oui<\/p>\n<\/li>\n<li data-start=\"1912\" data-end=\"1971\">\n<p data-start=\"1914\" data-end=\"1971\"><strong data-start=\"1914\" data-end=\"1938\">Si\u00e8ges \u00e9lectriques :<\/strong> Oui, avec m\u00e9moire et chauffage<\/p>\n<\/li>\n<li data-start=\"1972\" data-end=\"2026\">\n<p data-start=\"1974\" data-end=\"2026\"><strong data-start=\"1974\" data-end=\"1993\">Syst\u00e8me audio :<\/strong> Aston Martin Premium, radio\/CD<\/p>\n<\/li>\n<li data-start=\"2027\" data-end=\"2081\">\n<p data-start=\"2029\" data-end=\"2081\"><strong data-start=\"2029\" data-end=\"2056\">Fermeture centralis\u00e9e :<\/strong> Oui, avec t\u00e9l\u00e9commande<\/p>\n<\/li>\n<li data-start=\"2082\" data-end=\"2114\">\n<p data-start=\"2084\" data-end=\"2114\"><strong data-start=\"2084\" data-end=\"2108\">Ordinateur de bord :<\/strong> Oui<\/p>\n<\/li>\n<li data-start=\"2115\" data-end=\"2180\">\n<p data-start=\"2117\" data-end=\"2180\"><strong data-start=\"2117\" data-end=\"2134\">\u00c9chappement :<\/strong> Syst\u00e8me sport avec doubles sorties chrom\u00e9es<\/p>\n<\/li>\n<\/ul>\n<h4 data-start=\"2182\" data-end=\"2219\"><strong data-start=\"2187\" data-end=\"2217\">Particularit\u00e9s du Mod\u00e8le :<\/strong><\/h4>\n<ul data-start=\"2220\" data-end=\"2623\">\n<li data-start=\"2220\" data-end=\"2310\">\n<p data-start=\"2222\" data-end=\"2310\">Dernier mod\u00e8le con\u00e7u sous la direction de <strong data-start=\"2264\" data-end=\"2308\">Ford avant l\u2019ind\u00e9pendance d\u2019Aston Martin<\/strong><\/p>\n<\/li>\n<li data-start=\"2311\" data-end=\"2378\">\n<p data-start=\"2313\" data-end=\"2378\">Ch\u00e2ssis en <strong data-start=\"2324\" data-end=\"2348\">aluminium et carbone<\/strong>, technologie issue de la F1<\/p>\n<\/li>\n<li data-start=\"2379\" data-end=\"2452\">\n<p data-start=\"2381\" data-end=\"2452\">Inspir\u00e9 par la <strong data-start=\"2396\" data-end=\"2413\">DB4 GT Zagato<\/strong>, avec un design sign\u00e9 <strong data-start=\"2436\" data-end=\"2450\">Ian Callum<\/strong><\/p>\n<\/li>\n<li data-start=\"2453\" data-end=\"2530\">\n<p data-start=\"2455\" data-end=\"2530\">Utilis\u00e9 comme voiture de <strong data-start=\"2480\" data-end=\"2528\">James Bond dans \u00ab\u00a0Meurs un autre jour\u00a0\u00bb (2002)<\/strong><\/p>\n<\/li>\n<li data-start=\"2531\" data-end=\"2623\">\n<p data-start=\"2533\" data-end=\"2623\">Disponible en <strong data-start=\"2547\" data-end=\"2570\">Vanquish S (520 ch)<\/strong> \u00e0 partir de <strong data-start=\"2583\" data-end=\"2591\">2004<\/strong>, avec performances am\u00e9lior\u00e9es<\/p>\n<\/li>\n<\/ul>\n<h4 data-start=\"2625\" data-end=\"2662\"><strong data-start=\"2630\" data-end=\"2660\">Valeur et Collectibilit\u00e9 :<\/strong><\/h4>\n<ul data-start=\"2663\" data-end=\"3023\">\n<li data-start=\"2663\" data-end=\"2752\">\n<p data-start=\"2665\" data-end=\"2752\"><strong data-start=\"2665\" data-end=\"2685\">Mod\u00e8le recherch\u00e9<\/strong>, surtout en <strong data-start=\"2698\" data-end=\"2750\">bo\u00eete s\u00e9quentielle am\u00e9lior\u00e9e (mod\u00e8les post-2004)<\/strong><\/p>\n<\/li>\n<li data-start=\"2753\" data-end=\"2849\">\n<p data-start=\"2755\" data-end=\"2849\">Valeur en <strong data-start=\"2765\" data-end=\"2775\">hausse<\/strong>, en raison de son statut de <strong data-start=\"2804\" data-end=\"2847\">pr\u00e9curseur des GT modernes Aston Martin<\/strong><\/p>\n<\/li>\n<li data-start=\"2850\" data-end=\"2938\">\n<p data-start=\"2852\" data-end=\"2938\">Exemplaires bien entretenus avec <strong data-start=\"2885\" data-end=\"2905\">historique clair<\/strong> pris\u00e9s par les collectionneurs<\/p>\n<\/li>\n<li data-start=\"2939\" data-end=\"3023\">\n<p data-start=\"2941\" data-end=\"3023\"><strong data-start=\"2941\" data-end=\"2971\">Alternative plus abordable<\/strong> que la Vanquish S, mais toujours tr\u00e8s performante<\/p>\n<\/li>\n<\/ul>","protected":false},"excerpt":{"rendered":"<p>Fiche Technique \u2013 2005 Aston Martin Vanquish (LHD) Informations G\u00e9n\u00e9rales : Marque : Aston Martin Mod\u00e8le : Vanquish Ann\u00e9e : [&hellip;]<\/p>","protected":false},"featured_media":1025,"comment_status":"open","ping_status":"closed","template":"","meta":{"_uag_custom_page_level_css":"","site-sidebar-layout":"default","site-content-layout":"","ast-site-content-layout":"default","site-content-style":"default","site-sidebar-style":"default","ast-global-header-display":"","ast-banner-title-visibility":"","ast-main-header-display":"","ast-hfb-above-header-display":"","ast-hfb-below-header-display":"","ast-hfb-mobile-header-display":"","site-post-title":"","ast-breadcrumbs-content":"","ast-featured-img":"","footer-sml-layout":"","ast-disable-related-posts":"","theme-transparent-header-meta":"default","adv-header-id-meta":"","stick-header-meta":"","header-above-stick-meta":"","header-main-stick-meta":"","header-below-stick-meta":"","astra-migrate-meta-layouts":"set","ast-page-background-enabled":"default","ast-page-background-meta":{"desktop":{"background-color":"var(--ast-global-color-4)","background-image":"","background-repeat":"repeat","background-position":"center center","background-size":"auto","background-attachment":"scroll","background-type":"","background-media":"","overlay-type":"","overlay-color":"","overlay-opacity":"","overlay-gradient":""},"tablet":{"background-color":"","background-image":"","background-repeat":"repeat","background-position":"center center","background-size":"auto","background-attachment":"scroll","background-type":"","background-media":"","overlay-type":"","overlay-color":"","overlay-opacity":"","overlay-gradient":""},"mobile":{"background-color":"","background-image":"","background-repeat":"repeat","background-position":"center center","background-size":"auto","background-attachment":"scroll","background-type":"","background-media":"","overlay-type":"","overlay-color":"","overlay-opacity":"","overlay-gradient":""}},"ast-content-background-meta":{"desktop":{"background-color":"var(--ast-global-color-5)","background-image":"","background-repeat":"repeat","background-position":"center center","background-size":"auto","background-attachment":"scroll","background-type":"","background-media":"","overlay-type":"","overlay-color":"","overlay-opacity":"","overlay-gradient":""},"tablet":{"background-color":"var(--ast-global-color-5)","background-image":"","background-repeat":"repeat","background-position":"center center","background-size":"auto","background-attachment":"scroll","background-type":"","background-media":"","overlay-type":"","overlay-color":"","overlay-opacity":"","overlay-gradient":""},"mobile":{"background-color":"var(--ast-global-color-5)","background-image":"","background-repeat":"repeat","background-position":"center center","background-size":"auto","background-attachment":"scroll","background-type":"","background-media":"","overlay-type":"","overlay-color":"","overlay-opacity":"","overlay-gradient":""}}},"product_brand":[],"product_cat":[21],"product_tag":[],"class_list":{"0":"post-882","1":"product","2":"type-product","3":"status-publish","4":"has-post-thumbnail","6":"product_cat-aston-martin","7":"desktop-align-left","8":"tablet-align-left","9":"mobile-align-left","11":"first","12":"instock","13":"shipping-taxable","14":"purchasable","15":"product-type-simple"},"aioseo_notices":[],"uagb_featured_image_src":{"full":["https:\/\/albionclassiccars.com\/wp-content\/uploads\/2025\/06\/2bGaIjtrRXXbn0WbEPEd5pUEY4fsJfFG7dxYWTbG-Modifie.jpg",2000,1333,false],"thumbnail":["https:\/\/albionclassiccars.com\/wp-content\/uploads\/2025\/06\/2bGaIjtrRXXbn0WbEPEd5pUEY4fsJfFG7dxYWTbG-Modifie-150x150.jpg",150,150,true],"medium":["https:\/\/albionclassiccars.com\/wp-content\/uploads\/2025\/06\/2bGaIjtrRXXbn0WbEPEd5pUEY4fsJfFG7dxYWTbG-Modifie-300x200.jpg",300,200,true],"medium_large":["https:\/\/albionclassiccars.com\/wp-content\/uploads\/2025\/06\/2bGaIjtrRXXbn0WbEPEd5pUEY4fsJfFG7dxYWTbG-Modifie-768x512.jpg",768,512,true],"large":["https:\/\/albionclassiccars.com\/wp-content\/uploads\/2025\/06\/2bGaIjtrRXXbn0WbEPEd5pUEY4fsJfFG7dxYWTbG-Modifie-1024x682.jpg",1024,682,true],"1536x1536":["https:\/\/albionclassiccars.com\/wp-content\/uploads\/2025\/06\/2bGaIjtrRXXbn0WbEPEd5pUEY4fsJfFG7dxYWTbG-Modifie-1536x1024.jpg",1536,1024,true],"2048x2048":["https:\/\/albionclassiccars.com\/wp-content\/uploads\/2025\/06\/2bGaIjtrRXXbn0WbEPEd5pUEY4fsJfFG7dxYWTbG-Modifie.jpg",2000,1333,false],"trp-custom-language-flag":["https:\/\/albionclassiccars.com\/wp-content\/uploads\/2025\/06\/2bGaIjtrRXXbn0WbEPEd5pUEY4fsJfFG7dxYWTbG-Modifie.jpg",18,12,false],"woocommerce_thumbnail":["https:\/\/albionclassiccars.com\/wp-content\/uploads\/2025\/06\/2bGaIjtrRXXbn0WbEPEd5pUEY4fsJfFG7dxYWTbG-Modifie.jpg",2000,1333,false],"woocommerce_single":["https:\/\/albionclassiccars.com\/wp-content\/uploads\/2025\/06\/2bGaIjtrRXXbn0WbEPEd5pUEY4fsJfFG7dxYWTbG-Modifie.jpg",2000,1333,false],"woocommerce_gallery_thumbnail":["https:\/\/albionclassiccars.com\/wp-content\/uploads\/2025\/06\/2bGaIjtrRXXbn0WbEPEd5pUEY4fsJfFG7dxYWTbG-Modifie-100x100.jpg",100,100,true]},"uagb_author_info":{"display_name":"williamal.labis@gmail.com","author_link":"https:\/\/albionclassiccars.com\/en\/author\/"},"uagb_comment_info":0,"uagb_excerpt":"Fiche Technique \u2013 2005 Aston Martin Vanquish (LHD) Informations G\u00e9n\u00e9rales : Marque : Aston Martin Mod\u00e8le : Vanquish Ann\u00e9e : [&hellip;]","_links":{"self":[{"href":"https:\/\/albionclassiccars.com\/en\/wp-json\/wp\/v2\/product\/882","targetHints":{"allow":["GET"]}}],"collection":[{"href":"https:\/\/albionclassiccars.com\/en\/wp-json\/wp\/v2\/product"}],"about":[{"href":"https:\/\/albionclassiccars.com\/en\/wp-json\/wp\/v2\/types\/product"}],"replies":[{"embeddable":true,"href":"https:\/\/albionclassiccars.com\/en\/wp-json\/wp\/v2\/comments?post=882"}],"wp:featuredmedia":[{"embeddable":true,"href":"https:\/\/albionclassiccars.com\/en\/wp-json\/wp\/v2\/media\/1025"}],"wp:attachment":[{"href":"https:\/\/albionclassiccars.com\/en\/wp-json\/wp\/v2\/media?parent=882"}],"wp:term":[{"taxonomy":"product_brand","embeddable":true,"href":"https:\/\/albionclassiccars.com\/en\/wp-json\/wp\/v2\/product_brand?post=882"},{"taxonomy":"product_cat","embeddable":true,"href":"https:\/\/albionclassiccars.com\/en\/wp-json\/wp\/v2\/product_cat?post=882"},{"taxonomy":"product_tag","embeddable":true,"href":"https:\/\/albionclassiccars.com\/en\/wp-json\/wp\/v2\/product_tag?post=882"}],"curies":[{"name":"wp","href":"https:\/\/api.w.org\/{rel}","templated":true}]}}