{"id":864,"date":"2025-06-04T16:30:01","date_gmt":"2025-06-04T16:30:01","guid":{"rendered":"https:\/\/albionclassiccars.com\/?post_type=product&#038;p=864"},"modified":"2025-09-30T20:57:28","modified_gmt":"2025-09-30T20:57:28","slug":"2004-bentley-arnage-t-mulliner","status":"publish","type":"product","link":"https:\/\/albionclassiccars.com\/en\/product\/2004-bentley-arnage-t-mulliner\/","title":{"rendered":"2004 Bentley Arnage T Mulliner"},"content":{"rendered":"<h3 data-start=\"0\" data-end=\"64\"><strong data-start=\"4\" data-end=\"62\">Fiche Technique \u2013 2004 Bentley Arnage T Mulliner (RHD)<\/strong><\/h3>\n<h4 data-start=\"66\" data-end=\"101\"><strong data-start=\"71\" data-end=\"99\">General information :<\/strong><\/h4>\n<ul data-start=\"102\" data-end=\"318\">\n<li data-start=\"102\" data-end=\"126\">\n<p data-start=\"104\" data-end=\"126\"><strong data-start=\"104\" data-end=\"116\">Marque :<\/strong> Bentley<\/p>\n<\/li>\n<li data-start=\"127\" data-end=\"161\">\n<p data-start=\"129\" data-end=\"161\"><strong data-start=\"129\" data-end=\"141\">Mod\u00e8le :<\/strong> Arnage T Mulliner<\/p>\n<\/li>\n<li data-start=\"162\" data-end=\"182\">\n<p data-start=\"164\" data-end=\"182\"><strong data-start=\"164\" data-end=\"175\">Ann\u00e9e :<\/strong> 2004<\/p>\n<\/li>\n<li data-start=\"183\" data-end=\"228\">\n<p data-start=\"185\" data-end=\"228\"><strong data-start=\"185\" data-end=\"198\">Version :<\/strong> <strong data-start=\"199\" data-end=\"226\">Conduite \u00e0 droite (RHD)<\/strong><\/p>\n<\/li>\n<li data-start=\"229\" data-end=\"266\">\n<p data-start=\"231\" data-end=\"266\"><strong data-start=\"231\" data-end=\"248\">Carrosserie :<\/strong> Berline de luxe<\/p>\n<\/li>\n<li data-start=\"267\" data-end=\"295\">\n<p data-start=\"269\" data-end=\"295\"><strong data-start=\"269\" data-end=\"291\">Nombre de portes :<\/strong> 4<\/p>\n<\/li>\n<li data-start=\"296\" data-end=\"318\">\n<p data-start=\"298\" data-end=\"318\"><strong data-start=\"298\" data-end=\"310\">Places :<\/strong> 4 \u00e0 5<\/p>\n<\/li>\n<\/ul>\n<h4 data-start=\"320\" data-end=\"355\"><strong data-start=\"325\" data-end=\"353\">Moteur et Performances :<\/strong><\/h4>\n<ul data-start=\"356\" data-end=\"689\">\n<li data-start=\"356\" data-end=\"391\">\n<p data-start=\"358\" data-end=\"391\"><strong data-start=\"358\" data-end=\"378\">Type de moteur :<\/strong> V8 biturbo<\/p>\n<\/li>\n<li data-start=\"392\" data-end=\"433\">\n<p data-start=\"394\" data-end=\"433\"><strong data-start=\"394\" data-end=\"409\">Cylindr\u00e9e :<\/strong> <strong data-start=\"410\" data-end=\"431\">6.75 L (6750 cm\u00b3)<\/strong><\/p>\n<\/li>\n<li data-start=\"434\" data-end=\"490\">\n<p data-start=\"436\" data-end=\"490\"><strong data-start=\"436\" data-end=\"454\">Alimentation :<\/strong> Injection \u00e9lectronique multipoint<\/p>\n<\/li>\n<li data-start=\"491\" data-end=\"536\">\n<p data-start=\"493\" data-end=\"536\"><strong data-start=\"493\" data-end=\"508\">Puissance :<\/strong> <strong data-start=\"509\" data-end=\"519\">456 ch<\/strong> \u00e0 4 100 tr\/min<\/p>\n<\/li>\n<li data-start=\"537\" data-end=\"579\">\n<p data-start=\"539\" data-end=\"579\"><strong data-start=\"539\" data-end=\"551\">Couple :<\/strong> <strong data-start=\"552\" data-end=\"562\">875 Nm<\/strong> \u00e0 3 250 tr\/min<\/p>\n<\/li>\n<li data-start=\"580\" data-end=\"623\">\n<p data-start=\"582\" data-end=\"623\"><strong data-start=\"582\" data-end=\"600\">Transmission :<\/strong> <strong data-start=\"601\" data-end=\"621\">Propulsion (RWD)<\/strong><\/p>\n<\/li>\n<li data-start=\"624\" data-end=\"689\">\n<p data-start=\"626\" data-end=\"651\"><strong data-start=\"626\" data-end=\"649\">Bo\u00eete de vitesses :<\/strong><\/p>\n<ul data-start=\"654\" data-end=\"689\">\n<li data-start=\"654\" data-end=\"689\">\n<p data-start=\"656\" data-end=\"689\"><strong data-start=\"656\" data-end=\"687\">Automatique ZF \u00e0 4 rapports<\/strong><\/p>\n<\/li>\n<\/ul>\n<\/li>\n<\/ul>\n<h4 data-start=\"691\" data-end=\"723\"><strong data-start=\"696\" data-end=\"721\">Dimensions et Poids :<\/strong><\/h4>\n<ul data-start=\"724\" data-end=\"880\">\n<li data-start=\"724\" data-end=\"753\">\n<p data-start=\"726\" data-end=\"753\"><strong data-start=\"726\" data-end=\"740\">Longueur :<\/strong> <strong data-start=\"741\" data-end=\"751\">5,40 m<\/strong><\/p>\n<\/li>\n<li data-start=\"754\" data-end=\"782\">\n<p data-start=\"756\" data-end=\"782\"><strong data-start=\"756\" data-end=\"769\">Largeur :<\/strong> <strong data-start=\"770\" data-end=\"780\">1,90 m<\/strong><\/p>\n<\/li>\n<li data-start=\"783\" data-end=\"811\">\n<p data-start=\"785\" data-end=\"811\"><strong data-start=\"785\" data-end=\"798\">Hauteur :<\/strong> <strong data-start=\"799\" data-end=\"809\">1,52 m<\/strong><\/p>\n<\/li>\n<li data-start=\"812\" data-end=\"844\">\n<p data-start=\"814\" data-end=\"844\"><strong data-start=\"814\" data-end=\"831\">Empattement :<\/strong> <strong data-start=\"832\" data-end=\"842\">3,11 m<\/strong><\/p>\n<\/li>\n<li data-start=\"845\" data-end=\"880\">\n<p data-start=\"847\" data-end=\"880\"><strong data-start=\"847\" data-end=\"865\">Poids \u00e0 vide :<\/strong> <strong data-start=\"866\" data-end=\"878\">2 570 kg<\/strong><\/p>\n<\/li>\n<\/ul>\n<h4 data-start=\"882\" data-end=\"916\"><strong data-start=\"887\" data-end=\"914\">Ch\u00e2ssis et Suspension :<\/strong><\/h4>\n<ul data-start=\"917\" data-end=\"1292\">\n<li data-start=\"917\" data-end=\"970\">\n<p data-start=\"919\" data-end=\"970\"><strong data-start=\"919\" data-end=\"940\">Type de ch\u00e2ssis :<\/strong> Monocoque en acier renforc\u00e9<\/p>\n<\/li>\n<li data-start=\"971\" data-end=\"1061\">\n<p data-start=\"973\" data-end=\"1061\"><strong data-start=\"973\" data-end=\"995\">Suspension avant :<\/strong> Ind\u00e9pendante, double triangulation avec amortisseurs adaptatifs<\/p>\n<\/li>\n<li data-start=\"1062\" data-end=\"1156\">\n<p data-start=\"1064\" data-end=\"1156\"><strong data-start=\"1064\" data-end=\"1088\">Suspension arri\u00e8re :<\/strong> Ind\u00e9pendante avec correcteur d&rsquo;assiette et barres stabilisatrices<\/p>\n<\/li>\n<li data-start=\"1157\" data-end=\"1238\">\n<p data-start=\"1159\" data-end=\"1173\"><strong data-start=\"1159\" data-end=\"1171\">Freins :<\/strong><\/p>\n<ul data-start=\"1176\" data-end=\"1238\">\n<li data-start=\"1176\" data-end=\"1217\">\n<p data-start=\"1178\" data-end=\"1217\"><strong data-start=\"1178\" data-end=\"1215\">Disques ventil\u00e9s aux quatre roues<\/strong><\/p>\n<\/li>\n<li data-start=\"1220\" data-end=\"1238\">\n<p data-start=\"1222\" data-end=\"1238\"><strong data-start=\"1222\" data-end=\"1236\">ABS et ESP<\/strong><\/p>\n<\/li>\n<\/ul>\n<\/li>\n<li data-start=\"1239\" data-end=\"1292\">\n<p data-start=\"1241\" data-end=\"1292\"><strong data-start=\"1241\" data-end=\"1256\">Direction :<\/strong> Assist\u00e9e et \u00e0 assistance variable<\/p>\n<\/li>\n<\/ul>\n<h4 data-start=\"1294\" data-end=\"1335\"><strong data-start=\"1299\" data-end=\"1333\">Performances et Consommation :<\/strong><\/h4>\n<ul data-start=\"1336\" data-end=\"1505\">\n<li data-start=\"1336\" data-end=\"1375\">\n<p data-start=\"1338\" data-end=\"1375\"><strong data-start=\"1338\" data-end=\"1360\">Vitesse maximale :<\/strong> <strong data-start=\"1361\" data-end=\"1373\">270 km\/h<\/strong><\/p>\n<\/li>\n<li data-start=\"1376\" data-end=\"1413\">\n<p data-start=\"1378\" data-end=\"1413\"><strong data-start=\"1378\" data-end=\"1394\">0-100 km\/h :<\/strong> <strong data-start=\"1395\" data-end=\"1411\">5,5 secondes<\/strong><\/p>\n<\/li>\n<li data-start=\"1414\" data-end=\"1463\">\n<p data-start=\"1416\" data-end=\"1463\"><strong data-start=\"1416\" data-end=\"1442\">Consommation moyenne :<\/strong> <strong data-start=\"1443\" data-end=\"1461\">17-20 L\/100 km<\/strong><\/p>\n<\/li>\n<li data-start=\"1464\" data-end=\"1505\">\n<p data-start=\"1466\" data-end=\"1505\"><strong data-start=\"1466\" data-end=\"1493\">Capacit\u00e9 du r\u00e9servoir :<\/strong> <strong data-start=\"1494\" data-end=\"1503\">100 L<\/strong><\/p>\n<\/li>\n<\/ul>\n<h4 data-start=\"1507\" data-end=\"1543\"><strong data-start=\"1512\" data-end=\"1541\">\u00c9quipement et Finitions :<\/strong><\/h4>\n<ul data-start=\"1544\" data-end=\"2100\">\n<li data-start=\"1544\" data-end=\"1621\">\n<p data-start=\"1546\" data-end=\"1621\"><strong data-start=\"1546\" data-end=\"1560\">Sellerie :<\/strong> Cuir Connolly haut de gamme avec surpiq\u00fbres personnalis\u00e9es<\/p>\n<\/li>\n<li data-start=\"1622\" data-end=\"1700\">\n<p data-start=\"1624\" data-end=\"1700\"><strong data-start=\"1624\" data-end=\"1639\">Boiseries :<\/strong> Inserts en noyer verni, ronce de noyer ou aluminium bross\u00e9<\/p>\n<\/li>\n<li data-start=\"1701\" data-end=\"1784\">\n<p data-start=\"1703\" data-end=\"1784\"><strong data-start=\"1703\" data-end=\"1724\">Tableau de bord :<\/strong> Combin\u00e9 analogique avec instrumentation classique Bentley<\/p>\n<\/li>\n<li data-start=\"1785\" data-end=\"1874\">\n<p data-start=\"1787\" data-end=\"1874\"><strong data-start=\"1787\" data-end=\"1799\">Si\u00e8ges :<\/strong> R\u00e9glables \u00e9lectriquement avec chauffage, ventilation et fonction massage<\/p>\n<\/li>\n<li data-start=\"1875\" data-end=\"1950\">\n<p data-start=\"1877\" data-end=\"1950\"><strong data-start=\"1877\" data-end=\"1896\">Syst\u00e8me audio :<\/strong> Sonorisation haut de gamme Bentley avec changeur CD<\/p>\n<\/li>\n<li data-start=\"1951\" data-end=\"1994\">\n<p data-start=\"1953\" data-end=\"1994\"><strong data-start=\"1953\" data-end=\"1972\">Climatisation :<\/strong> Automatique bi-zone<\/p>\n<\/li>\n<li data-start=\"1995\" data-end=\"2027\">\n<p data-start=\"1997\" data-end=\"2027\"><strong data-start=\"1997\" data-end=\"2015\">Toit ouvrant :<\/strong> Optionnel<\/p>\n<\/li>\n<li data-start=\"2028\" data-end=\"2100\">\n<p data-start=\"2030\" data-end=\"2100\"><strong data-start=\"2030\" data-end=\"2041\">Pneus :<\/strong> Jantes en alliage 19 pouces avec pneus haute performance<\/p>\n<\/li>\n<\/ul>\n<h4 data-start=\"2102\" data-end=\"2139\"><strong data-start=\"2107\" data-end=\"2137\">Particularit\u00e9s du Mod\u00e8le :<\/strong><\/h4>\n<ul data-start=\"2140\" data-end=\"2665\">\n<li data-start=\"2140\" data-end=\"2233\">\n<p data-start=\"2142\" data-end=\"2233\"><strong data-start=\"2142\" data-end=\"2162\">Version Mulliner<\/strong>, qui propose des finitions sur mesure et un niveau de luxe sup\u00e9rieur<\/p>\n<\/li>\n<li data-start=\"2234\" data-end=\"2347\">\n<p data-start=\"2236\" data-end=\"2347\"><strong data-start=\"2236\" data-end=\"2303\">L\u2019un des derniers Bentley \u00e0 utiliser le l\u00e9gendaire moteur 6.75L<\/strong>, h\u00e9ritage des Rolls-Royce\/Bentley d\u2019antan<\/p>\n<\/li>\n<li data-start=\"2348\" data-end=\"2460\">\n<p data-start=\"2350\" data-end=\"2460\"><strong data-start=\"2350\" data-end=\"2378\">Puissance et raffinement<\/strong>, offrant \u00e0 la fois un confort exceptionnel et des performances impressionnantes<\/p>\n<\/li>\n<li data-start=\"2461\" data-end=\"2587\">\n<p data-start=\"2463\" data-end=\"2587\"><strong data-start=\"2463\" data-end=\"2520\">Une berline de luxe avec des performances de supercar<\/strong>, rivalisant avec certaines Aston Martin et Ferrari de son \u00e9poque<\/p>\n<\/li>\n<li data-start=\"2588\" data-end=\"2665\">\n<p data-start=\"2590\" data-end=\"2665\"><strong data-start=\"2590\" data-end=\"2631\">Int\u00e9rieur enti\u00e8rement personnalisable<\/strong>, chaque exemplaire \u00e9tant unique<\/p>\n<\/li>\n<\/ul>\n<h4 data-start=\"2667\" data-end=\"2704\"><strong data-start=\"2672\" data-end=\"2702\">Valeur et Collectibilit\u00e9 :<\/strong><\/h4>\n<ul data-start=\"2705\" data-end=\"3108\">\n<li data-start=\"2705\" data-end=\"2821\">\n<p data-start=\"2707\" data-end=\"2821\"><strong data-start=\"2707\" data-end=\"2771\">Mod\u00e8le tr\u00e8s appr\u00e9ci\u00e9 des collectionneurs de Bentley modernes<\/strong>, gr\u00e2ce \u00e0 son moteur iconique et son exclusivit\u00e9<\/p>\n<\/li>\n<li data-start=\"2822\" data-end=\"2943\">\n<p data-start=\"2824\" data-end=\"2943\"><strong data-start=\"2824\" data-end=\"2888\">Prix en hausse sur le march\u00e9 des voitures de luxe d\u2019occasion<\/strong>, surtout pour les versions Mulliner bien entretenues<\/p>\n<\/li>\n<li data-start=\"2944\" data-end=\"3023\">\n<p data-start=\"2946\" data-end=\"3023\"><strong data-start=\"2946\" data-end=\"2968\">Un futur classique<\/strong>, avec un potentiel de valorisation sur le long terme<\/p>\n<\/li>\n<li data-start=\"3024\" data-end=\"3108\">\n<p data-start=\"3026\" data-end=\"3108\"><strong data-start=\"3026\" data-end=\"3106\">Id\u00e9al pour un collectionneur ou un passionn\u00e9 de grand tourisme ultra-luxueux<\/strong><\/p>\n<\/li>\n<\/ul>","protected":false},"excerpt":{"rendered":"<p>Fiche Technique \u2013 2004 Bentley Arnage T Mulliner (RHD) Informations G\u00e9n\u00e9rales : Marque : Bentley Mod\u00e8le : Arnage T Mulliner [&hellip;]<\/p>","protected":false},"featured_media":1031,"comment_status":"open","ping_status":"closed","template":"","meta":{"_uag_custom_page_level_css":"","site-sidebar-layout":"default","site-content-layout":"","ast-site-content-layout":"default","site-content-style":"default","site-sidebar-style":"default","ast-global-header-display":"","ast-banner-title-visibility":"","ast-main-header-display":"","ast-hfb-above-header-display":"","ast-hfb-below-header-display":"","ast-hfb-mobile-header-display":"","site-post-title":"","ast-breadcrumbs-content":"","ast-featured-img":"","footer-sml-layout":"","ast-disable-related-posts":"","theme-transparent-header-meta":"default","adv-header-id-meta":"","stick-header-meta":"","header-above-stick-meta":"","header-main-stick-meta":"","header-below-stick-meta":"","astra-migrate-meta-layouts":"set","ast-page-background-enabled":"default","ast-page-background-meta":{"desktop":{"background-color":"var(--ast-global-color-4)","background-image":"","background-repeat":"repeat","background-position":"center center","background-size":"auto","background-attachment":"scroll","background-type":"","background-media":"","overlay-type":"","overlay-color":"","overlay-opacity":"","overlay-gradient":""},"tablet":{"background-color":"","background-image":"","background-repeat":"repeat","background-position":"center center","background-size":"auto","background-attachment":"scroll","background-type":"","background-media":"","overlay-type":"","overlay-color":"","overlay-opacity":"","overlay-gradient":""},"mobile":{"background-color":"","background-image":"","background-repeat":"repeat","background-position":"center center","background-size":"auto","background-attachment":"scroll","background-type":"","background-media":"","overlay-type":"","overlay-color":"","overlay-opacity":"","overlay-gradient":""}},"ast-content-background-meta":{"desktop":{"background-color":"var(--ast-global-color-5)","background-image":"","background-repeat":"repeat","background-position":"center center","background-size":"auto","background-attachment":"scroll","background-type":"","background-media":"","overlay-type":"","overlay-color":"","overlay-opacity":"","overlay-gradient":""},"tablet":{"background-color":"var(--ast-global-color-5)","background-image":"","background-repeat":"repeat","background-position":"center center","background-size":"auto","background-attachment":"scroll","background-type":"","background-media":"","overlay-type":"","overlay-color":"","overlay-opacity":"","overlay-gradient":""},"mobile":{"background-color":"var(--ast-global-color-5)","background-image":"","background-repeat":"repeat","background-position":"center center","background-size":"auto","background-attachment":"scroll","background-type":"","background-media":"","overlay-type":"","overlay-color":"","overlay-opacity":"","overlay-gradient":""}}},"product_brand":[],"product_cat":[22],"product_tag":[],"class_list":{"0":"post-864","1":"product","2":"type-product","3":"status-publish","4":"has-post-thumbnail","6":"product_cat-bentley","7":"desktop-align-left","8":"tablet-align-left","9":"mobile-align-left","11":"first","12":"instock","13":"shipping-taxable","14":"purchasable","15":"product-type-simple"},"aioseo_notices":[],"uagb_featured_image_src":{"full":["https:\/\/albionclassiccars.com\/wp-content\/uploads\/2025\/06\/6-Modifie-scaled.jpg",2560,1920,false],"thumbnail":["https:\/\/albionclassiccars.com\/wp-content\/uploads\/2025\/06\/6-Modifie-150x150.jpg",150,150,true],"medium":["https:\/\/albionclassiccars.com\/wp-content\/uploads\/2025\/06\/6-Modifie-300x225.jpg",300,225,true],"medium_large":["https:\/\/albionclassiccars.com\/wp-content\/uploads\/2025\/06\/6-Modifie-768x576.jpg",768,576,true],"large":["https:\/\/albionclassiccars.com\/wp-content\/uploads\/2025\/06\/6-Modifie-1024x768.jpg",1024,768,true],"1536x1536":["https:\/\/albionclassiccars.com\/wp-content\/uploads\/2025\/06\/6-Modifie-1536x1152.jpg",1536,1152,true],"2048x2048":["https:\/\/albionclassiccars.com\/wp-content\/uploads\/2025\/06\/6-Modifie-2048x1536.jpg",2048,1536,true],"trp-custom-language-flag":["https:\/\/albionclassiccars.com\/wp-content\/uploads\/2025\/06\/6-Modifie-scaled.jpg",16,12,false],"woocommerce_thumbnail":["https:\/\/albionclassiccars.com\/wp-content\/uploads\/2025\/06\/6-Modifie-scaled.jpg",2560,1920,false],"woocommerce_single":["https:\/\/albionclassiccars.com\/wp-content\/uploads\/2025\/06\/6-Modifie-scaled.jpg",2560,1920,false],"woocommerce_gallery_thumbnail":["https:\/\/albionclassiccars.com\/wp-content\/uploads\/2025\/06\/6-Modifie-100x100.jpg",100,100,true]},"uagb_author_info":{"display_name":"williamal.labis@gmail.com","author_link":"https:\/\/albionclassiccars.com\/en\/author\/"},"uagb_comment_info":0,"uagb_excerpt":"Fiche Technique \u2013 2004 Bentley Arnage T Mulliner (RHD) Informations G\u00e9n\u00e9rales : Marque : Bentley Mod\u00e8le : Arnage T Mulliner [&hellip;]","_links":{"self":[{"href":"https:\/\/albionclassiccars.com\/en\/wp-json\/wp\/v2\/product\/864","targetHints":{"allow":["GET"]}}],"collection":[{"href":"https:\/\/albionclassiccars.com\/en\/wp-json\/wp\/v2\/product"}],"about":[{"href":"https:\/\/albionclassiccars.com\/en\/wp-json\/wp\/v2\/types\/product"}],"replies":[{"embeddable":true,"href":"https:\/\/albionclassiccars.com\/en\/wp-json\/wp\/v2\/comments?post=864"}],"wp:featuredmedia":[{"embeddable":true,"href":"https:\/\/albionclassiccars.com\/en\/wp-json\/wp\/v2\/media\/1031"}],"wp:attachment":[{"href":"https:\/\/albionclassiccars.com\/en\/wp-json\/wp\/v2\/media?parent=864"}],"wp:term":[{"taxonomy":"product_brand","embeddable":true,"href":"https:\/\/albionclassiccars.com\/en\/wp-json\/wp\/v2\/product_brand?post=864"},{"taxonomy":"product_cat","embeddable":true,"href":"https:\/\/albionclassiccars.com\/en\/wp-json\/wp\/v2\/product_cat?post=864"},{"taxonomy":"product_tag","embeddable":true,"href":"https:\/\/albionclassiccars.com\/en\/wp-json\/wp\/v2\/product_tag?post=864"}],"curies":[{"name":"wp","href":"https:\/\/api.w.org\/{rel}","templated":true}]}}