{"id":846,"date":"2025-06-03T15:54:28","date_gmt":"2025-06-03T15:54:28","guid":{"rendered":"https:\/\/albionclassiccars.com\/?post_type=product&#038;p=846"},"modified":"2025-09-30T20:56:42","modified_gmt":"2025-09-30T20:56:42","slug":"1994-bentley-turbo-rl-ex-prince-charles","status":"publish","type":"product","link":"https:\/\/albionclassiccars.com\/en\/product\/1994-bentley-turbo-rl-ex-prince-charles\/","title":{"rendered":"1994 Bentley Turbo RL ex-Prince Charles"},"content":{"rendered":"<h3 data-start=\"0\" data-end=\"74\"><strong data-start=\"4\" data-end=\"72\">Fiche Technique \u2013 1994 Bentley Turbo RL (Ex-Prince Charles, RHD)<\/strong><\/h3>\n<h4 data-start=\"76\" data-end=\"111\"><strong data-start=\"81\" data-end=\"109\">General information :<\/strong><\/h4>\n<ul data-start=\"112\" data-end=\"406\">\n<li data-start=\"112\" data-end=\"136\">\n<p data-start=\"114\" data-end=\"136\"><strong data-start=\"114\" data-end=\"126\">Marque :<\/strong> Bentley<\/p>\n<\/li>\n<li data-start=\"137\" data-end=\"162\">\n<p data-start=\"139\" data-end=\"162\"><strong data-start=\"139\" data-end=\"151\">Mod\u00e8le :<\/strong> Turbo RL<\/p>\n<\/li>\n<li data-start=\"163\" data-end=\"183\">\n<p data-start=\"165\" data-end=\"183\"><strong data-start=\"165\" data-end=\"176\">Ann\u00e9e :<\/strong> 1994<\/p>\n<\/li>\n<li data-start=\"184\" data-end=\"242\">\n<p data-start=\"186\" data-end=\"242\"><strong data-start=\"186\" data-end=\"199\">Version :<\/strong> RHD (Right-Hand Drive \u2013 Volant \u00e0 droite)<\/p>\n<\/li>\n<li data-start=\"243\" data-end=\"320\">\n<p data-start=\"245\" data-end=\"320\"><strong data-start=\"245\" data-end=\"271\">Propri\u00e9taire notable :<\/strong> <strong data-start=\"272\" data-end=\"318\">Anciennement d\u00e9tenue par le Prince Charles<\/strong><\/p>\n<\/li>\n<li data-start=\"321\" data-end=\"358\">\n<p data-start=\"323\" data-end=\"358\"><strong data-start=\"323\" data-end=\"340\">Carrosserie :<\/strong> Berline de luxe<\/p>\n<\/li>\n<li data-start=\"359\" data-end=\"387\">\n<p data-start=\"361\" data-end=\"387\"><strong data-start=\"361\" data-end=\"383\">Nombre de portes :<\/strong> 4<\/p>\n<\/li>\n<li data-start=\"388\" data-end=\"406\">\n<p data-start=\"390\" data-end=\"406\"><strong data-start=\"390\" data-end=\"402\">Places :<\/strong> 5<\/p>\n<\/li>\n<\/ul>\n<h4 data-start=\"408\" data-end=\"443\"><strong data-start=\"413\" data-end=\"441\">Moteur et Performances :<\/strong><\/h4>\n<ul data-start=\"444\" data-end=\"818\">\n<li data-start=\"444\" data-end=\"471\">\n<p data-start=\"446\" data-end=\"471\"><strong data-start=\"446\" data-end=\"466\">Type de moteur :<\/strong> V8<\/p>\n<\/li>\n<li data-start=\"472\" data-end=\"509\">\n<p data-start=\"474\" data-end=\"509\"><strong data-start=\"474\" data-end=\"489\">Cylindr\u00e9e :<\/strong> 6.75 L (6750 cm\u00b3)<\/p>\n<\/li>\n<li data-start=\"510\" data-end=\"551\">\n<p data-start=\"512\" data-end=\"551\"><strong data-start=\"512\" data-end=\"529\">Disposition :<\/strong> Longitudinale avant<\/p>\n<\/li>\n<li data-start=\"552\" data-end=\"623\">\n<p data-start=\"554\" data-end=\"623\"><strong data-start=\"554\" data-end=\"572\">Alimentation :<\/strong> Injection \u00e9lectronique, Turbo Garrett AiResearch<\/p>\n<\/li>\n<li data-start=\"624\" data-end=\"662\">\n<p data-start=\"626\" data-end=\"662\"><strong data-start=\"626\" data-end=\"641\">Puissance :<\/strong> Environ 300-325 ch<\/p>\n<\/li>\n<li data-start=\"663\" data-end=\"709\">\n<p data-start=\"665\" data-end=\"709\"><strong data-start=\"665\" data-end=\"677\">Couple :<\/strong> Environ 610 Nm \u00e0 2 200 tr\/min<\/p>\n<\/li>\n<li data-start=\"710\" data-end=\"749\">\n<p data-start=\"712\" data-end=\"749\"><strong data-start=\"712\" data-end=\"730\">Transmission :<\/strong> Propulsion (RWD)<\/p>\n<\/li>\n<li data-start=\"750\" data-end=\"818\">\n<p data-start=\"752\" data-end=\"818\"><strong data-start=\"752\" data-end=\"775\">Bo\u00eete de vitesses :<\/strong> <strong data-start=\"776\" data-end=\"816\">Automatique \u00e0 4 rapports (GM 4L80-E)<\/strong><\/p>\n<\/li>\n<\/ul>\n<h4 data-start=\"820\" data-end=\"852\"><strong data-start=\"825\" data-end=\"850\">Dimensions et Poids :<\/strong><\/h4>\n<ul data-start=\"853\" data-end=\"1032\">\n<li data-start=\"853\" data-end=\"878\">\n<p data-start=\"855\" data-end=\"878\"><strong data-start=\"855\" data-end=\"869\">Longueur :<\/strong> 5,40 m<\/p>\n<\/li>\n<li data-start=\"879\" data-end=\"903\">\n<p data-start=\"881\" data-end=\"903\"><strong data-start=\"881\" data-end=\"894\">Largeur :<\/strong> 1,89 m<\/p>\n<\/li>\n<li data-start=\"904\" data-end=\"928\">\n<p data-start=\"906\" data-end=\"928\"><strong data-start=\"906\" data-end=\"919\">Hauteur :<\/strong> 1,48 m<\/p>\n<\/li>\n<li data-start=\"929\" data-end=\"992\">\n<p data-start=\"931\" data-end=\"992\"><strong data-start=\"931\" data-end=\"948\">Empattement :<\/strong> 3,16 m (version <strong data-start=\"965\" data-end=\"971\">RL<\/strong>, empattement long)<\/p>\n<\/li>\n<li data-start=\"993\" data-end=\"1032\">\n<p data-start=\"995\" data-end=\"1032\"><strong data-start=\"995\" data-end=\"1013\">Poids \u00e0 vide :<\/strong> Environ 2 450 kg<\/p>\n<\/li>\n<\/ul>\n<h4 data-start=\"1034\" data-end=\"1068\"><strong data-start=\"1039\" data-end=\"1066\">Ch\u00e2ssis et Suspension :<\/strong><\/h4>\n<ul data-start=\"1069\" data-end=\"1401\">\n<li data-start=\"1069\" data-end=\"1113\">\n<p data-start=\"1071\" data-end=\"1113\"><strong data-start=\"1071\" data-end=\"1092\">Type de ch\u00e2ssis :<\/strong> Monocoque en acier<\/p>\n<\/li>\n<li data-start=\"1114\" data-end=\"1213\">\n<p data-start=\"1116\" data-end=\"1213\"><strong data-start=\"1116\" data-end=\"1138\">Suspension avant :<\/strong> Ind\u00e9pendante, ressorts h\u00e9lico\u00efdaux, amortisseurs hydrauliques adaptatifs<\/p>\n<\/li>\n<li data-start=\"1214\" data-end=\"1312\">\n<p data-start=\"1216\" data-end=\"1312\"><strong data-start=\"1216\" data-end=\"1240\">Suspension arri\u00e8re :<\/strong> Ind\u00e9pendante, ressorts h\u00e9lico\u00efdaux, correcteur d\u2019assiette automatique<\/p>\n<\/li>\n<li data-start=\"1313\" data-end=\"1372\">\n<p data-start=\"1315\" data-end=\"1372\"><strong data-start=\"1315\" data-end=\"1327\">Freins :<\/strong> Disques ventil\u00e9s aux quatre roues avec ABS<\/p>\n<\/li>\n<li data-start=\"1373\" data-end=\"1401\">\n<p data-start=\"1375\" data-end=\"1401\"><strong data-start=\"1375\" data-end=\"1390\">Direction :<\/strong> Assist\u00e9e<\/p>\n<\/li>\n<\/ul>\n<h4 data-start=\"1403\" data-end=\"1444\"><strong data-start=\"1408\" data-end=\"1442\">Performances et Consommation :<\/strong><\/h4>\n<ul data-start=\"1445\" data-end=\"1614\">\n<li data-start=\"1445\" data-end=\"1488\">\n<p data-start=\"1447\" data-end=\"1488\"><strong data-start=\"1447\" data-end=\"1469\">Vitesse maximale :<\/strong> Environ 225 km\/h<\/p>\n<\/li>\n<li data-start=\"1489\" data-end=\"1530\">\n<p data-start=\"1491\" data-end=\"1530\"><strong data-start=\"1491\" data-end=\"1507\">0-100 km\/h :<\/strong> Environ 6,9 secondes<\/p>\n<\/li>\n<li data-start=\"1531\" data-end=\"1576\">\n<p data-start=\"1533\" data-end=\"1576\"><strong data-start=\"1533\" data-end=\"1559\">Consommation moyenne :<\/strong> 18-22 L\/100 km<\/p>\n<\/li>\n<li data-start=\"1577\" data-end=\"1614\">\n<p data-start=\"1579\" data-end=\"1614\"><strong data-start=\"1579\" data-end=\"1606\">Capacit\u00e9 du r\u00e9servoir :<\/strong> 108 L<\/p>\n<\/li>\n<\/ul>\n<h4 data-start=\"1616\" data-end=\"1652\"><strong data-start=\"1621\" data-end=\"1650\">\u00c9quipement et Finitions :<\/strong><\/h4>\n<ul data-start=\"1653\" data-end=\"2310\">\n<li data-start=\"1653\" data-end=\"1749\">\n<p data-start=\"1655\" data-end=\"1749\"><strong data-start=\"1655\" data-end=\"1669\">Sellerie :<\/strong> Cuir Connolly de haute qualit\u00e9, finition personnalis\u00e9e pour la famille royale<\/p>\n<\/li>\n<li data-start=\"1750\" data-end=\"1794\">\n<p data-start=\"1752\" data-end=\"1794\"><strong data-start=\"1752\" data-end=\"1767\">Boiseries :<\/strong> Ronce de noyer v\u00e9ritable<\/p>\n<\/li>\n<li data-start=\"1795\" data-end=\"1849\">\n<p data-start=\"1797\" data-end=\"1849\"><strong data-start=\"1797\" data-end=\"1816\">Climatisation :<\/strong> R\u00e9gulation automatique bi-zone<\/p>\n<\/li>\n<li data-start=\"1850\" data-end=\"1882\">\n<p data-start=\"1852\" data-end=\"1882\"><strong data-start=\"1852\" data-end=\"1876\">Vitres \u00e9lectriques :<\/strong> Oui<\/p>\n<\/li>\n<li data-start=\"1883\" data-end=\"1942\">\n<p data-start=\"1885\" data-end=\"1942\"><strong data-start=\"1885\" data-end=\"1909\">Si\u00e8ges \u00e9lectriques :<\/strong> Oui, avec m\u00e9moire et chauffage<\/p>\n<\/li>\n<li data-start=\"1943\" data-end=\"1999\">\n<p data-start=\"1945\" data-end=\"1999\"><strong data-start=\"1945\" data-end=\"1964\">Syst\u00e8me audio :<\/strong> Bentley Premium avec changeur CD<\/p>\n<\/li>\n<li data-start=\"2000\" data-end=\"2035\">\n<p data-start=\"2002\" data-end=\"2035\"><strong data-start=\"2002\" data-end=\"2029\">Fermeture centralis\u00e9e :<\/strong> Oui<\/p>\n<\/li>\n<li data-start=\"2036\" data-end=\"2068\">\n<p data-start=\"2038\" data-end=\"2068\"><strong data-start=\"2038\" data-end=\"2062\">Ordinateur de bord :<\/strong> Oui<\/p>\n<\/li>\n<li data-start=\"2069\" data-end=\"2310\">\n<p data-start=\"2071\" data-end=\"2122\"><strong data-start=\"2071\" data-end=\"2120\">\u00c9quipements sp\u00e9cifiques \u00e0 la famille royale :<\/strong><\/p>\n<ul data-start=\"2125\" data-end=\"2310\">\n<li data-start=\"2125\" data-end=\"2171\">\n<p data-start=\"2127\" data-end=\"2171\"><strong data-start=\"2127\" data-end=\"2169\">Feux de courtoisie pour usage officiel<\/strong><\/p>\n<\/li>\n<li data-start=\"2174\" data-end=\"2210\">\n<p data-start=\"2176\" data-end=\"2210\"><strong data-start=\"2176\" data-end=\"2208\">T\u00e9l\u00e9phone embarqu\u00e9 d\u2019origine<\/strong><\/p>\n<\/li>\n<li data-start=\"2213\" data-end=\"2257\">\n<p data-start=\"2215\" data-end=\"2257\"><strong data-start=\"2215\" data-end=\"2255\">Rideaux arri\u00e8re pour plus d\u2019intimit\u00e9<\/strong><\/p>\n<\/li>\n<li data-start=\"2260\" data-end=\"2310\">\n<p data-start=\"2262\" data-end=\"2310\"><strong data-start=\"2262\" data-end=\"2308\">Plaques d\u2019identification Bentley sp\u00e9ciales<\/strong><\/p>\n<\/li>\n<\/ul>\n<\/li>\n<\/ul>\n<h4 data-start=\"2312\" data-end=\"2376\"><strong data-start=\"2317\" data-end=\"2374\">Particularit\u00e9s de cette Version (Ex-Prince Charles) :<\/strong><\/h4>\n<ul data-start=\"2377\" data-end=\"2603\">\n<li data-start=\"2377\" data-end=\"2466\">\n<p data-start=\"2379\" data-end=\"2466\">V\u00e9hicule ayant appartenu \u00e0 <strong data-start=\"2406\" data-end=\"2464\">Sa Majest\u00e9 le Roi Charles III (alors Prince de Galles)<\/strong><\/p>\n<\/li>\n<li data-start=\"2467\" data-end=\"2534\">\n<p data-start=\"2469\" data-end=\"2534\">Mod\u00e8le sur-mesure avec des \u00e9quipements sp\u00e9cifiques \u00e0 la royaut\u00e9<\/p>\n<\/li>\n<li data-start=\"2535\" data-end=\"2603\">\n<p data-start=\"2537\" data-end=\"2603\">Historique prestigieux, ajoutant une grande valeur de collection<\/p>\n<\/li>\n<\/ul>\n<h4 data-start=\"2605\" data-end=\"2642\"><strong data-start=\"2610\" data-end=\"2640\">Valeur et Collectibilit\u00e9 :<\/strong><\/h4>\n<ul data-start=\"2643\" data-end=\"2866\">\n<li data-start=\"2643\" data-end=\"2726\">\n<p data-start=\"2645\" data-end=\"2726\">V\u00e9hicule <strong data-start=\"2654\" data-end=\"2677\">hautement recherch\u00e9<\/strong> en raison de son <strong data-start=\"2695\" data-end=\"2724\">ancien propri\u00e9taire royal<\/strong><\/p>\n<\/li>\n<li data-start=\"2727\" data-end=\"2811\">\n<p data-start=\"2729\" data-end=\"2811\">Excellente opportunit\u00e9 pour les collectionneurs de v\u00e9hicules Bentley historiques<\/p>\n<\/li>\n<li data-start=\"2812\" data-end=\"2866\">\n<p data-start=\"2814\" data-end=\"2866\">Valeur en augmentation gr\u00e2ce \u00e0 son pedigree unique<\/p>\n<\/li>\n<\/ul>","protected":false},"excerpt":{"rendered":"<p>Fiche Technique \u2013 1994 Bentley Turbo RL (Ex-Prince Charles, RHD) Informations G\u00e9n\u00e9rales : Marque : Bentley Mod\u00e8le : Turbo RL [&hellip;]<\/p>","protected":false},"featured_media":1036,"comment_status":"open","ping_status":"closed","template":"","meta":{"_uag_custom_page_level_css":"","site-sidebar-layout":"default","site-content-layout":"","ast-site-content-layout":"default","site-content-style":"default","site-sidebar-style":"default","ast-global-header-display":"","ast-banner-title-visibility":"","ast-main-header-display":"","ast-hfb-above-header-display":"","ast-hfb-below-header-display":"","ast-hfb-mobile-header-display":"","site-post-title":"","ast-breadcrumbs-content":"","ast-featured-img":"","footer-sml-layout":"","ast-disable-related-posts":"","theme-transparent-header-meta":"default","adv-header-id-meta":"","stick-header-meta":"","header-above-stick-meta":"","header-main-stick-meta":"","header-below-stick-meta":"","astra-migrate-meta-layouts":"set","ast-page-background-enabled":"default","ast-page-background-meta":{"desktop":{"background-color":"var(--ast-global-color-4)","background-image":"","background-repeat":"repeat","background-position":"center center","background-size":"auto","background-attachment":"scroll","background-type":"","background-media":"","overlay-type":"","overlay-color":"","overlay-opacity":"","overlay-gradient":""},"tablet":{"background-color":"","background-image":"","background-repeat":"repeat","background-position":"center center","background-size":"auto","background-attachment":"scroll","background-type":"","background-media":"","overlay-type":"","overlay-color":"","overlay-opacity":"","overlay-gradient":""},"mobile":{"background-color":"","background-image":"","background-repeat":"repeat","background-position":"center center","background-size":"auto","background-attachment":"scroll","background-type":"","background-media":"","overlay-type":"","overlay-color":"","overlay-opacity":"","overlay-gradient":""}},"ast-content-background-meta":{"desktop":{"background-color":"var(--ast-global-color-5)","background-image":"","background-repeat":"repeat","background-position":"center center","background-size":"auto","background-attachment":"scroll","background-type":"","background-media":"","overlay-type":"","overlay-color":"","overlay-opacity":"","overlay-gradient":""},"tablet":{"background-color":"var(--ast-global-color-5)","background-image":"","background-repeat":"repeat","background-position":"center center","background-size":"auto","background-attachment":"scroll","background-type":"","background-media":"","overlay-type":"","overlay-color":"","overlay-opacity":"","overlay-gradient":""},"mobile":{"background-color":"var(--ast-global-color-5)","background-image":"","background-repeat":"repeat","background-position":"center center","background-size":"auto","background-attachment":"scroll","background-type":"","background-media":"","overlay-type":"","overlay-color":"","overlay-opacity":"","overlay-gradient":""}}},"product_brand":[],"product_cat":[22],"product_tag":[],"class_list":{"0":"post-846","1":"product","2":"type-product","3":"status-publish","4":"has-post-thumbnail","6":"product_cat-bentley","7":"desktop-align-left","8":"tablet-align-left","9":"mobile-align-left","11":"first","12":"instock","13":"shipping-taxable","14":"purchasable","15":"product-type-simple"},"aioseo_notices":[],"uagb_featured_image_src":{"full":["https:\/\/albionclassiccars.com\/wp-content\/uploads\/2025\/06\/IMG_20190107_085451-Modifie-scaled.jpg",2560,1920,false],"thumbnail":["https:\/\/albionclassiccars.com\/wp-content\/uploads\/2025\/06\/IMG_20190107_085451-Modifie-150x150.jpg",150,150,true],"medium":["https:\/\/albionclassiccars.com\/wp-content\/uploads\/2025\/06\/IMG_20190107_085451-Modifie-300x225.jpg",300,225,true],"medium_large":["https:\/\/albionclassiccars.com\/wp-content\/uploads\/2025\/06\/IMG_20190107_085451-Modifie-768x576.jpg",768,576,true],"large":["https:\/\/albionclassiccars.com\/wp-content\/uploads\/2025\/06\/IMG_20190107_085451-Modifie-1024x768.jpg",1024,768,true],"1536x1536":["https:\/\/albionclassiccars.com\/wp-content\/uploads\/2025\/06\/IMG_20190107_085451-Modifie-1536x1152.jpg",1536,1152,true],"2048x2048":["https:\/\/albionclassiccars.com\/wp-content\/uploads\/2025\/06\/IMG_20190107_085451-Modifie-2048x1536.jpg",2048,1536,true],"trp-custom-language-flag":["https:\/\/albionclassiccars.com\/wp-content\/uploads\/2025\/06\/IMG_20190107_085451-Modifie-scaled.jpg",16,12,false],"woocommerce_thumbnail":["https:\/\/albionclassiccars.com\/wp-content\/uploads\/2025\/06\/IMG_20190107_085451-Modifie-4000x3000.jpg",4000,3000,true],"woocommerce_single":["https:\/\/albionclassiccars.com\/wp-content\/uploads\/2025\/06\/IMG_20190107_085451-Modifie-4000x3000.jpg",4000,3000,true],"woocommerce_gallery_thumbnail":["https:\/\/albionclassiccars.com\/wp-content\/uploads\/2025\/06\/IMG_20190107_085451-Modifie-100x100.jpg",100,100,true]},"uagb_author_info":{"display_name":"williamal.labis@gmail.com","author_link":"https:\/\/albionclassiccars.com\/en\/author\/"},"uagb_comment_info":0,"uagb_excerpt":"Fiche Technique \u2013 1994 Bentley Turbo RL (Ex-Prince Charles, RHD) Informations G\u00e9n\u00e9rales : Marque : Bentley Mod\u00e8le : Turbo RL [&hellip;]","_links":{"self":[{"href":"https:\/\/albionclassiccars.com\/en\/wp-json\/wp\/v2\/product\/846","targetHints":{"allow":["GET"]}}],"collection":[{"href":"https:\/\/albionclassiccars.com\/en\/wp-json\/wp\/v2\/product"}],"about":[{"href":"https:\/\/albionclassiccars.com\/en\/wp-json\/wp\/v2\/types\/product"}],"replies":[{"embeddable":true,"href":"https:\/\/albionclassiccars.com\/en\/wp-json\/wp\/v2\/comments?post=846"}],"wp:featuredmedia":[{"embeddable":true,"href":"https:\/\/albionclassiccars.com\/en\/wp-json\/wp\/v2\/media\/1036"}],"wp:attachment":[{"href":"https:\/\/albionclassiccars.com\/en\/wp-json\/wp\/v2\/media?parent=846"}],"wp:term":[{"taxonomy":"product_brand","embeddable":true,"href":"https:\/\/albionclassiccars.com\/en\/wp-json\/wp\/v2\/product_brand?post=846"},{"taxonomy":"product_cat","embeddable":true,"href":"https:\/\/albionclassiccars.com\/en\/wp-json\/wp\/v2\/product_cat?post=846"},{"taxonomy":"product_tag","embeddable":true,"href":"https:\/\/albionclassiccars.com\/en\/wp-json\/wp\/v2\/product_tag?post=846"}],"curies":[{"name":"wp","href":"https:\/\/api.w.org\/{rel}","templated":true}]}}