{"id":795,"date":"2025-06-03T15:04:19","date_gmt":"2025-06-03T15:04:19","guid":{"rendered":"https:\/\/albionclassiccars.com\/?post_type=product&#038;p=795"},"modified":"2025-09-30T20:52:12","modified_gmt":"2025-09-30T20:52:12","slug":"1991-aston-martin-virage-coupe-manual-zf-bucks-green","status":"publish","type":"product","link":"https:\/\/albionclassiccars.com\/en\/product\/1991-aston-martin-virage-coupe-manual-zf-bucks-green\/","title":{"rendered":"1991 Aston Martin Virage Coupe Manual ZF Bucks Green"},"content":{"rendered":"<h3 data-start=\"0\" data-end=\"87\"><strong data-start=\"4\" data-end=\"85\">Fiche Technique \u2013 1991 Aston Martin Virage Coup\u00e9 Manual ZF (Bucks Green, LHD)<\/strong><\/h3>\n<h4 data-start=\"89\" data-end=\"124\"><strong data-start=\"94\" data-end=\"122\">General information :<\/strong><\/h4>\n<ul data-start=\"125\" data-end=\"461\">\n<li data-start=\"125\" data-end=\"154\">\n<p data-start=\"127\" data-end=\"154\"><strong data-start=\"127\" data-end=\"139\">Marque :<\/strong> Aston Martin<\/p>\n<\/li>\n<li data-start=\"155\" data-end=\"184\">\n<p data-start=\"157\" data-end=\"184\"><strong data-start=\"157\" data-end=\"169\">Mod\u00e8le :<\/strong> Virage Coup\u00e9<\/p>\n<\/li>\n<li data-start=\"185\" data-end=\"205\">\n<p data-start=\"187\" data-end=\"205\"><strong data-start=\"187\" data-end=\"198\">Ann\u00e9e :<\/strong> 1991<\/p>\n<\/li>\n<li data-start=\"206\" data-end=\"251\">\n<p data-start=\"208\" data-end=\"251\"><strong data-start=\"208\" data-end=\"221\">Version :<\/strong> <strong data-start=\"222\" data-end=\"249\">Conduite \u00e0 gauche (LHD)<\/strong><\/p>\n<\/li>\n<li data-start=\"252\" data-end=\"308\">\n<p data-start=\"254\" data-end=\"308\"><strong data-start=\"254\" data-end=\"277\">Bo\u00eete de vitesses :<\/strong> <strong data-start=\"278\" data-end=\"306\">Manuelle ZF \u00e0 5 rapports<\/strong><\/p>\n<\/li>\n<li data-start=\"309\" data-end=\"368\">\n<p data-start=\"311\" data-end=\"368\"><strong data-start=\"311\" data-end=\"335\">Couleur ext\u00e9rieure :<\/strong> <strong data-start=\"336\" data-end=\"351\">Bucks Green<\/strong> (Vert profond)<\/p>\n<\/li>\n<li data-start=\"369\" data-end=\"411\">\n<p data-start=\"371\" data-end=\"411\"><strong data-start=\"371\" data-end=\"388\">Carrosserie :<\/strong> Coup\u00e9 Grand Tourisme<\/p>\n<\/li>\n<li data-start=\"412\" data-end=\"440\">\n<p data-start=\"414\" data-end=\"440\"><strong data-start=\"414\" data-end=\"436\">Nombre de portes :<\/strong> 2<\/p>\n<\/li>\n<li data-start=\"441\" data-end=\"461\">\n<p data-start=\"443\" data-end=\"461\"><strong data-start=\"443\" data-end=\"455\">Places :<\/strong> 2+2<\/p>\n<\/li>\n<\/ul>\n<h4 data-start=\"463\" data-end=\"498\"><strong data-start=\"468\" data-end=\"496\">Moteur et Performances :<\/strong><\/h4>\n<ul data-start=\"499\" data-end=\"869\">\n<li data-start=\"499\" data-end=\"526\">\n<p data-start=\"501\" data-end=\"526\"><strong data-start=\"501\" data-end=\"521\">Type de moteur :<\/strong> V8<\/p>\n<\/li>\n<li data-start=\"527\" data-end=\"563\">\n<p data-start=\"529\" data-end=\"563\"><strong data-start=\"529\" data-end=\"544\">Cylindr\u00e9e :<\/strong> 5.3 L (5340 cm\u00b3)<\/p>\n<\/li>\n<li data-start=\"564\" data-end=\"605\">\n<p data-start=\"566\" data-end=\"605\"><strong data-start=\"566\" data-end=\"583\">Disposition :<\/strong> Longitudinale avant<\/p>\n<\/li>\n<li data-start=\"606\" data-end=\"665\">\n<p data-start=\"608\" data-end=\"665\"><strong data-start=\"608\" data-end=\"626\">Alimentation :<\/strong> Injection \u00e9lectronique Weber-Marelli<\/p>\n<\/li>\n<li data-start=\"666\" data-end=\"719\">\n<p data-start=\"668\" data-end=\"719\"><strong data-start=\"668\" data-end=\"683\">Puissance :<\/strong> Environ <strong data-start=\"692\" data-end=\"702\">330 ch<\/strong> \u00e0 5 300 tr\/min<\/p>\n<\/li>\n<li data-start=\"720\" data-end=\"762\">\n<p data-start=\"722\" data-end=\"762\"><strong data-start=\"722\" data-end=\"734\">Couple :<\/strong> <strong data-start=\"735\" data-end=\"745\">490 Nm<\/strong> \u00e0 4 000 tr\/min<\/p>\n<\/li>\n<li data-start=\"763\" data-end=\"806\">\n<p data-start=\"765\" data-end=\"806\"><strong data-start=\"765\" data-end=\"783\">Transmission :<\/strong> <strong data-start=\"784\" data-end=\"804\">Propulsion (RWD)<\/strong><\/p>\n<\/li>\n<li data-start=\"807\" data-end=\"869\">\n<p data-start=\"809\" data-end=\"834\"><strong data-start=\"809\" data-end=\"832\">Bo\u00eete de vitesses :<\/strong><\/p>\n<ul data-start=\"837\" data-end=\"869\">\n<li data-start=\"837\" data-end=\"869\">\n<p data-start=\"839\" data-end=\"869\"><strong data-start=\"839\" data-end=\"867\">Manuelle ZF \u00e0 5 rapports<\/strong><\/p>\n<\/li>\n<\/ul>\n<\/li>\n<\/ul>\n<h4 data-start=\"871\" data-end=\"903\"><strong data-start=\"876\" data-end=\"901\">Dimensions et Poids :<\/strong><\/h4>\n<ul data-start=\"904\" data-end=\"1052\">\n<li data-start=\"904\" data-end=\"929\">\n<p data-start=\"906\" data-end=\"929\"><strong data-start=\"906\" data-end=\"920\">Longueur :<\/strong> 4,64 m<\/p>\n<\/li>\n<li data-start=\"930\" data-end=\"954\">\n<p data-start=\"932\" data-end=\"954\"><strong data-start=\"932\" data-end=\"945\">Largeur :<\/strong> 1,94 m<\/p>\n<\/li>\n<li data-start=\"955\" data-end=\"979\">\n<p data-start=\"957\" data-end=\"979\"><strong data-start=\"957\" data-end=\"970\">Hauteur :<\/strong> 1,32 m<\/p>\n<\/li>\n<li data-start=\"980\" data-end=\"1008\">\n<p data-start=\"982\" data-end=\"1008\"><strong data-start=\"982\" data-end=\"999\">Empattement :<\/strong> 2,61 m<\/p>\n<\/li>\n<li data-start=\"1009\" data-end=\"1052\">\n<p data-start=\"1011\" data-end=\"1052\"><strong data-start=\"1011\" data-end=\"1029\">Poids \u00e0 vide :<\/strong> Environ <strong data-start=\"1038\" data-end=\"1050\">1 790 kg<\/strong><\/p>\n<\/li>\n<\/ul>\n<h4 data-start=\"1054\" data-end=\"1088\"><strong data-start=\"1059\" data-end=\"1086\">Ch\u00e2ssis et Suspension :<\/strong><\/h4>\n<ul data-start=\"1089\" data-end=\"1461\">\n<li data-start=\"1089\" data-end=\"1146\">\n<p data-start=\"1091\" data-end=\"1146\"><strong data-start=\"1091\" data-end=\"1112\">Type de ch\u00e2ssis :<\/strong> Monocoque en aluminium et acier<\/p>\n<\/li>\n<li data-start=\"1147\" data-end=\"1248\">\n<p data-start=\"1149\" data-end=\"1248\"><strong data-start=\"1149\" data-end=\"1171\">Suspension avant :<\/strong> Ind\u00e9pendante, triangles superpos\u00e9s, ressorts h\u00e9lico\u00efdaux, barre antiroulis<\/p>\n<\/li>\n<li data-start=\"1249\" data-end=\"1347\">\n<p data-start=\"1251\" data-end=\"1347\"><strong data-start=\"1251\" data-end=\"1275\">Suspension arri\u00e8re :<\/strong> Ind\u00e9pendante, bras oscillants, ressorts h\u00e9lico\u00efdaux, barre antiroulis<\/p>\n<\/li>\n<li data-start=\"1348\" data-end=\"1432\">\n<p data-start=\"1350\" data-end=\"1364\"><strong data-start=\"1350\" data-end=\"1362\">Freins :<\/strong><\/p>\n<ul data-start=\"1367\" data-end=\"1432\">\n<li data-start=\"1367\" data-end=\"1408\">\n<p data-start=\"1369\" data-end=\"1408\"><strong data-start=\"1369\" data-end=\"1406\">Disques ventil\u00e9s aux quatre roues<\/strong><\/p>\n<\/li>\n<li data-start=\"1411\" data-end=\"1432\">\n<p data-start=\"1413\" data-end=\"1432\"><strong data-start=\"1413\" data-end=\"1430\">ABS en option<\/strong><\/p>\n<\/li>\n<\/ul>\n<\/li>\n<li data-start=\"1433\" data-end=\"1461\">\n<p data-start=\"1435\" data-end=\"1461\"><strong data-start=\"1435\" data-end=\"1450\">Direction :<\/strong> Assist\u00e9e<\/p>\n<\/li>\n<\/ul>\n<h4 data-start=\"1463\" data-end=\"1504\"><strong data-start=\"1468\" data-end=\"1502\">Performances et Consommation :<\/strong><\/h4>\n<ul data-start=\"1505\" data-end=\"1690\">\n<li data-start=\"1505\" data-end=\"1552\">\n<p data-start=\"1507\" data-end=\"1552\"><strong data-start=\"1507\" data-end=\"1529\">Vitesse maximale :<\/strong> Environ <strong data-start=\"1538\" data-end=\"1550\">255 km\/h<\/strong><\/p>\n<\/li>\n<li data-start=\"1553\" data-end=\"1598\">\n<p data-start=\"1555\" data-end=\"1598\"><strong data-start=\"1555\" data-end=\"1571\">0-100 km\/h :<\/strong> Environ <strong data-start=\"1580\" data-end=\"1596\">6,5 secondes<\/strong><\/p>\n<\/li>\n<li data-start=\"1599\" data-end=\"1648\">\n<p data-start=\"1601\" data-end=\"1648\"><strong data-start=\"1601\" data-end=\"1627\">Consommation moyenne :<\/strong> <strong data-start=\"1628\" data-end=\"1646\">18-22 L\/100 km<\/strong><\/p>\n<\/li>\n<li data-start=\"1649\" data-end=\"1690\">\n<p data-start=\"1651\" data-end=\"1690\"><strong data-start=\"1651\" data-end=\"1678\">Capacit\u00e9 du r\u00e9servoir :<\/strong> <strong data-start=\"1679\" data-end=\"1688\">108 L<\/strong><\/p>\n<\/li>\n<\/ul>\n<h4 data-start=\"1692\" data-end=\"1728\"><strong data-start=\"1697\" data-end=\"1726\">\u00c9quipement et Finitions :<\/strong><\/h4>\n<ul data-start=\"1729\" data-end=\"2126\">\n<li data-start=\"1729\" data-end=\"1810\">\n<p data-start=\"1731\" data-end=\"1810\"><strong data-start=\"1731\" data-end=\"1745\">Sellerie :<\/strong> Cuir Connolly de haute qualit\u00e9 (teinte assortie \u00e0 l\u2019ext\u00e9rieur)<\/p>\n<\/li>\n<li data-start=\"1811\" data-end=\"1852\">\n<p data-start=\"1813\" data-end=\"1852\"><strong data-start=\"1813\" data-end=\"1828\">Boiseries :<\/strong> Noyer verni v\u00e9ritable<\/p>\n<\/li>\n<li data-start=\"1853\" data-end=\"1899\">\n<p data-start=\"1855\" data-end=\"1899\"><strong data-start=\"1855\" data-end=\"1874\">Climatisation :<\/strong> R\u00e9gulation automatique<\/p>\n<\/li>\n<li data-start=\"1900\" data-end=\"1932\">\n<p data-start=\"1902\" data-end=\"1932\"><strong data-start=\"1902\" data-end=\"1926\">Vitres \u00e9lectriques :<\/strong> Oui<\/p>\n<\/li>\n<li data-start=\"1933\" data-end=\"1992\">\n<p data-start=\"1935\" data-end=\"1992\"><strong data-start=\"1935\" data-end=\"1959\">Si\u00e8ges \u00e9lectriques :<\/strong> Oui, avec m\u00e9moire et chauffage<\/p>\n<\/li>\n<li data-start=\"1993\" data-end=\"2057\">\n<p data-start=\"1995\" data-end=\"2057\"><strong data-start=\"1995\" data-end=\"2014\">Syst\u00e8me audio :<\/strong> Aston Martin Premium avec radio\/cassette<\/p>\n<\/li>\n<li data-start=\"2058\" data-end=\"2093\">\n<p data-start=\"2060\" data-end=\"2093\"><strong data-start=\"2060\" data-end=\"2087\">Fermeture centralis\u00e9e :<\/strong> Oui<\/p>\n<\/li>\n<li data-start=\"2094\" data-end=\"2126\">\n<p data-start=\"2096\" data-end=\"2126\"><strong data-start=\"2096\" data-end=\"2120\">Ordinateur de bord :<\/strong> Oui<\/p>\n<\/li>\n<\/ul>\n<h4 data-start=\"2128\" data-end=\"2165\"><strong data-start=\"2133\" data-end=\"2163\">Particularit\u00e9s du Mod\u00e8le :<\/strong><\/h4>\n<ul data-start=\"2166\" data-end=\"2514\">\n<li data-start=\"2166\" data-end=\"2246\">\n<p data-start=\"2168\" data-end=\"2246\">Mod\u00e8le produit \u00e0 faible volume, exclusif \u00e0 l\u2019\u00e8re <strong data-start=\"2217\" data-end=\"2229\">pr\u00e9-Ford<\/strong> d\u2019Aston Martin<\/p>\n<\/li>\n<li data-start=\"2247\" data-end=\"2305\">\n<p data-start=\"2249\" data-end=\"2305\"><strong data-start=\"2249\" data-end=\"2273\">Peinture Bucks Green<\/strong>, une couleur rare et \u00e9l\u00e9gante<\/p>\n<\/li>\n<li data-start=\"2306\" data-end=\"2372\">\n<p data-start=\"2308\" data-end=\"2372\"><strong data-start=\"2308\" data-end=\"2329\">Bo\u00eete manuelle ZF<\/strong>, plus appr\u00e9ci\u00e9e que l\u2019option automatique<\/p>\n<\/li>\n<li data-start=\"2373\" data-end=\"2433\">\n<p data-start=\"2375\" data-end=\"2433\">Style distinctif sign\u00e9 <strong data-start=\"2398\" data-end=\"2431\">John Heffernan &amp; Ken Greenley<\/strong><\/p>\n<\/li>\n<li data-start=\"2434\" data-end=\"2514\">\n<p data-start=\"2436\" data-end=\"2514\">Un des derniers mod\u00e8les fabriqu\u00e9s <strong data-start=\"2470\" data-end=\"2483\">\u00e0 la main<\/strong> \u00e0 l\u2019usine de Newport Pagnell<\/p>\n<\/li>\n<\/ul>\n<h4 data-start=\"2516\" data-end=\"2553\"><strong data-start=\"2521\" data-end=\"2551\">Valeur et Collectibilit\u00e9 :<\/strong><\/h4>\n<ul data-start=\"2554\" data-end=\"2810\">\n<li data-start=\"2554\" data-end=\"2615\">\n<p data-start=\"2556\" data-end=\"2615\"><strong data-start=\"2556\" data-end=\"2581\">Mod\u00e8le tr\u00e8s recherch\u00e9<\/strong>, surtout avec la bo\u00eete manuelle<\/p>\n<\/li>\n<li data-start=\"2616\" data-end=\"2680\">\n<p data-start=\"2618\" data-end=\"2680\">Valeur en <strong data-start=\"2628\" data-end=\"2644\">augmentation<\/strong> sur le march\u00e9 des collectionneurs<\/p>\n<\/li>\n<li data-start=\"2681\" data-end=\"2736\">\n<p data-start=\"2683\" data-end=\"2736\">\u00c9ligible pour des \u00e9v\u00e9nements et concours d\u2019\u00e9l\u00e9gance<\/p>\n<\/li>\n<li data-start=\"2737\" data-end=\"2810\">\n<p data-start=\"2739\" data-end=\"2810\"><strong data-start=\"2739\" data-end=\"2767\">Excellent investissement<\/strong> pour un amateur d\u2019Aston Martin classique<\/p>\n<\/li>\n<\/ul>","protected":false},"excerpt":{"rendered":"<p>Fiche Technique \u2013 1991 Aston Martin Virage Coup\u00e9 Manual ZF (Bucks Green, LHD) Informations G\u00e9n\u00e9rales : Marque : Aston Martin [&hellip;]<\/p>","protected":false},"featured_media":1050,"comment_status":"open","ping_status":"closed","template":"","meta":{"_uag_custom_page_level_css":"","site-sidebar-layout":"default","site-content-layout":"","ast-site-content-layout":"default","site-content-style":"default","site-sidebar-style":"default","ast-global-header-display":"","ast-banner-title-visibility":"","ast-main-header-display":"","ast-hfb-above-header-display":"","ast-hfb-below-header-display":"","ast-hfb-mobile-header-display":"","site-post-title":"","ast-breadcrumbs-content":"","ast-featured-img":"","footer-sml-layout":"","ast-disable-related-posts":"","theme-transparent-header-meta":"default","adv-header-id-meta":"","stick-header-meta":"","header-above-stick-meta":"","header-main-stick-meta":"","header-below-stick-meta":"","astra-migrate-meta-layouts":"set","ast-page-background-enabled":"default","ast-page-background-meta":{"desktop":{"background-color":"var(--ast-global-color-4)","background-image":"","background-repeat":"repeat","background-position":"center center","background-size":"auto","background-attachment":"scroll","background-type":"","background-media":"","overlay-type":"","overlay-color":"","overlay-opacity":"","overlay-gradient":""},"tablet":{"background-color":"","background-image":"","background-repeat":"repeat","background-position":"center center","background-size":"auto","background-attachment":"scroll","background-type":"","background-media":"","overlay-type":"","overlay-color":"","overlay-opacity":"","overlay-gradient":""},"mobile":{"background-color":"","background-image":"","background-repeat":"repeat","background-position":"center center","background-size":"auto","background-attachment":"scroll","background-type":"","background-media":"","overlay-type":"","overlay-color":"","overlay-opacity":"","overlay-gradient":""}},"ast-content-background-meta":{"desktop":{"background-color":"var(--ast-global-color-5)","background-image":"","background-repeat":"repeat","background-position":"center center","background-size":"auto","background-attachment":"scroll","background-type":"","background-media":"","overlay-type":"","overlay-color":"","overlay-opacity":"","overlay-gradient":""},"tablet":{"background-color":"var(--ast-global-color-5)","background-image":"","background-repeat":"repeat","background-position":"center center","background-size":"auto","background-attachment":"scroll","background-type":"","background-media":"","overlay-type":"","overlay-color":"","overlay-opacity":"","overlay-gradient":""},"mobile":{"background-color":"var(--ast-global-color-5)","background-image":"","background-repeat":"repeat","background-position":"center center","background-size":"auto","background-attachment":"scroll","background-type":"","background-media":"","overlay-type":"","overlay-color":"","overlay-opacity":"","overlay-gradient":""}}},"product_brand":[],"product_cat":[21],"product_tag":[],"class_list":{"0":"post-795","1":"product","2":"type-product","3":"status-publish","4":"has-post-thumbnail","6":"product_cat-aston-martin","7":"desktop-align-left","8":"tablet-align-left","9":"mobile-align-left","11":"first","12":"instock","13":"shipping-taxable","14":"purchasable","15":"product-type-simple"},"aioseo_notices":[],"uagb_featured_image_src":{"full":["https:\/\/albionclassiccars.com\/wp-content\/uploads\/2025\/06\/telechargement.png",1310,708,false],"thumbnail":["https:\/\/albionclassiccars.com\/wp-content\/uploads\/2025\/06\/telechargement-150x150.png",150,150,true],"medium":["https:\/\/albionclassiccars.com\/wp-content\/uploads\/2025\/06\/telechargement-300x162.png",300,162,true],"medium_large":["https:\/\/albionclassiccars.com\/wp-content\/uploads\/2025\/06\/telechargement-768x415.png",768,415,true],"large":["https:\/\/albionclassiccars.com\/wp-content\/uploads\/2025\/06\/telechargement-1024x553.png",1024,553,true],"1536x1536":["https:\/\/albionclassiccars.com\/wp-content\/uploads\/2025\/06\/telechargement.png",1310,708,false],"2048x2048":["https:\/\/albionclassiccars.com\/wp-content\/uploads\/2025\/06\/telechargement.png",1310,708,false],"trp-custom-language-flag":["https:\/\/albionclassiccars.com\/wp-content\/uploads\/2025\/06\/telechargement.png",18,10,false],"woocommerce_thumbnail":["https:\/\/albionclassiccars.com\/wp-content\/uploads\/2025\/06\/telechargement.png",1310,708,false],"woocommerce_single":["https:\/\/albionclassiccars.com\/wp-content\/uploads\/2025\/06\/telechargement.png",1310,708,false],"woocommerce_gallery_thumbnail":["https:\/\/albionclassiccars.com\/wp-content\/uploads\/2025\/06\/telechargement-100x100.png",100,100,true]},"uagb_author_info":{"display_name":"williamal.labis@gmail.com","author_link":"https:\/\/albionclassiccars.com\/en\/author\/"},"uagb_comment_info":0,"uagb_excerpt":"Fiche Technique \u2013 1991 Aston Martin Virage Coup\u00e9 Manual ZF (Bucks Green, LHD) Informations G\u00e9n\u00e9rales : Marque : Aston Martin [&hellip;]","_links":{"self":[{"href":"https:\/\/albionclassiccars.com\/en\/wp-json\/wp\/v2\/product\/795","targetHints":{"allow":["GET"]}}],"collection":[{"href":"https:\/\/albionclassiccars.com\/en\/wp-json\/wp\/v2\/product"}],"about":[{"href":"https:\/\/albionclassiccars.com\/en\/wp-json\/wp\/v2\/types\/product"}],"replies":[{"embeddable":true,"href":"https:\/\/albionclassiccars.com\/en\/wp-json\/wp\/v2\/comments?post=795"}],"wp:featuredmedia":[{"embeddable":true,"href":"https:\/\/albionclassiccars.com\/en\/wp-json\/wp\/v2\/media\/1050"}],"wp:attachment":[{"href":"https:\/\/albionclassiccars.com\/en\/wp-json\/wp\/v2\/media?parent=795"}],"wp:term":[{"taxonomy":"product_brand","embeddable":true,"href":"https:\/\/albionclassiccars.com\/en\/wp-json\/wp\/v2\/product_brand?post=795"},{"taxonomy":"product_cat","embeddable":true,"href":"https:\/\/albionclassiccars.com\/en\/wp-json\/wp\/v2\/product_cat?post=795"},{"taxonomy":"product_tag","embeddable":true,"href":"https:\/\/albionclassiccars.com\/en\/wp-json\/wp\/v2\/product_tag?post=795"}],"curies":[{"name":"wp","href":"https:\/\/api.w.org\/{rel}","templated":true}]}}