{"id":781,"date":"2025-06-03T14:46:04","date_gmt":"2025-06-03T14:46:04","guid":{"rendered":"https:\/\/albionclassiccars.com\/?post_type=product&#038;p=781"},"modified":"2025-09-30T20:50:38","modified_gmt":"2025-09-30T20:50:38","slug":"1984-aston-martin-lagonda-lhd-13359","status":"publish","type":"product","link":"https:\/\/albionclassiccars.com\/en\/product\/1984-aston-martin-lagonda-lhd-13359\/","title":{"rendered":"1984 Aston Martin Lagonda LHD 13359"},"content":{"rendered":"<h3 data-start=\"0\" data-end=\"74\"><strong data-start=\"4\" data-end=\"72\">Fiche Technique \u2013 1984 Aston Martin Lagonda LHD (Ch\u00e2ssis #13359)<\/strong><\/h3>\n<h4 data-start=\"76\" data-end=\"111\"><strong data-start=\"81\" data-end=\"109\">General information :<\/strong><\/h4>\n<ul data-start=\"112\" data-end=\"366\">\n<li data-start=\"112\" data-end=\"141\">\n<p data-start=\"114\" data-end=\"141\"><strong data-start=\"114\" data-end=\"126\">Marque :<\/strong> Aston Martin<\/p>\n<\/li>\n<li data-start=\"142\" data-end=\"166\">\n<p data-start=\"144\" data-end=\"166\"><strong data-start=\"144\" data-end=\"156\">Mod\u00e8le :<\/strong> Lagonda<\/p>\n<\/li>\n<li data-start=\"167\" data-end=\"187\">\n<p data-start=\"169\" data-end=\"187\"><strong data-start=\"169\" data-end=\"180\">Ann\u00e9e :<\/strong> 1984<\/p>\n<\/li>\n<li data-start=\"188\" data-end=\"245\">\n<p data-start=\"190\" data-end=\"245\"><strong data-start=\"190\" data-end=\"203\">Version :<\/strong> LHD (Left-Hand Drive \u2013 Volant \u00e0 gauche)<\/p>\n<\/li>\n<li data-start=\"246\" data-end=\"280\">\n<p data-start=\"248\" data-end=\"280\"><strong data-start=\"248\" data-end=\"271\">Num\u00e9ro de ch\u00e2ssis :<\/strong> #13359<\/p>\n<\/li>\n<li data-start=\"281\" data-end=\"318\">\n<p data-start=\"283\" data-end=\"318\"><strong data-start=\"283\" data-end=\"300\">Carrosserie :<\/strong> Berline de luxe<\/p>\n<\/li>\n<li data-start=\"319\" data-end=\"347\">\n<p data-start=\"321\" data-end=\"347\"><strong data-start=\"321\" data-end=\"343\">Nombre de portes :<\/strong> 4<\/p>\n<\/li>\n<li data-start=\"348\" data-end=\"366\">\n<p data-start=\"350\" data-end=\"366\"><strong data-start=\"350\" data-end=\"362\">Places :<\/strong> 4<\/p>\n<\/li>\n<\/ul>\n<h4 data-start=\"368\" data-end=\"403\"><strong data-start=\"373\" data-end=\"401\">Moteur et Performances :<\/strong><\/h4>\n<ul data-start=\"404\" data-end=\"787\">\n<li data-start=\"404\" data-end=\"431\">\n<p data-start=\"406\" data-end=\"431\"><strong data-start=\"406\" data-end=\"426\">Type de moteur :<\/strong> V8<\/p>\n<\/li>\n<li data-start=\"432\" data-end=\"468\">\n<p data-start=\"434\" data-end=\"468\"><strong data-start=\"434\" data-end=\"449\">Cylindr\u00e9e :<\/strong> 5.3 L (5340 cm\u00b3)<\/p>\n<\/li>\n<li data-start=\"469\" data-end=\"510\">\n<p data-start=\"471\" data-end=\"510\"><strong data-start=\"471\" data-end=\"488\">Disposition :<\/strong> Longitudinale avant<\/p>\n<\/li>\n<li data-start=\"511\" data-end=\"556\">\n<p data-start=\"513\" data-end=\"556\"><strong data-start=\"513\" data-end=\"531\">Alimentation :<\/strong> Injection \u00e9lectronique<\/p>\n<\/li>\n<li data-start=\"557\" data-end=\"610\">\n<p data-start=\"559\" data-end=\"610\"><strong data-start=\"559\" data-end=\"574\">Puissance :<\/strong> Environ 280-300 ch \u00e0 5 000 tr\/min<\/p>\n<\/li>\n<li data-start=\"611\" data-end=\"657\">\n<p data-start=\"613\" data-end=\"657\"><strong data-start=\"613\" data-end=\"625\">Couple :<\/strong> Environ 500 Nm \u00e0 3 000 tr\/min<\/p>\n<\/li>\n<li data-start=\"658\" data-end=\"697\">\n<p data-start=\"660\" data-end=\"697\"><strong data-start=\"660\" data-end=\"678\">Transmission :<\/strong> Propulsion (RWD)<\/p>\n<\/li>\n<li data-start=\"698\" data-end=\"787\">\n<p data-start=\"700\" data-end=\"725\"><strong data-start=\"700\" data-end=\"723\">Bo\u00eete de vitesses :<\/strong><\/p>\n<ul data-start=\"728\" data-end=\"787\">\n<li data-start=\"728\" data-end=\"787\">\n<p data-start=\"730\" data-end=\"787\"><strong data-start=\"730\" data-end=\"785\">Automatique \u00e0 3 rapports (Chrysler TorqueFlite 727)<\/strong><\/p>\n<\/li>\n<\/ul>\n<\/li>\n<\/ul>\n<h4 data-start=\"789\" data-end=\"821\"><strong data-start=\"794\" data-end=\"819\">Dimensions et Poids :<\/strong><\/h4>\n<ul data-start=\"822\" data-end=\"966\">\n<li data-start=\"822\" data-end=\"847\">\n<p data-start=\"824\" data-end=\"847\"><strong data-start=\"824\" data-end=\"838\">Longueur :<\/strong> 5,28 m<\/p>\n<\/li>\n<li data-start=\"848\" data-end=\"872\">\n<p data-start=\"850\" data-end=\"872\"><strong data-start=\"850\" data-end=\"863\">Largeur :<\/strong> 1,81 m<\/p>\n<\/li>\n<li data-start=\"873\" data-end=\"897\">\n<p data-start=\"875\" data-end=\"897\"><strong data-start=\"875\" data-end=\"888\">Hauteur :<\/strong> 1,30 m<\/p>\n<\/li>\n<li data-start=\"898\" data-end=\"926\">\n<p data-start=\"900\" data-end=\"926\"><strong data-start=\"900\" data-end=\"917\">Empattement :<\/strong> 2,91 m<\/p>\n<\/li>\n<li data-start=\"927\" data-end=\"966\">\n<p data-start=\"929\" data-end=\"966\"><strong data-start=\"929\" data-end=\"947\">Poids \u00e0 vide :<\/strong> Environ 1 900 kg<\/p>\n<\/li>\n<\/ul>\n<h4 data-start=\"968\" data-end=\"1002\"><strong data-start=\"973\" data-end=\"1000\">Ch\u00e2ssis et Suspension :<\/strong><\/h4>\n<ul data-start=\"1003\" data-end=\"1267\">\n<li data-start=\"1003\" data-end=\"1047\">\n<p data-start=\"1005\" data-end=\"1047\"><strong data-start=\"1005\" data-end=\"1026\">Type de ch\u00e2ssis :<\/strong> Monocoque en acier<\/p>\n<\/li>\n<li data-start=\"1048\" data-end=\"1131\">\n<p data-start=\"1050\" data-end=\"1131\"><strong data-start=\"1050\" data-end=\"1072\">Suspension avant :<\/strong> Ind\u00e9pendante, triangles superpos\u00e9s, ressorts h\u00e9lico\u00efdaux<\/p>\n<\/li>\n<li data-start=\"1132\" data-end=\"1196\">\n<p data-start=\"1134\" data-end=\"1196\"><strong data-start=\"1134\" data-end=\"1158\">Suspension arri\u00e8re :<\/strong> Essieu rigide, ressorts h\u00e9lico\u00efdaux<\/p>\n<\/li>\n<li data-start=\"1197\" data-end=\"1238\">\n<p data-start=\"1199\" data-end=\"1238\"><strong data-start=\"1199\" data-end=\"1211\">Freins :<\/strong> Disques aux quatre roues<\/p>\n<\/li>\n<li data-start=\"1239\" data-end=\"1267\">\n<p data-start=\"1241\" data-end=\"1267\"><strong data-start=\"1241\" data-end=\"1256\">Direction :<\/strong> Assist\u00e9e<\/p>\n<\/li>\n<\/ul>\n<h4 data-start=\"1269\" data-end=\"1310\"><strong data-start=\"1274\" data-end=\"1308\">Performances et Consommation :<\/strong><\/h4>\n<ul data-start=\"1311\" data-end=\"1480\">\n<li data-start=\"1311\" data-end=\"1354\">\n<p data-start=\"1313\" data-end=\"1354\"><strong data-start=\"1313\" data-end=\"1335\">Vitesse maximale :<\/strong> Environ 230 km\/h<\/p>\n<\/li>\n<li data-start=\"1355\" data-end=\"1396\">\n<p data-start=\"1357\" data-end=\"1396\"><strong data-start=\"1357\" data-end=\"1373\">0-100 km\/h :<\/strong> Environ 8,8 secondes<\/p>\n<\/li>\n<li data-start=\"1397\" data-end=\"1442\">\n<p data-start=\"1399\" data-end=\"1442\"><strong data-start=\"1399\" data-end=\"1425\">Consommation moyenne :<\/strong> 20-25 L\/100 km<\/p>\n<\/li>\n<li data-start=\"1443\" data-end=\"1480\">\n<p data-start=\"1445\" data-end=\"1480\"><strong data-start=\"1445\" data-end=\"1472\">Capacit\u00e9 du r\u00e9servoir :<\/strong> 109 L<\/p>\n<\/li>\n<\/ul>\n<h4 data-start=\"1482\" data-end=\"1518\"><strong data-start=\"1487\" data-end=\"1516\">\u00c9quipement et Finitions :<\/strong><\/h4>\n<ul data-start=\"1519\" data-end=\"1966\">\n<li data-start=\"1519\" data-end=\"1568\">\n<p data-start=\"1521\" data-end=\"1568\"><strong data-start=\"1521\" data-end=\"1535\">Sellerie :<\/strong> Cuir Connolly de haute qualit\u00e9<\/p>\n<\/li>\n<li data-start=\"1569\" data-end=\"1604\">\n<p data-start=\"1571\" data-end=\"1604\"><strong data-start=\"1571\" data-end=\"1586\">Boiseries :<\/strong> Noyer v\u00e9ritable<\/p>\n<\/li>\n<li data-start=\"1605\" data-end=\"1686\">\n<p data-start=\"1607\" data-end=\"1686\"><strong data-start=\"1607\" data-end=\"1628\">Tableau de bord :<\/strong> Digital avec \u00e9crans LED (r\u00e9volutionnaire pour l&rsquo;\u00e9poque)<\/p>\n<\/li>\n<li data-start=\"1687\" data-end=\"1737\">\n<p data-start=\"1689\" data-end=\"1737\"><strong data-start=\"1689\" data-end=\"1708\">Climatisation :<\/strong> Oui, \u00e0 r\u00e9glage automatique<\/p>\n<\/li>\n<li data-start=\"1738\" data-end=\"1770\">\n<p data-start=\"1740\" data-end=\"1770\"><strong data-start=\"1740\" data-end=\"1764\">Vitres \u00e9lectriques :<\/strong> Oui<\/p>\n<\/li>\n<li data-start=\"1771\" data-end=\"1803\">\n<p data-start=\"1773\" data-end=\"1803\"><strong data-start=\"1773\" data-end=\"1797\">Si\u00e8ges \u00e9lectriques :<\/strong> Oui<\/p>\n<\/li>\n<li data-start=\"1804\" data-end=\"1864\">\n<p data-start=\"1806\" data-end=\"1864\"><strong data-start=\"1806\" data-end=\"1825\">Syst\u00e8me audio :<\/strong> Haut de gamme avec radio et cassette<\/p>\n<\/li>\n<li data-start=\"1865\" data-end=\"1900\">\n<p data-start=\"1867\" data-end=\"1900\"><strong data-start=\"1867\" data-end=\"1894\">Fermeture centralis\u00e9e :<\/strong> Oui<\/p>\n<\/li>\n<li data-start=\"1901\" data-end=\"1966\">\n<p data-start=\"1903\" data-end=\"1966\"><strong data-start=\"1903\" data-end=\"1927\">Ordinateur de bord :<\/strong> Oui, avec affichage num\u00e9rique avanc\u00e9<\/p>\n<\/li>\n<\/ul>\n<h4 data-start=\"1968\" data-end=\"2005\"><strong data-start=\"1973\" data-end=\"2003\">Particularit\u00e9s du Mod\u00e8le :<\/strong><\/h4>\n<ul data-start=\"2006\" data-end=\"2294\">\n<li data-start=\"2006\" data-end=\"2056\">\n<p data-start=\"2008\" data-end=\"2056\">Design angulaire futuriste sign\u00e9 William Towns<\/p>\n<\/li>\n<li data-start=\"2057\" data-end=\"2126\">\n<p data-start=\"2059\" data-end=\"2126\">L\u2019un des mod\u00e8les les plus technologiquement avanc\u00e9s des ann\u00e9es 80<\/p>\n<\/li>\n<li data-start=\"2127\" data-end=\"2178\">\n<p data-start=\"2129\" data-end=\"2178\">L\u2019un des v\u00e9hicules les plus chers de son \u00e9poque<\/p>\n<\/li>\n<li data-start=\"2179\" data-end=\"2294\">\n<p data-start=\"2181\" data-end=\"2294\">Produite en tr\u00e8s faible quantit\u00e9 (seulement 645 exemplaires de la Lagonda Series 2, dont ce mod\u00e8le fait partie)<\/p>\n<\/li>\n<\/ul>\n<h4 data-start=\"2296\" data-end=\"2333\"><strong data-start=\"2301\" data-end=\"2331\">Valeur et Collectibilit\u00e9 :<\/strong><\/h4>\n<ul data-start=\"2334\" data-end=\"2512\">\n<li data-start=\"2334\" data-end=\"2404\">\n<p data-start=\"2336\" data-end=\"2404\">V\u00e9hicule rare et recherch\u00e9, surtout en <strong data-start=\"2375\" data-end=\"2402\">conduite \u00e0 gauche (LHD)<\/strong><\/p>\n<\/li>\n<li data-start=\"2405\" data-end=\"2465\">\n<p data-start=\"2407\" data-end=\"2465\">Forte mont\u00e9e en valeur sur le march\u00e9 des collectionneurs<\/p>\n<\/li>\n<li data-start=\"2466\" data-end=\"2512\">\n<p data-start=\"2468\" data-end=\"2512\">Entretien co\u00fbteux mais exclusivit\u00e9 assur\u00e9e<\/p>\n<\/li>\n<\/ul>","protected":false},"excerpt":{"rendered":"<p>Fiche Technique \u2013 1984 Aston Martin Lagonda LHD (Ch\u00e2ssis #13359) Informations G\u00e9n\u00e9rales : Marque : Aston Martin Mod\u00e8le : Lagonda [&hellip;]<\/p>","protected":false},"featured_media":1054,"comment_status":"open","ping_status":"closed","template":"","meta":{"_uag_custom_page_level_css":"","site-sidebar-layout":"default","site-content-layout":"","ast-site-content-layout":"default","site-content-style":"default","site-sidebar-style":"default","ast-global-header-display":"","ast-banner-title-visibility":"","ast-main-header-display":"","ast-hfb-above-header-display":"","ast-hfb-below-header-display":"","ast-hfb-mobile-header-display":"","site-post-title":"","ast-breadcrumbs-content":"","ast-featured-img":"","footer-sml-layout":"","ast-disable-related-posts":"","theme-transparent-header-meta":"default","adv-header-id-meta":"","stick-header-meta":"","header-above-stick-meta":"","header-main-stick-meta":"","header-below-stick-meta":"","astra-migrate-meta-layouts":"set","ast-page-background-enabled":"default","ast-page-background-meta":{"desktop":{"background-color":"var(--ast-global-color-4)","background-image":"","background-repeat":"repeat","background-position":"center center","background-size":"auto","background-attachment":"scroll","background-type":"","background-media":"","overlay-type":"","overlay-color":"","overlay-opacity":"","overlay-gradient":""},"tablet":{"background-color":"","background-image":"","background-repeat":"repeat","background-position":"center center","background-size":"auto","background-attachment":"scroll","background-type":"","background-media":"","overlay-type":"","overlay-color":"","overlay-opacity":"","overlay-gradient":""},"mobile":{"background-color":"","background-image":"","background-repeat":"repeat","background-position":"center center","background-size":"auto","background-attachment":"scroll","background-type":"","background-media":"","overlay-type":"","overlay-color":"","overlay-opacity":"","overlay-gradient":""}},"ast-content-background-meta":{"desktop":{"background-color":"var(--ast-global-color-5)","background-image":"","background-repeat":"repeat","background-position":"center center","background-size":"auto","background-attachment":"scroll","background-type":"","background-media":"","overlay-type":"","overlay-color":"","overlay-opacity":"","overlay-gradient":""},"tablet":{"background-color":"var(--ast-global-color-5)","background-image":"","background-repeat":"repeat","background-position":"center center","background-size":"auto","background-attachment":"scroll","background-type":"","background-media":"","overlay-type":"","overlay-color":"","overlay-opacity":"","overlay-gradient":""},"mobile":{"background-color":"var(--ast-global-color-5)","background-image":"","background-repeat":"repeat","background-position":"center center","background-size":"auto","background-attachment":"scroll","background-type":"","background-media":"","overlay-type":"","overlay-color":"","overlay-opacity":"","overlay-gradient":""}}},"product_brand":[],"product_cat":[21],"product_tag":[],"class_list":{"0":"post-781","1":"product","2":"type-product","3":"status-publish","4":"has-post-thumbnail","6":"product_cat-aston-martin","7":"desktop-align-left","8":"tablet-align-left","9":"mobile-align-left","11":"first","12":"instock","13":"shipping-taxable","14":"purchasable","15":"product-type-simple"},"aioseo_notices":[],"uagb_featured_image_src":{"full":["https:\/\/albionclassiccars.com\/wp-content\/uploads\/2025\/06\/aml8s-Modifie.jpg",640,480,false],"thumbnail":["https:\/\/albionclassiccars.com\/wp-content\/uploads\/2025\/06\/aml8s-Modifie-150x150.jpg",150,150,true],"medium":["https:\/\/albionclassiccars.com\/wp-content\/uploads\/2025\/06\/aml8s-Modifie-300x225.jpg",300,225,true],"medium_large":["https:\/\/albionclassiccars.com\/wp-content\/uploads\/2025\/06\/aml8s-Modifie.jpg",640,480,false],"large":["https:\/\/albionclassiccars.com\/wp-content\/uploads\/2025\/06\/aml8s-Modifie.jpg",640,480,false],"1536x1536":["https:\/\/albionclassiccars.com\/wp-content\/uploads\/2025\/06\/aml8s-Modifie.jpg",640,480,false],"2048x2048":["https:\/\/albionclassiccars.com\/wp-content\/uploads\/2025\/06\/aml8s-Modifie.jpg",640,480,false],"trp-custom-language-flag":["https:\/\/albionclassiccars.com\/wp-content\/uploads\/2025\/06\/aml8s-Modifie.jpg",16,12,false],"woocommerce_thumbnail":["https:\/\/albionclassiccars.com\/wp-content\/uploads\/2025\/06\/aml8s-Modifie.jpg",640,480,false],"woocommerce_single":["https:\/\/albionclassiccars.com\/wp-content\/uploads\/2025\/06\/aml8s-Modifie.jpg",640,480,false],"woocommerce_gallery_thumbnail":["https:\/\/albionclassiccars.com\/wp-content\/uploads\/2025\/06\/aml8s-Modifie-100x100.jpg",100,100,true]},"uagb_author_info":{"display_name":"williamal.labis@gmail.com","author_link":"https:\/\/albionclassiccars.com\/en\/author\/"},"uagb_comment_info":0,"uagb_excerpt":"Fiche Technique \u2013 1984 Aston Martin Lagonda LHD (Ch\u00e2ssis #13359) Informations G\u00e9n\u00e9rales : Marque : Aston Martin Mod\u00e8le : Lagonda [&hellip;]","_links":{"self":[{"href":"https:\/\/albionclassiccars.com\/en\/wp-json\/wp\/v2\/product\/781","targetHints":{"allow":["GET"]}}],"collection":[{"href":"https:\/\/albionclassiccars.com\/en\/wp-json\/wp\/v2\/product"}],"about":[{"href":"https:\/\/albionclassiccars.com\/en\/wp-json\/wp\/v2\/types\/product"}],"replies":[{"embeddable":true,"href":"https:\/\/albionclassiccars.com\/en\/wp-json\/wp\/v2\/comments?post=781"}],"wp:featuredmedia":[{"embeddable":true,"href":"https:\/\/albionclassiccars.com\/en\/wp-json\/wp\/v2\/media\/1054"}],"wp:attachment":[{"href":"https:\/\/albionclassiccars.com\/en\/wp-json\/wp\/v2\/media?parent=781"}],"wp:term":[{"taxonomy":"product_brand","embeddable":true,"href":"https:\/\/albionclassiccars.com\/en\/wp-json\/wp\/v2\/product_brand?post=781"},{"taxonomy":"product_cat","embeddable":true,"href":"https:\/\/albionclassiccars.com\/en\/wp-json\/wp\/v2\/product_cat?post=781"},{"taxonomy":"product_tag","embeddable":true,"href":"https:\/\/albionclassiccars.com\/en\/wp-json\/wp\/v2\/product_tag?post=781"}],"curies":[{"name":"wp","href":"https:\/\/api.w.org\/{rel}","templated":true}]}}