{"id":763,"date":"2025-06-03T14:31:25","date_gmt":"2025-06-03T14:31:25","guid":{"rendered":"https:\/\/albionclassiccars.com\/?post_type=product&#038;p=763"},"modified":"2025-09-30T20:49:45","modified_gmt":"2025-09-30T20:49:45","slug":"1981-rolls-royce-silver-spur-parkertex-rhd","status":"publish","type":"product","link":"https:\/\/albionclassiccars.com\/en\/product\/1981-rolls-royce-silver-spur-parkertex-rhd\/","title":{"rendered":"1981 Rolls-Royce Silver Spur Parkertex RHD"},"content":{"rendered":"<h3 data-start=\"0\" data-end=\"70\"><strong data-start=\"4\" data-end=\"68\">Fiche Technique \u2013 1981 Rolls-Royce Silver Spur Parkertex RHD<\/strong><\/h3>\n<h4 data-start=\"72\" data-end=\"107\"><strong data-start=\"77\" data-end=\"105\">General information :<\/strong><\/h4>\n<ul data-start=\"108\" data-end=\"341\">\n<li data-start=\"108\" data-end=\"136\">\n<p data-start=\"110\" data-end=\"136\" class=\"translation-block\"><strong data-start=\"111\" data-end=\"123\">Marque :<\/strong> Rolls-Royce<\/p>\n<\/li>\n<li data-start=\"137\" data-end=\"175\">\n<p data-start=\"139\" data-end=\"175\"><strong data-start=\"139\" data-end=\"151\">Mod\u00e8le :<\/strong> Silver Spur Parkertex<\/p>\n<\/li>\n<li data-start=\"176\" data-end=\"196\">\n<p data-start=\"178\" data-end=\"196\"><strong data-start=\"178\" data-end=\"189\">Ann\u00e9e :<\/strong> 1981<\/p>\n<\/li>\n<li data-start=\"197\" data-end=\"255\">\n<p data-start=\"199\" data-end=\"255\"><strong data-start=\"199\" data-end=\"212\">Version :<\/strong> RHD (Right-Hand Drive \u2013 Volant \u00e0 droite)<\/p>\n<\/li>\n<li data-start=\"256\" data-end=\"293\">\n<p data-start=\"258\" data-end=\"293\"><strong data-start=\"258\" data-end=\"275\">Carrosserie :<\/strong> Berline de luxe<\/p>\n<\/li>\n<li data-start=\"294\" data-end=\"322\">\n<p data-start=\"296\" data-end=\"322\"><strong data-start=\"296\" data-end=\"318\">Nombre de portes :<\/strong> 4<\/p>\n<\/li>\n<li data-start=\"323\" data-end=\"341\">\n<p data-start=\"325\" data-end=\"341\"><strong data-start=\"325\" data-end=\"337\">Places :<\/strong> 5<\/p>\n<\/li>\n<\/ul>\n<h4 data-start=\"343\" data-end=\"378\"><strong data-start=\"348\" data-end=\"376\">Moteur et Performances :<\/strong><\/h4>\n<ul data-start=\"379\" data-end=\"699\">\n<li data-start=\"379\" data-end=\"406\">\n<p data-start=\"381\" data-end=\"406\"><strong data-start=\"381\" data-end=\"401\">Type de moteur :<\/strong> V8<\/p>\n<\/li>\n<li data-start=\"407\" data-end=\"444\">\n<p data-start=\"409\" data-end=\"444\"><strong data-start=\"409\" data-end=\"424\">Cylindr\u00e9e :<\/strong> 6.75 L (6750 cm\u00b3)<\/p>\n<\/li>\n<li data-start=\"445\" data-end=\"486\">\n<p data-start=\"447\" data-end=\"486\"><strong data-start=\"447\" data-end=\"464\">Disposition :<\/strong> Longitudinale avant<\/p>\n<\/li>\n<li data-start=\"487\" data-end=\"551\">\n<p data-start=\"489\" data-end=\"551\"><strong data-start=\"489\" data-end=\"507\">Alimentation :<\/strong> Injection \u00e9lectronique (\u00e0 partir de 1981)<\/p>\n<\/li>\n<li data-start=\"552\" data-end=\"586\">\n<p data-start=\"554\" data-end=\"586\"><strong data-start=\"554\" data-end=\"569\">Puissance :<\/strong> Environ 200 ch<\/p>\n<\/li>\n<li data-start=\"587\" data-end=\"606\">\n<p data-start=\"589\" data-end=\"606\"><strong data-start=\"589\" data-end=\"601\">Couple :<\/strong> NC<\/p>\n<\/li>\n<li data-start=\"607\" data-end=\"646\">\n<p data-start=\"609\" data-end=\"646\"><strong data-start=\"609\" data-end=\"627\">Transmission :<\/strong> Propulsion (RWD)<\/p>\n<\/li>\n<li data-start=\"647\" data-end=\"699\">\n<p data-start=\"649\" data-end=\"699\"><strong data-start=\"649\" data-end=\"672\">Bo\u00eete de vitesses :<\/strong> Automatique \u00e0 3 rapports<\/p>\n<\/li>\n<\/ul>\n<h4 data-start=\"701\" data-end=\"733\"><strong data-start=\"706\" data-end=\"731\">Dimensions et Poids :<\/strong><\/h4>\n<ul data-start=\"734\" data-end=\"902\">\n<li data-start=\"734\" data-end=\"767\">\n<p data-start=\"736\" data-end=\"767\"><strong data-start=\"736\" data-end=\"750\">Longueur :<\/strong> Environ 5,37 m<\/p>\n<\/li>\n<li data-start=\"768\" data-end=\"800\">\n<p data-start=\"770\" data-end=\"800\"><strong data-start=\"770\" data-end=\"783\">Largeur :<\/strong> Environ 1,89 m<\/p>\n<\/li>\n<li data-start=\"801\" data-end=\"833\">\n<p data-start=\"803\" data-end=\"833\"><strong data-start=\"803\" data-end=\"816\">Hauteur :<\/strong> Environ 1,48 m<\/p>\n<\/li>\n<li data-start=\"834\" data-end=\"862\">\n<p data-start=\"836\" data-end=\"862\"><strong data-start=\"836\" data-end=\"853\">Empattement :<\/strong> 3,16 m<\/p>\n<\/li>\n<li data-start=\"863\" data-end=\"902\">\n<p data-start=\"865\" data-end=\"902\"><strong data-start=\"865\" data-end=\"883\">Poids \u00e0 vide :<\/strong> Environ 2 300 kg<\/p>\n<\/li>\n<\/ul>\n<h4 data-start=\"904\" data-end=\"938\"><strong data-start=\"909\" data-end=\"936\">Ch\u00e2ssis et Suspension :<\/strong><\/h4>\n<ul data-start=\"939\" data-end=\"1198\">\n<li data-start=\"939\" data-end=\"983\">\n<p data-start=\"941\" data-end=\"983\"><strong data-start=\"941\" data-end=\"962\">Type de ch\u00e2ssis :<\/strong> Monocoque en acier<\/p>\n<\/li>\n<li data-start=\"984\" data-end=\"1046\">\n<p data-start=\"986\" data-end=\"1046\"><strong data-start=\"986\" data-end=\"1008\">Suspension avant :<\/strong> Ind\u00e9pendante \u00e0 ressorts h\u00e9lico\u00efdaux<\/p>\n<\/li>\n<li data-start=\"1047\" data-end=\"1127\">\n<p data-start=\"1049\" data-end=\"1127\"><strong data-start=\"1049\" data-end=\"1073\">Suspension arri\u00e8re :<\/strong> Ind\u00e9pendante avec correcteur d\u2019assiette hydraulique<\/p>\n<\/li>\n<li data-start=\"1128\" data-end=\"1169\">\n<p data-start=\"1130\" data-end=\"1169\"><strong data-start=\"1130\" data-end=\"1142\">Freins :<\/strong> Disques aux quatre roues<\/p>\n<\/li>\n<li data-start=\"1170\" data-end=\"1198\">\n<p data-start=\"1172\" data-end=\"1198\"><strong data-start=\"1172\" data-end=\"1187\">Direction :<\/strong> Assist\u00e9e<\/p>\n<\/li>\n<\/ul>\n<h4 data-start=\"1200\" data-end=\"1236\"><strong data-start=\"1205\" data-end=\"1234\">\u00c9quipement et Finitions :<\/strong><\/h4>\n<ul data-start=\"1237\" data-end=\"1666\">\n<li data-start=\"1237\" data-end=\"1287\">\n<p data-start=\"1239\" data-end=\"1287\"><strong data-start=\"1239\" data-end=\"1253\">Sellerie :<\/strong> Cuir de haute qualit\u00e9 Parkertex<\/p>\n<\/li>\n<li data-start=\"1288\" data-end=\"1332\">\n<p data-start=\"1290\" data-end=\"1332\"><strong data-start=\"1290\" data-end=\"1305\">Boiseries :<\/strong> Ronce de noyer v\u00e9ritable<\/p>\n<\/li>\n<li data-start=\"1333\" data-end=\"1383\">\n<p data-start=\"1335\" data-end=\"1383\"><strong data-start=\"1335\" data-end=\"1354\">Climatisation :<\/strong> Oui, \u00e0 r\u00e9glage automatique<\/p>\n<\/li>\n<li data-start=\"1384\" data-end=\"1416\">\n<p data-start=\"1386\" data-end=\"1416\"><strong data-start=\"1386\" data-end=\"1410\">Vitres \u00e9lectriques :<\/strong> Oui<\/p>\n<\/li>\n<li data-start=\"1417\" data-end=\"1474\">\n<p data-start=\"1419\" data-end=\"1474\"><strong data-start=\"1419\" data-end=\"1443\">Si\u00e8ges \u00e9lectriques :<\/strong> Oui, avec r\u00e9glages multiples<\/p>\n<\/li>\n<li data-start=\"1475\" data-end=\"1527\">\n<p data-start=\"1477\" data-end=\"1527\"><strong data-start=\"1477\" data-end=\"1496\">Syst\u00e8me audio :<\/strong> Radio-cassette haut de gamme<\/p>\n<\/li>\n<li data-start=\"1528\" data-end=\"1563\">\n<p data-start=\"1530\" data-end=\"1563\"><strong data-start=\"1530\" data-end=\"1557\">Fermeture centralis\u00e9e :<\/strong> Oui<\/p>\n<\/li>\n<li data-start=\"1564\" data-end=\"1624\">\n<p data-start=\"1566\" data-end=\"1624\"><strong data-start=\"1566\" data-end=\"1604\">Tablettes de pique-nique en bois :<\/strong> Oui (\u00e0 l\u2019arri\u00e8re)<\/p>\n<\/li>\n<li data-start=\"1625\" data-end=\"1666\">\n<p data-start=\"1627\" data-end=\"1666\"><strong data-start=\"1627\" data-end=\"1660\">\u00c9clairage int\u00e9rieur raffin\u00e9 :<\/strong> Oui<\/p>\n<\/li>\n<\/ul>\n<h4 data-start=\"1668\" data-end=\"1709\"><strong data-start=\"1673\" data-end=\"1707\">Performances et Consommation :<\/strong><\/h4>\n<ul data-start=\"1710\" data-end=\"1886\">\n<li data-start=\"1710\" data-end=\"1753\">\n<p data-start=\"1712\" data-end=\"1753\"><strong data-start=\"1712\" data-end=\"1734\">Vitesse maximale :<\/strong> Environ 190 km\/h<\/p>\n<\/li>\n<li data-start=\"1754\" data-end=\"1794\">\n<p data-start=\"1756\" data-end=\"1794\"><strong data-start=\"1756\" data-end=\"1772\">0-100 km\/h :<\/strong> Environ 11 secondes<\/p>\n<\/li>\n<li data-start=\"1795\" data-end=\"1840\">\n<p data-start=\"1797\" data-end=\"1840\"><strong data-start=\"1797\" data-end=\"1823\">Consommation moyenne :<\/strong> 20-25 L\/100 km<\/p>\n<\/li>\n<li data-start=\"1841\" data-end=\"1886\">\n<p data-start=\"1843\" data-end=\"1886\"><strong data-start=\"1843\" data-end=\"1870\">Capacit\u00e9 du r\u00e9servoir :<\/strong> Environ 108 L<\/p>\n<\/li>\n<\/ul>\n<h4 data-start=\"1888\" data-end=\"1939\"><strong data-start=\"1893\" data-end=\"1937\">Particularit\u00e9s de la Version Parkertex :<\/strong><\/h4>\n<ul data-start=\"1940\" data-end=\"2114\">\n<li data-start=\"1940\" data-end=\"2008\">\n<p data-start=\"1942\" data-end=\"2008\">Finition int\u00e9rieure exclusive avec sellerie sp\u00e9cifique Parkertex<\/p>\n<\/li>\n<li data-start=\"2009\" data-end=\"2061\">\n<p data-start=\"2011\" data-end=\"2061\">D\u00e9tails luxueux suppl\u00e9mentaires dans l\u2019habitacle<\/p>\n<\/li>\n<li data-start=\"2062\" data-end=\"2114\">\n<p data-start=\"2064\" data-end=\"2114\">Mod\u00e8le produit en s\u00e9rie limit\u00e9e ou personnalis\u00e9e<\/p>\n<\/li>\n<\/ul>\n<h4 data-start=\"2116\" data-end=\"2153\"><strong data-start=\"2121\" data-end=\"2151\">Valeur et Collectibilit\u00e9 :<\/strong><\/h4>\n<ul data-start=\"2154\" data-end=\"2330\">\n<li data-start=\"2154\" data-end=\"2208\">\n<p data-start=\"2156\" data-end=\"2208\">V\u00e9hicule de prestige, appr\u00e9ci\u00e9 des collectionneurs<\/p>\n<\/li>\n<li data-start=\"2209\" data-end=\"2273\">\n<p data-start=\"2211\" data-end=\"2273\">Entretien co\u00fbteux mais qualit\u00e9 de fabrication exceptionnelle<\/p>\n<\/li>\n<li data-start=\"2274\" data-end=\"2330\">\n<p data-start=\"2276\" data-end=\"2330\">Valeur en hausse pour les exemplaires bien conserv\u00e9s<\/p>\n<\/li>\n<\/ul>","protected":false},"excerpt":{"rendered":"<p>Fiche Technique \u2013 1981 Rolls-Royce Silver Spur Parkertex RHD Informations G\u00e9n\u00e9rales : Marque : Rolls-Royce Mod\u00e8le : Silver Spur Parkertex [&hellip;]<\/p>","protected":false},"featured_media":769,"comment_status":"open","ping_status":"closed","template":"","meta":{"_uag_custom_page_level_css":"","site-sidebar-layout":"default","site-content-layout":"","ast-site-content-layout":"default","site-content-style":"default","site-sidebar-style":"default","ast-global-header-display":"","ast-banner-title-visibility":"","ast-main-header-display":"","ast-hfb-above-header-display":"","ast-hfb-below-header-display":"","ast-hfb-mobile-header-display":"","site-post-title":"","ast-breadcrumbs-content":"","ast-featured-img":"","footer-sml-layout":"","theme-transparent-header-meta":"default","adv-header-id-meta":"","stick-header-meta":"","header-above-stick-meta":"","header-main-stick-meta":"","header-below-stick-meta":"","astra-migrate-meta-layouts":"set","ast-page-background-enabled":"default","ast-page-background-meta":{"desktop":{"background-color":"var(--ast-global-color-4)","background-image":"","background-repeat":"repeat","background-position":"center center","background-size":"auto","background-attachment":"scroll","background-type":"","background-media":"","overlay-type":"","overlay-color":"","overlay-opacity":"","overlay-gradient":""},"tablet":{"background-color":"","background-image":"","background-repeat":"repeat","background-position":"center center","background-size":"auto","background-attachment":"scroll","background-type":"","background-media":"","overlay-type":"","overlay-color":"","overlay-opacity":"","overlay-gradient":""},"mobile":{"background-color":"","background-image":"","background-repeat":"repeat","background-position":"center center","background-size":"auto","background-attachment":"scroll","background-type":"","background-media":"","overlay-type":"","overlay-color":"","overlay-opacity":"","overlay-gradient":""}},"ast-content-background-meta":{"desktop":{"background-color":"var(--ast-global-color-5)","background-image":"","background-repeat":"repeat","background-position":"center center","background-size":"auto","background-attachment":"scroll","background-type":"","background-media":"","overlay-type":"","overlay-color":"","overlay-opacity":"","overlay-gradient":""},"tablet":{"background-color":"var(--ast-global-color-5)","background-image":"","background-repeat":"repeat","background-position":"center center","background-size":"auto","background-attachment":"scroll","background-type":"","background-media":"","overlay-type":"","overlay-color":"","overlay-opacity":"","overlay-gradient":""},"mobile":{"background-color":"var(--ast-global-color-5)","background-image":"","background-repeat":"repeat","background-position":"center center","background-size":"auto","background-attachment":"scroll","background-type":"","background-media":"","overlay-type":"","overlay-color":"","overlay-opacity":"","overlay-gradient":""}}},"product_brand":[],"product_cat":[24],"product_tag":[],"class_list":{"0":"post-763","1":"product","2":"type-product","3":"status-publish","4":"has-post-thumbnail","6":"product_cat-rolls-royce","7":"desktop-align-left","8":"tablet-align-left","9":"mobile-align-left","11":"first","12":"instock","13":"shipping-taxable","14":"purchasable","15":"product-type-simple"},"aioseo_notices":[],"uagb_featured_image_src":{"full":["https:\/\/albionclassiccars.com\/wp-content\/uploads\/2025\/06\/spur21-scaled.jpg",2560,1707,false],"thumbnail":["https:\/\/albionclassiccars.com\/wp-content\/uploads\/2025\/06\/spur21-150x150.jpg",150,150,true],"medium":["https:\/\/albionclassiccars.com\/wp-content\/uploads\/2025\/06\/spur21-300x200.jpg",300,200,true],"medium_large":["https:\/\/albionclassiccars.com\/wp-content\/uploads\/2025\/06\/spur21-768x512.jpg",768,512,true],"large":["https:\/\/albionclassiccars.com\/wp-content\/uploads\/2025\/06\/spur21-1024x683.jpg",1024,683,true],"1536x1536":["https:\/\/albionclassiccars.com\/wp-content\/uploads\/2025\/06\/spur21-1536x1024.jpg",1536,1024,true],"2048x2048":["https:\/\/albionclassiccars.com\/wp-content\/uploads\/2025\/06\/spur21-2048x1365.jpg",2048,1365,true],"trp-custom-language-flag":["https:\/\/albionclassiccars.com\/wp-content\/uploads\/2025\/06\/spur21-scaled.jpg",18,12,false],"woocommerce_thumbnail":["https:\/\/albionclassiccars.com\/wp-content\/uploads\/2025\/06\/spur21-scaled.jpg",2560,1707,false],"woocommerce_single":["https:\/\/albionclassiccars.com\/wp-content\/uploads\/2025\/06\/spur21-scaled.jpg",2560,1707,false],"woocommerce_gallery_thumbnail":["https:\/\/albionclassiccars.com\/wp-content\/uploads\/2025\/06\/spur21-scaled-100x100.jpg",100,100,true]},"uagb_author_info":{"display_name":"williamal.labis@gmail.com","author_link":"https:\/\/albionclassiccars.com\/en\/author\/"},"uagb_comment_info":0,"uagb_excerpt":"Fiche Technique \u2013 1981 Rolls-Royce Silver Spur Parkertex RHD Informations G\u00e9n\u00e9rales : Marque : Rolls-Royce Mod\u00e8le : Silver Spur Parkertex [&hellip;]","_links":{"self":[{"href":"https:\/\/albionclassiccars.com\/en\/wp-json\/wp\/v2\/product\/763","targetHints":{"allow":["GET"]}}],"collection":[{"href":"https:\/\/albionclassiccars.com\/en\/wp-json\/wp\/v2\/product"}],"about":[{"href":"https:\/\/albionclassiccars.com\/en\/wp-json\/wp\/v2\/types\/product"}],"replies":[{"embeddable":true,"href":"https:\/\/albionclassiccars.com\/en\/wp-json\/wp\/v2\/comments?post=763"}],"wp:featuredmedia":[{"embeddable":true,"href":"https:\/\/albionclassiccars.com\/en\/wp-json\/wp\/v2\/media\/769"}],"wp:attachment":[{"href":"https:\/\/albionclassiccars.com\/en\/wp-json\/wp\/v2\/media?parent=763"}],"wp:term":[{"taxonomy":"product_brand","embeddable":true,"href":"https:\/\/albionclassiccars.com\/en\/wp-json\/wp\/v2\/product_brand?post=763"},{"taxonomy":"product_cat","embeddable":true,"href":"https:\/\/albionclassiccars.com\/en\/wp-json\/wp\/v2\/product_cat?post=763"},{"taxonomy":"product_tag","embeddable":true,"href":"https:\/\/albionclassiccars.com\/en\/wp-json\/wp\/v2\/product_tag?post=763"}],"curies":[{"name":"wp","href":"https:\/\/api.w.org\/{rel}","templated":true}]}}