{"id":751,"date":"2025-06-03T14:06:46","date_gmt":"2025-06-03T14:06:46","guid":{"rendered":"https:\/\/albionclassiccars.com\/?post_type=product&#038;p=751"},"modified":"2025-09-30T20:42:57","modified_gmt":"2025-09-30T20:42:57","slug":"1978-corvette-c3-pace-car","status":"publish","type":"product","link":"https:\/\/albionclassiccars.com\/en\/product\/1978-corvette-c3-pace-car\/","title":{"rendered":"1978 Corvette C3 Pace Car"},"content":{"rendered":"<h3 data-start=\"0\" data-end=\"69\"><strong data-start=\"4\" data-end=\"67\">Fiche Technique \u2013 1978 Chevrolet Corvette C3 Pace Car (LHD)<\/strong><\/h3>\n<h4 data-start=\"71\" data-end=\"106\"><strong data-start=\"76\" data-end=\"104\">General information :<\/strong><\/h4>\n<ul data-start=\"107\" data-end=\"314\">\n<li data-start=\"107\" data-end=\"133\">\n<p data-start=\"109\" data-end=\"133\"><strong data-start=\"109\" data-end=\"121\">Marque :<\/strong> Chevrolet<\/p>\n<\/li>\n<li data-start=\"134\" data-end=\"171\">\n<p data-start=\"136\" data-end=\"171\"><strong data-start=\"136\" data-end=\"148\">Mod\u00e8le :<\/strong> Corvette C3 Pace Car<\/p>\n<\/li>\n<li data-start=\"172\" data-end=\"192\">\n<p data-start=\"174\" data-end=\"192\"><strong data-start=\"174\" data-end=\"185\">Ann\u00e9e :<\/strong> 1978<\/p>\n<\/li>\n<li data-start=\"193\" data-end=\"238\">\n<p data-start=\"195\" data-end=\"238\"><strong data-start=\"195\" data-end=\"208\">Version :<\/strong> <strong data-start=\"209\" data-end=\"236\">Conduite \u00e0 gauche (LHD)<\/strong><\/p>\n<\/li>\n<li data-start=\"239\" data-end=\"266\">\n<p data-start=\"241\" data-end=\"266\"><strong data-start=\"241\" data-end=\"258\">Carrosserie :<\/strong> Coup\u00e9<\/p>\n<\/li>\n<li data-start=\"267\" data-end=\"295\">\n<p data-start=\"269\" data-end=\"295\"><strong data-start=\"269\" data-end=\"291\">Nombre de portes :<\/strong> 2<\/p>\n<\/li>\n<li data-start=\"296\" data-end=\"314\">\n<p data-start=\"298\" data-end=\"314\"><strong data-start=\"298\" data-end=\"310\">Places :<\/strong> 2<\/p>\n<\/li>\n<\/ul>\n<h4 data-start=\"316\" data-end=\"351\"><strong data-start=\"321\" data-end=\"349\">Moteur et Performances :<\/strong><\/h4>\n<ul data-start=\"352\" data-end=\"716\">\n<li data-start=\"352\" data-end=\"379\">\n<p data-start=\"354\" data-end=\"379\"><strong data-start=\"354\" data-end=\"374\">Type de moteur :<\/strong> V8<\/p>\n<\/li>\n<li data-start=\"380\" data-end=\"420\">\n<p data-start=\"382\" data-end=\"420\"><strong data-start=\"382\" data-end=\"397\">Cylindr\u00e9e :<\/strong> <strong data-start=\"398\" data-end=\"418\">5.7 L (5735 cm\u00b3)<\/strong><\/p>\n<\/li>\n<li data-start=\"421\" data-end=\"466\">\n<p data-start=\"423\" data-end=\"466\"><strong data-start=\"423\" data-end=\"441\">Alimentation :<\/strong> Carburateur (4 barils)<\/p>\n<\/li>\n<li data-start=\"467\" data-end=\"512\">\n<p data-start=\"469\" data-end=\"512\"><strong data-start=\"469\" data-end=\"484\">Puissance :<\/strong> <strong data-start=\"485\" data-end=\"495\">220 ch<\/strong> \u00e0 4 400 tr\/min<\/p>\n<\/li>\n<li data-start=\"513\" data-end=\"563\">\n<p data-start=\"515\" data-end=\"563\"><strong data-start=\"515\" data-end=\"527\">Couple :<\/strong> Environ <strong data-start=\"536\" data-end=\"546\">460 Nm<\/strong> \u00e0 3 200 tr\/min<\/p>\n<\/li>\n<li data-start=\"564\" data-end=\"607\">\n<p data-start=\"566\" data-end=\"607\"><strong data-start=\"566\" data-end=\"584\">Transmission :<\/strong> <strong data-start=\"585\" data-end=\"605\">Propulsion (RWD)<\/strong><\/p>\n<\/li>\n<li data-start=\"608\" data-end=\"716\">\n<p data-start=\"610\" data-end=\"635\"><strong data-start=\"610\" data-end=\"633\">Bo\u00eete de vitesses :<\/strong><\/p>\n<ul data-start=\"638\" data-end=\"716\">\n<li data-start=\"638\" data-end=\"667\">\n<p data-start=\"640\" data-end=\"667\"><strong data-start=\"640\" data-end=\"665\">Manuelle \u00e0 4 rapports<\/strong><\/p>\n<\/li>\n<li data-start=\"670\" data-end=\"716\">\n<p data-start=\"672\" data-end=\"716\"><strong data-start=\"672\" data-end=\"700\">Automatique \u00e0 3 rapports<\/strong> (optionnelle)<\/p>\n<\/li>\n<\/ul>\n<\/li>\n<\/ul>\n<h4 data-start=\"718\" data-end=\"750\"><strong data-start=\"723\" data-end=\"748\">Dimensions et Poids :<\/strong><\/h4>\n<ul data-start=\"751\" data-end=\"907\">\n<li data-start=\"751\" data-end=\"780\">\n<p data-start=\"753\" data-end=\"780\"><strong data-start=\"753\" data-end=\"767\">Longueur :<\/strong> <strong data-start=\"768\" data-end=\"778\">4,57 m<\/strong><\/p>\n<\/li>\n<li data-start=\"781\" data-end=\"809\">\n<p data-start=\"783\" data-end=\"809\"><strong data-start=\"783\" data-end=\"796\">Largeur :<\/strong> <strong data-start=\"797\" data-end=\"807\">1,81 m<\/strong><\/p>\n<\/li>\n<li data-start=\"810\" data-end=\"838\">\n<p data-start=\"812\" data-end=\"838\"><strong data-start=\"812\" data-end=\"825\">Hauteur :<\/strong> <strong data-start=\"826\" data-end=\"836\">1,19 m<\/strong><\/p>\n<\/li>\n<li data-start=\"839\" data-end=\"871\">\n<p data-start=\"841\" data-end=\"871\"><strong data-start=\"841\" data-end=\"858\">Empattement :<\/strong> <strong data-start=\"859\" data-end=\"869\">2,42 m<\/strong><\/p>\n<\/li>\n<li data-start=\"872\" data-end=\"907\">\n<p data-start=\"874\" data-end=\"907\"><strong data-start=\"874\" data-end=\"892\">Poids \u00e0 vide :<\/strong> <strong data-start=\"893\" data-end=\"905\">1 400 kg<\/strong><\/p>\n<\/li>\n<\/ul>\n<h4 data-start=\"909\" data-end=\"943\"><strong data-start=\"914\" data-end=\"941\">Ch\u00e2ssis et Suspension :<\/strong><\/h4>\n<ul data-start=\"944\" data-end=\"1349\">\n<li data-start=\"944\" data-end=\"1021\">\n<p data-start=\"946\" data-end=\"1021\"><strong data-start=\"946\" data-end=\"967\">Type de ch\u00e2ssis :<\/strong> Ch\u00e2ssis en acier avec carrosserie en fibre de verre<\/p>\n<\/li>\n<li data-start=\"1022\" data-end=\"1104\">\n<p data-start=\"1024\" data-end=\"1104\"><strong data-start=\"1024\" data-end=\"1046\">Suspension avant :<\/strong> Ind\u00e9pendante, ressorts h\u00e9lico\u00efdaux et barres de torsion<\/p>\n<\/li>\n<li data-start=\"1105\" data-end=\"1186\">\n<p data-start=\"1107\" data-end=\"1186\"><strong data-start=\"1107\" data-end=\"1131\">Suspension arri\u00e8re :<\/strong> Essieu rigide avec ressorts \u00e0 lames semi-elliptiques<\/p>\n<\/li>\n<li data-start=\"1187\" data-end=\"1306\">\n<p data-start=\"1189\" data-end=\"1203\"><strong data-start=\"1189\" data-end=\"1201\">Freins :<\/strong><\/p>\n<ul data-start=\"1206\" data-end=\"1306\">\n<li data-start=\"1206\" data-end=\"1247\">\n<p data-start=\"1208\" data-end=\"1247\"><strong data-start=\"1208\" data-end=\"1245\">Disques ventil\u00e9s aux quatre roues<\/strong><\/p>\n<\/li>\n<li data-start=\"1250\" data-end=\"1306\">\n<p data-start=\"1252\" data-end=\"1306\"><strong data-start=\"1252\" data-end=\"1304\">Freins \u00e0 tambour arri\u00e8re pour certaines versions<\/strong><\/p>\n<\/li>\n<\/ul>\n<\/li>\n<li data-start=\"1307\" data-end=\"1349\">\n<p data-start=\"1309\" data-end=\"1349\"><strong data-start=\"1309\" data-end=\"1324\">Direction :<\/strong> Assist\u00e9e \u00e0 cr\u00e9maill\u00e8re<\/p>\n<\/li>\n<\/ul>\n<h4 data-start=\"1351\" data-end=\"1392\"><strong data-start=\"1356\" data-end=\"1390\">Performances et Consommation :<\/strong><\/h4>\n<ul data-start=\"1393\" data-end=\"1569\">\n<li data-start=\"1393\" data-end=\"1432\">\n<p data-start=\"1395\" data-end=\"1432\"><strong data-start=\"1395\" data-end=\"1417\">Vitesse maximale :<\/strong> <strong data-start=\"1418\" data-end=\"1430\">200 km\/h<\/strong><\/p>\n<\/li>\n<li data-start=\"1433\" data-end=\"1478\">\n<p data-start=\"1435\" data-end=\"1478\"><strong data-start=\"1435\" data-end=\"1451\">0-100 km\/h :<\/strong> Environ <strong data-start=\"1460\" data-end=\"1476\">6,5 secondes<\/strong><\/p>\n<\/li>\n<li data-start=\"1479\" data-end=\"1528\">\n<p data-start=\"1481\" data-end=\"1528\"><strong data-start=\"1481\" data-end=\"1507\">Consommation moyenne :<\/strong> <strong data-start=\"1508\" data-end=\"1526\">15-18 L\/100 km<\/strong><\/p>\n<\/li>\n<li data-start=\"1529\" data-end=\"1569\">\n<p data-start=\"1531\" data-end=\"1569\"><strong data-start=\"1531\" data-end=\"1558\">Capacit\u00e9 du r\u00e9servoir :<\/strong> <strong data-start=\"1559\" data-end=\"1567\">73 L<\/strong><\/p>\n<\/li>\n<\/ul>\n<h4 data-start=\"1571\" data-end=\"1607\"><strong data-start=\"1576\" data-end=\"1605\">\u00c9quipement et Finitions :<\/strong><\/h4>\n<ul data-start=\"1608\" data-end=\"2079\">\n<li data-start=\"1608\" data-end=\"1699\">\n<p data-start=\"1610\" data-end=\"1699\"><strong data-start=\"1610\" data-end=\"1624\">Sellerie :<\/strong> Cuir, version sp\u00e9cifique avec un design bicolore pour le mod\u00e8le Pace Car<\/p>\n<\/li>\n<li data-start=\"1700\" data-end=\"1770\">\n<p data-start=\"1702\" data-end=\"1770\"><strong data-start=\"1702\" data-end=\"1723\">Tableau de bord :<\/strong> Instruments classiques avec finitions chrome<\/p>\n<\/li>\n<li data-start=\"1771\" data-end=\"1821\">\n<p data-start=\"1773\" data-end=\"1821\"><strong data-start=\"1773\" data-end=\"1785\">Capote :<\/strong> Non applicable, carrosserie coup\u00e9<\/p>\n<\/li>\n<li data-start=\"1822\" data-end=\"1854\">\n<p data-start=\"1824\" data-end=\"1854\"><strong data-start=\"1824\" data-end=\"1848\">Vitres \u00e9lectriques :<\/strong> Oui<\/p>\n<\/li>\n<li data-start=\"1855\" data-end=\"1906\">\n<p data-start=\"1857\" data-end=\"1906\"><strong data-start=\"1857\" data-end=\"1869\">Si\u00e8ges :<\/strong> Si\u00e8ges en cuir avec r\u00e9glage manuel<\/p>\n<\/li>\n<li data-start=\"1907\" data-end=\"1974\">\n<p data-start=\"1909\" data-end=\"1974\"><strong data-start=\"1909\" data-end=\"1928\">Syst\u00e8me audio :<\/strong> Radio AM\/FM avec lecteur 8 pistes d\u2019origine<\/p>\n<\/li>\n<li data-start=\"1975\" data-end=\"2010\">\n<p data-start=\"1977\" data-end=\"2010\"><strong data-start=\"1977\" data-end=\"2004\">Fermeture centralis\u00e9e :<\/strong> Non<\/p>\n<\/li>\n<li data-start=\"2011\" data-end=\"2079\">\n<p data-start=\"2013\" data-end=\"2079\"><strong data-start=\"2013\" data-end=\"2024\">Pneus :<\/strong> Jantes en aluminium sp\u00e9cifiques aux mod\u00e8les Pace Car<\/p>\n<\/li>\n<\/ul>\n<h4 data-start=\"2081\" data-end=\"2118\"><strong data-start=\"2086\" data-end=\"2116\">Particularit\u00e9s du Mod\u00e8le :<\/strong><\/h4>\n<ul data-start=\"2119\" data-end=\"3044\">\n<li data-start=\"2119\" data-end=\"2297\">\n<p data-start=\"2121\" data-end=\"2297\">La <strong data-start=\"2124\" data-end=\"2153\">Corvette C3 Pace Car 1978<\/strong> a \u00e9t\u00e9 la voiture officielle de la <strong data-start=\"2188\" data-end=\"2208\">Indianapolis 500<\/strong> en 1978, un mod\u00e8le comm\u00e9moratif particuli\u00e8rement pris\u00e9 par les fans et collectionneurs<\/p>\n<\/li>\n<li data-start=\"2298\" data-end=\"2478\">\n<p data-start=\"2300\" data-end=\"2478\">Cette \u00e9dition sp\u00e9ciale \u00e9tait <strong data-start=\"2329\" data-end=\"2354\">limit\u00e9 \u00e0 6 502 unit\u00e9s<\/strong> produites, avec des <strong data-start=\"2375\" data-end=\"2403\">d\u00e9corations distinctives<\/strong> comme la peinture bicolore (blanc et noir) et les graphiques du Pace Car<\/p>\n<\/li>\n<li data-start=\"2479\" data-end=\"2623\">\n<p data-start=\"2481\" data-end=\"2623\">Le mod\u00e8le <strong data-start=\"2491\" data-end=\"2497\">C3<\/strong> repr\u00e9sente l&rsquo;un des designs les plus embl\u00e9matiques de la <strong data-start=\"2555\" data-end=\"2567\">Corvette<\/strong> avec ses lignes puissantes et ses phares escamotables<\/p>\n<\/li>\n<li data-start=\"2624\" data-end=\"2764\">\n<p data-start=\"2626\" data-end=\"2764\"><strong data-start=\"2626\" data-end=\"2648\">Version \u00ab\u00a0Pace Car\u00a0\u00bb<\/strong> \u00e9quip\u00e9e d\u2019un moteur de <strong data-start=\"2672\" data-end=\"2681\">5.7 L<\/strong> \u00e0 carburateur offrant un bon compromis entre performance et conduite confortable<\/p>\n<\/li>\n<li data-start=\"2765\" data-end=\"2893\">\n<p data-start=\"2767\" data-end=\"2893\">Carrosserie en <strong data-start=\"2782\" data-end=\"2800\">fibre de verre<\/strong> l\u00e9g\u00e8re et r\u00e9sistante, contribuant \u00e0 la performance et \u00e0 l&rsquo;esth\u00e9tique sportive de ce mod\u00e8le<\/p>\n<\/li>\n<li data-start=\"2894\" data-end=\"3044\">\n<p data-start=\"2896\" data-end=\"3044\"><strong data-start=\"2896\" data-end=\"2924\">Restaurations fr\u00e9quentes<\/strong> et encore tr\u00e8s populaires dans les \u00e9v\u00e9nements automobiles, avec une <strong data-start=\"2993\" data-end=\"3008\">cote \u00e9lev\u00e9e<\/strong> sur le march\u00e9 des collectionneurs<\/p>\n<\/li>\n<\/ul>\n<h4 data-start=\"3046\" data-end=\"3083\"><strong data-start=\"3051\" data-end=\"3081\">Valeur et Collectibilit\u00e9 :<\/strong><\/h4>\n<ul data-start=\"3084\" data-end=\"3557\">\n<li data-start=\"3084\" data-end=\"3192\">\n<p data-start=\"3086\" data-end=\"3192\"><strong data-start=\"3086\" data-end=\"3106\">Mod\u00e8le recherch\u00e9<\/strong> et particuli\u00e8rement appr\u00e9ci\u00e9 pour son lien avec l&rsquo;histoire des <strong data-start=\"3170\" data-end=\"3190\">Indianapolis 500<\/strong><\/p>\n<\/li>\n<li data-start=\"3193\" data-end=\"3310\">\n<p data-start=\"3195\" data-end=\"3310\"><strong data-start=\"3195\" data-end=\"3214\">Edition limit\u00e9e<\/strong> de 6 502 exemplaires, avec une <strong data-start=\"3246\" data-end=\"3267\">valeur croissante<\/strong> sur le march\u00e9 des voitures de collection<\/p>\n<\/li>\n<li data-start=\"3311\" data-end=\"3459\">\n<p data-start=\"3313\" data-end=\"3459\"><strong data-start=\"3313\" data-end=\"3333\">Version Pace Car<\/strong> consid\u00e9r\u00e9e comme un <strong data-start=\"3354\" data-end=\"3382\">excellent investissement<\/strong>, notamment pour ceux qui recherchent un mod\u00e8le avec un h\u00e9ritage historique<\/p>\n<\/li>\n<li data-start=\"3460\" data-end=\"3557\">\n<p data-start=\"3462\" data-end=\"3557\">Collect\u00e9 par les passionn\u00e9s de <strong data-start=\"3493\" data-end=\"3505\">Corvette<\/strong> et les amateurs de voitures de course historiques<\/p>\n<\/li>\n<\/ul>","protected":false},"excerpt":{"rendered":"<p>Fiche Technique \u2013 1978 Chevrolet Corvette C3 Pace Car (LHD) Informations G\u00e9n\u00e9rales : Marque : Chevrolet Mod\u00e8le : Corvette C3 [&hellip;]<\/p>","protected":false},"featured_media":1059,"comment_status":"open","ping_status":"closed","template":"","meta":{"_uag_custom_page_level_css":"","site-sidebar-layout":"default","site-content-layout":"","ast-site-content-layout":"default","site-content-style":"default","site-sidebar-style":"default","ast-global-header-display":"","ast-banner-title-visibility":"","ast-main-header-display":"","ast-hfb-above-header-display":"","ast-hfb-below-header-display":"","ast-hfb-mobile-header-display":"","site-post-title":"","ast-breadcrumbs-content":"","ast-featured-img":"","footer-sml-layout":"","ast-disable-related-posts":"","theme-transparent-header-meta":"default","adv-header-id-meta":"","stick-header-meta":"","header-above-stick-meta":"","header-main-stick-meta":"","header-below-stick-meta":"","astra-migrate-meta-layouts":"set","ast-page-background-enabled":"default","ast-page-background-meta":{"desktop":{"background-color":"var(--ast-global-color-4)","background-image":"","background-repeat":"repeat","background-position":"center center","background-size":"auto","background-attachment":"scroll","background-type":"","background-media":"","overlay-type":"","overlay-color":"","overlay-opacity":"","overlay-gradient":""},"tablet":{"background-color":"","background-image":"","background-repeat":"repeat","background-position":"center center","background-size":"auto","background-attachment":"scroll","background-type":"","background-media":"","overlay-type":"","overlay-color":"","overlay-opacity":"","overlay-gradient":""},"mobile":{"background-color":"","background-image":"","background-repeat":"repeat","background-position":"center center","background-size":"auto","background-attachment":"scroll","background-type":"","background-media":"","overlay-type":"","overlay-color":"","overlay-opacity":"","overlay-gradient":""}},"ast-content-background-meta":{"desktop":{"background-color":"var(--ast-global-color-5)","background-image":"","background-repeat":"repeat","background-position":"center center","background-size":"auto","background-attachment":"scroll","background-type":"","background-media":"","overlay-type":"","overlay-color":"","overlay-opacity":"","overlay-gradient":""},"tablet":{"background-color":"var(--ast-global-color-5)","background-image":"","background-repeat":"repeat","background-position":"center center","background-size":"auto","background-attachment":"scroll","background-type":"","background-media":"","overlay-type":"","overlay-color":"","overlay-opacity":"","overlay-gradient":""},"mobile":{"background-color":"var(--ast-global-color-5)","background-image":"","background-repeat":"repeat","background-position":"center center","background-size":"auto","background-attachment":"scroll","background-type":"","background-media":"","overlay-type":"","overlay-color":"","overlay-opacity":"","overlay-gradient":""}}},"product_brand":[],"product_cat":[23],"product_tag":[],"class_list":{"0":"post-751","1":"product","2":"type-product","3":"status-publish","4":"has-post-thumbnail","6":"product_cat-corvette","7":"desktop-align-left","8":"tablet-align-left","9":"mobile-align-left","11":"first","12":"instock","13":"shipping-taxable","14":"purchasable","15":"product-type-simple"},"aioseo_notices":[],"uagb_featured_image_src":{"full":["https:\/\/albionclassiccars.com\/wp-content\/uploads\/2025\/06\/IMG_20240328_155202-Modifie-scaled.jpg",2560,1920,false],"thumbnail":["https:\/\/albionclassiccars.com\/wp-content\/uploads\/2025\/06\/IMG_20240328_155202-Modifie-150x150.jpg",150,150,true],"medium":["https:\/\/albionclassiccars.com\/wp-content\/uploads\/2025\/06\/IMG_20240328_155202-Modifie-300x225.jpg",300,225,true],"medium_large":["https:\/\/albionclassiccars.com\/wp-content\/uploads\/2025\/06\/IMG_20240328_155202-Modifie-768x576.jpg",768,576,true],"large":["https:\/\/albionclassiccars.com\/wp-content\/uploads\/2025\/06\/IMG_20240328_155202-Modifie-1024x768.jpg",1024,768,true],"1536x1536":["https:\/\/albionclassiccars.com\/wp-content\/uploads\/2025\/06\/IMG_20240328_155202-Modifie-1536x1152.jpg",1536,1152,true],"2048x2048":["https:\/\/albionclassiccars.com\/wp-content\/uploads\/2025\/06\/IMG_20240328_155202-Modifie-2048x1536.jpg",2048,1536,true],"trp-custom-language-flag":["https:\/\/albionclassiccars.com\/wp-content\/uploads\/2025\/06\/IMG_20240328_155202-Modifie-scaled.jpg",16,12,false],"woocommerce_thumbnail":["https:\/\/albionclassiccars.com\/wp-content\/uploads\/2025\/06\/IMG_20240328_155202-Modifie-scaled.jpg",2560,1920,false],"woocommerce_single":["https:\/\/albionclassiccars.com\/wp-content\/uploads\/2025\/06\/IMG_20240328_155202-Modifie-scaled.jpg",2560,1920,false],"woocommerce_gallery_thumbnail":["https:\/\/albionclassiccars.com\/wp-content\/uploads\/2025\/06\/IMG_20240328_155202-Modifie-100x100.jpg",100,100,true]},"uagb_author_info":{"display_name":"williamal.labis@gmail.com","author_link":"https:\/\/albionclassiccars.com\/en\/author\/"},"uagb_comment_info":0,"uagb_excerpt":"Fiche Technique \u2013 1978 Chevrolet Corvette C3 Pace Car (LHD) Informations G\u00e9n\u00e9rales : Marque : Chevrolet Mod\u00e8le : Corvette C3 [&hellip;]","_links":{"self":[{"href":"https:\/\/albionclassiccars.com\/en\/wp-json\/wp\/v2\/product\/751","targetHints":{"allow":["GET"]}}],"collection":[{"href":"https:\/\/albionclassiccars.com\/en\/wp-json\/wp\/v2\/product"}],"about":[{"href":"https:\/\/albionclassiccars.com\/en\/wp-json\/wp\/v2\/types\/product"}],"replies":[{"embeddable":true,"href":"https:\/\/albionclassiccars.com\/en\/wp-json\/wp\/v2\/comments?post=751"}],"wp:featuredmedia":[{"embeddable":true,"href":"https:\/\/albionclassiccars.com\/en\/wp-json\/wp\/v2\/media\/1059"}],"wp:attachment":[{"href":"https:\/\/albionclassiccars.com\/en\/wp-json\/wp\/v2\/media?parent=751"}],"wp:term":[{"taxonomy":"product_brand","embeddable":true,"href":"https:\/\/albionclassiccars.com\/en\/wp-json\/wp\/v2\/product_brand?post=751"},{"taxonomy":"product_cat","embeddable":true,"href":"https:\/\/albionclassiccars.com\/en\/wp-json\/wp\/v2\/product_cat?post=751"},{"taxonomy":"product_tag","embeddable":true,"href":"https:\/\/albionclassiccars.com\/en\/wp-json\/wp\/v2\/product_tag?post=751"}],"curies":[{"name":"wp","href":"https:\/\/api.w.org\/{rel}","templated":true}]}}