{"id":692,"date":"2025-06-02T23:26:56","date_gmt":"2025-06-02T23:26:56","guid":{"rendered":"https:\/\/albionclassiccars.com\/?post_type=product&#038;p=692"},"modified":"2025-09-30T20:36:26","modified_gmt":"2025-09-30T20:36:26","slug":"1965-rolls-royce-silver-cloud-iii-lhd-aircon","status":"publish","type":"product","link":"https:\/\/albionclassiccars.com\/en\/product\/1965-rolls-royce-silver-cloud-iii-lhd-aircon\/","title":{"rendered":"1965 Rolls-Royce Silver Cloud III LHD Aircon"},"content":{"rendered":"<h3 data-start=\"0\" data-end=\"75\"><strong data-start=\"4\" data-end=\"73\">Fiche Technique \u2013 1965 Rolls-Royce Silver Cloud III (LHD, Aircon)<\/strong><\/h3>\n<h4 data-start=\"77\" data-end=\"112\"><strong data-start=\"82\" data-end=\"110\">General information :<\/strong><\/h4>\n<ul data-start=\"113\" data-end=\"358\">\n<li data-start=\"113\" data-end=\"141\">\n<p data-start=\"115\" data-end=\"141\" class=\"translation-block\"><strong data-start=\"111\" data-end=\"123\">Marque :<\/strong> Rolls-Royce<\/p>\n<\/li>\n<li data-start=\"142\" data-end=\"175\">\n<p data-start=\"144\" data-end=\"175\"><strong data-start=\"144\" data-end=\"156\">Mod\u00e8le :<\/strong> Silver Cloud III<\/p>\n<\/li>\n<li data-start=\"176\" data-end=\"196\">\n<p data-start=\"178\" data-end=\"196\"><strong data-start=\"178\" data-end=\"189\">Ann\u00e9e :<\/strong> 1965<\/p>\n<\/li>\n<li data-start=\"197\" data-end=\"270\">\n<p data-start=\"199\" data-end=\"270\"><strong data-start=\"199\" data-end=\"212\">Version :<\/strong> <strong data-start=\"213\" data-end=\"268\">Conduite \u00e0 gauche (LHD) avec climatisation (Aircon)<\/strong><\/p>\n<\/li>\n<li data-start=\"271\" data-end=\"308\">\n<p data-start=\"273\" data-end=\"308\"><strong data-start=\"273\" data-end=\"290\">Carrosserie :<\/strong> Berline de luxe<\/p>\n<\/li>\n<li data-start=\"309\" data-end=\"337\">\n<p data-start=\"311\" data-end=\"337\"><strong data-start=\"311\" data-end=\"333\">Nombre de portes :<\/strong> 4<\/p>\n<\/li>\n<li data-start=\"338\" data-end=\"358\">\n<p data-start=\"340\" data-end=\"358\"><strong data-start=\"340\" data-end=\"352\">Places :<\/strong> 5-6<\/p>\n<\/li>\n<\/ul>\n<h4 data-start=\"360\" data-end=\"395\"><strong data-start=\"365\" data-end=\"393\">Moteur et Performances :<\/strong><\/h4>\n<ul data-start=\"396\" data-end=\"779\">\n<li data-start=\"396\" data-end=\"423\">\n<p data-start=\"398\" data-end=\"423\"><strong data-start=\"398\" data-end=\"418\">Type de moteur :<\/strong> V8<\/p>\n<\/li>\n<li data-start=\"424\" data-end=\"464\">\n<p data-start=\"426\" data-end=\"464\"><strong data-start=\"426\" data-end=\"441\">Cylindr\u00e9e :<\/strong> <strong data-start=\"442\" data-end=\"462\">6.2 L (6230 cm\u00b3)<\/strong><\/p>\n<\/li>\n<li data-start=\"465\" data-end=\"515\">\n<p data-start=\"467\" data-end=\"515\"><strong data-start=\"467\" data-end=\"485\">Alimentation :<\/strong> Carburateur double corps SU<\/p>\n<\/li>\n<li data-start=\"516\" data-end=\"608\">\n<p data-start=\"518\" data-end=\"608\"><strong data-start=\"518\" data-end=\"533\">Puissance :<\/strong> <strong data-start=\"534\" data-end=\"552\">Environ 220 ch<\/strong> (Rolls-Royce ne communiquait pas la puissance exacte)<\/p>\n<\/li>\n<li data-start=\"609\" data-end=\"644\">\n<p data-start=\"611\" data-end=\"644\"><strong data-start=\"611\" data-end=\"623\">Couple :<\/strong> Environ <strong data-start=\"632\" data-end=\"642\">500 Nm<\/strong><\/p>\n<\/li>\n<li data-start=\"645\" data-end=\"688\">\n<p data-start=\"647\" data-end=\"688\"><strong data-start=\"647\" data-end=\"665\">Transmission :<\/strong> <strong data-start=\"666\" data-end=\"686\">Propulsion (RWD)<\/strong><\/p>\n<\/li>\n<li data-start=\"689\" data-end=\"779\">\n<p data-start=\"691\" data-end=\"716\"><strong data-start=\"691\" data-end=\"714\">Bo\u00eete de vitesses :<\/strong><\/p>\n<ul data-start=\"719\" data-end=\"779\">\n<li data-start=\"719\" data-end=\"779\">\n<p data-start=\"721\" data-end=\"779\"><strong data-start=\"721\" data-end=\"777\">Automatique \u00e0 4 rapports (General Motors Hydramatic)<\/strong><\/p>\n<\/li>\n<\/ul>\n<\/li>\n<\/ul>\n<h4 data-start=\"781\" data-end=\"813\"><strong data-start=\"786\" data-end=\"811\">Dimensions et Poids :<\/strong><\/h4>\n<ul data-start=\"814\" data-end=\"970\">\n<li data-start=\"814\" data-end=\"843\">\n<p data-start=\"816\" data-end=\"843\"><strong data-start=\"816\" data-end=\"830\">Longueur :<\/strong> <strong data-start=\"831\" data-end=\"841\">5,38 m<\/strong><\/p>\n<\/li>\n<li data-start=\"844\" data-end=\"872\">\n<p data-start=\"846\" data-end=\"872\"><strong data-start=\"846\" data-end=\"859\">Largeur :<\/strong> <strong data-start=\"860\" data-end=\"870\">1,90 m<\/strong><\/p>\n<\/li>\n<li data-start=\"873\" data-end=\"901\">\n<p data-start=\"875\" data-end=\"901\"><strong data-start=\"875\" data-end=\"888\">Hauteur :<\/strong> <strong data-start=\"889\" data-end=\"899\">1,63 m<\/strong><\/p>\n<\/li>\n<li data-start=\"902\" data-end=\"934\">\n<p data-start=\"904\" data-end=\"934\"><strong data-start=\"904\" data-end=\"921\">Empattement :<\/strong> <strong data-start=\"922\" data-end=\"932\">3,12 m<\/strong><\/p>\n<\/li>\n<li data-start=\"935\" data-end=\"970\">\n<p data-start=\"937\" data-end=\"970\"><strong data-start=\"937\" data-end=\"955\">Poids \u00e0 vide :<\/strong> <strong data-start=\"956\" data-end=\"968\">1 950 kg<\/strong><\/p>\n<\/li>\n<\/ul>\n<h4 data-start=\"972\" data-end=\"1006\"><strong data-start=\"977\" data-end=\"1004\">Ch\u00e2ssis et Suspension :<\/strong><\/h4>\n<ul data-start=\"1007\" data-end=\"1374\">\n<li data-start=\"1007\" data-end=\"1095\">\n<p data-start=\"1009\" data-end=\"1095\"><strong data-start=\"1009\" data-end=\"1030\">Type de ch\u00e2ssis :<\/strong> Ch\u00e2ssis s\u00e9par\u00e9 en acier avec carrosserie en aluminium et acier<\/p>\n<\/li>\n<li data-start=\"1096\" data-end=\"1157\">\n<p data-start=\"1098\" data-end=\"1157\"><strong data-start=\"1098\" data-end=\"1120\">Suspension avant :<\/strong> Ind\u00e9pendante, ressorts h\u00e9lico\u00efdaux<\/p>\n<\/li>\n<li data-start=\"1158\" data-end=\"1239\">\n<p data-start=\"1160\" data-end=\"1239\"><strong data-start=\"1160\" data-end=\"1184\">Suspension arri\u00e8re :<\/strong> Essieu rigide avec ressorts \u00e0 lames semi-elliptiques<\/p>\n<\/li>\n<li data-start=\"1240\" data-end=\"1345\">\n<p data-start=\"1242\" data-end=\"1256\"><strong data-start=\"1242\" data-end=\"1254\">Freins :<\/strong><\/p>\n<ul data-start=\"1259\" data-end=\"1345\">\n<li data-start=\"1259\" data-end=\"1300\">\n<p data-start=\"1261\" data-end=\"1300\"><strong data-start=\"1261\" data-end=\"1298\">Disques avant et tambours arri\u00e8re<\/strong><\/p>\n<\/li>\n<li data-start=\"1303\" data-end=\"1345\">\n<p data-start=\"1305\" data-end=\"1345\"><strong data-start=\"1305\" data-end=\"1343\">Assistance hydraulique Rolls-Royce<\/strong><\/p>\n<\/li>\n<\/ul>\n<\/li>\n<li data-start=\"1346\" data-end=\"1374\">\n<p data-start=\"1348\" data-end=\"1374\"><strong data-start=\"1348\" data-end=\"1363\">Direction :<\/strong> Assist\u00e9e<\/p>\n<\/li>\n<\/ul>\n<h4 data-start=\"1376\" data-end=\"1417\"><strong data-start=\"1381\" data-end=\"1415\">Performances et Consommation :<\/strong><\/h4>\n<ul data-start=\"1418\" data-end=\"1594\">\n<li data-start=\"1418\" data-end=\"1457\">\n<p data-start=\"1420\" data-end=\"1457\"><strong data-start=\"1420\" data-end=\"1442\">Vitesse maximale :<\/strong> <strong data-start=\"1443\" data-end=\"1455\">185 km\/h<\/strong><\/p>\n<\/li>\n<li data-start=\"1458\" data-end=\"1502\">\n<p data-start=\"1460\" data-end=\"1502\"><strong data-start=\"1460\" data-end=\"1476\">0-100 km\/h :<\/strong> Environ <strong data-start=\"1485\" data-end=\"1500\">11 secondes<\/strong><\/p>\n<\/li>\n<li data-start=\"1503\" data-end=\"1552\">\n<p data-start=\"1505\" data-end=\"1552\"><strong data-start=\"1505\" data-end=\"1531\">Consommation moyenne :<\/strong> <strong data-start=\"1532\" data-end=\"1550\">18-22 L\/100 km<\/strong><\/p>\n<\/li>\n<li data-start=\"1553\" data-end=\"1594\">\n<p data-start=\"1555\" data-end=\"1594\"><strong data-start=\"1555\" data-end=\"1582\">Capacit\u00e9 du r\u00e9servoir :<\/strong> <strong data-start=\"1583\" data-end=\"1592\">102 L<\/strong><\/p>\n<\/li>\n<\/ul>\n<h4 data-start=\"1596\" data-end=\"1632\"><strong data-start=\"1601\" data-end=\"1630\">\u00c9quipement et Finitions :<\/strong><\/h4>\n<ul data-start=\"1633\" data-end=\"2157\">\n<li data-start=\"1633\" data-end=\"1682\">\n<p data-start=\"1635\" data-end=\"1682\"><strong data-start=\"1635\" data-end=\"1649\">Sellerie :<\/strong> Cuir Connolly de haute qualit\u00e9<\/p>\n<\/li>\n<li data-start=\"1683\" data-end=\"1729\">\n<p data-start=\"1685\" data-end=\"1729\"><strong data-start=\"1685\" data-end=\"1700\">Boiseries :<\/strong> Inserts en <strong data-start=\"1712\" data-end=\"1727\">noyer verni<\/strong><\/p>\n<\/li>\n<li data-start=\"1730\" data-end=\"1791\">\n<p data-start=\"1732\" data-end=\"1791\"><strong data-start=\"1732\" data-end=\"1751\">Climatisation :<\/strong> Oui, un \u00e9quipement rare pour l\u2019\u00e9poque<\/p>\n<\/li>\n<li data-start=\"1792\" data-end=\"1824\">\n<p data-start=\"1794\" data-end=\"1824\"><strong data-start=\"1794\" data-end=\"1818\">Vitres \u00e9lectriques :<\/strong> Oui<\/p>\n<\/li>\n<li data-start=\"1825\" data-end=\"1883\">\n<p data-start=\"1827\" data-end=\"1883\"><strong data-start=\"1827\" data-end=\"1839\">Si\u00e8ges :<\/strong> R\u00e9glables manuellement, tr\u00e8s confortables<\/p>\n<\/li>\n<li data-start=\"1884\" data-end=\"1950\">\n<p data-start=\"1886\" data-end=\"1950\"><strong data-start=\"1886\" data-end=\"1905\">Syst\u00e8me audio :<\/strong> Radio d\u2019\u00e9poque avec haut-parleurs int\u00e9gr\u00e9s<\/p>\n<\/li>\n<li data-start=\"1951\" data-end=\"1986\">\n<p data-start=\"1953\" data-end=\"1986\"><strong data-start=\"1953\" data-end=\"1980\">Fermeture centralis\u00e9e :<\/strong> Non<\/p>\n<\/li>\n<li data-start=\"1987\" data-end=\"2072\">\n<p data-start=\"1989\" data-end=\"2072\"><strong data-start=\"1989\" data-end=\"2004\">\u00c9clairage :<\/strong> Phares avant doubles, caract\u00e9ristiques de la <strong data-start=\"2050\" data-end=\"2070\">Silver Cloud III<\/strong><\/p>\n<\/li>\n<li data-start=\"2073\" data-end=\"2157\">\n<p data-start=\"2075\" data-end=\"2157\"><strong data-start=\"2075\" data-end=\"2086\">Pneus :<\/strong> Pneus \u00e0 flancs blancs mont\u00e9s sur jantes avec enjoliveurs Rolls-Royce<\/p>\n<\/li>\n<\/ul>\n<h4 data-start=\"2159\" data-end=\"2196\"><strong data-start=\"2164\" data-end=\"2194\">Particularit\u00e9s du Mod\u00e8le :<\/strong><\/h4>\n<ul data-start=\"2197\" data-end=\"2885\">\n<li data-start=\"2197\" data-end=\"2298\">\n<p data-start=\"2199\" data-end=\"2298\">Derni\u00e8re g\u00e9n\u00e9ration des <strong data-start=\"2223\" data-end=\"2239\">Silver Cloud<\/strong> avant l\u2019introduction de la <strong data-start=\"2267\" data-end=\"2296\">Rolls-Royce Silver Shadow<\/strong><\/p>\n<\/li>\n<li data-start=\"2299\" data-end=\"2413\">\n<p data-start=\"2301\" data-end=\"2413\">Distinctive gr\u00e2ce \u00e0 ses <strong data-start=\"2325\" data-end=\"2349\">phares avant doubles<\/strong>, une innovation esth\u00e9tique par rapport aux mod\u00e8les pr\u00e9c\u00e9dents<\/p>\n<\/li>\n<li data-start=\"2414\" data-end=\"2553\">\n<p data-start=\"2416\" data-end=\"2553\"><strong data-start=\"2416\" data-end=\"2452\">Motorisation V8 plus performante<\/strong>, permettant une conduite plus souple et plus puissante que les pr\u00e9c\u00e9dentes <strong data-start=\"2528\" data-end=\"2551\">Silver Cloud I &amp; II<\/strong><\/p>\n<\/li>\n<li data-start=\"2554\" data-end=\"2677\">\n<p data-start=\"2556\" data-end=\"2677\">Version <strong data-start=\"2564\" data-end=\"2586\">avec climatisation<\/strong>, une option haut de gamme tr\u00e8s rare \u00e0 l\u2019\u00e9poque, am\u00e9liorant le confort pour les passagers<\/p>\n<\/li>\n<li data-start=\"2678\" data-end=\"2781\">\n<p data-start=\"2680\" data-end=\"2781\">Model <strong data-start=\"2687\" data-end=\"2718\">souvent command\u00e9 sur mesure<\/strong> avec des finitions sp\u00e9cifiques selon le premier propri\u00e9taire<\/p>\n<\/li>\n<li data-start=\"2782\" data-end=\"2885\">\n<p data-start=\"2784\" data-end=\"2885\">Alternative <strong data-start=\"2796\" data-end=\"2829\">plus accessible et utilisable<\/strong> par rapport aux Rolls-Royce Phantom de la m\u00eame \u00e9poque<\/p>\n<\/li>\n<\/ul>\n<h4 data-start=\"2887\" data-end=\"2924\"><strong data-start=\"2892\" data-end=\"2922\">Valeur et Collectibilit\u00e9 :<\/strong><\/h4>\n<ul data-start=\"2925\" data-end=\"3373\">\n<li data-start=\"2925\" data-end=\"3058\">\n<p data-start=\"2927\" data-end=\"3058\"><strong data-start=\"2927\" data-end=\"2952\">Mod\u00e8le tr\u00e8s recherch\u00e9<\/strong> par les collectionneurs de Rolls-Royce classiques, en particulier en version <strong data-start=\"3030\" data-end=\"3056\">LHD avec climatisation<\/strong><\/p>\n<\/li>\n<li data-start=\"3059\" data-end=\"3156\">\n<p data-start=\"3061\" data-end=\"3156\"><strong data-start=\"3061\" data-end=\"3091\">Valeur stable et en hausse<\/strong>, notamment pour les exemplaires en \u00e9tat d\u2019origine ou restaur\u00e9s<\/p>\n<\/li>\n<li data-start=\"3157\" data-end=\"3267\">\n<p data-start=\"3159\" data-end=\"3267\"><strong data-start=\"3159\" data-end=\"3184\">\u00c9l\u00e9gance intemporelle<\/strong>, ce mod\u00e8le \u00e9tant souvent utilis\u00e9 pour des \u00e9v\u00e9nements prestigieux et des mariages<\/p>\n<\/li>\n<li data-start=\"3268\" data-end=\"3373\">\n<p data-start=\"3270\" data-end=\"3373\"><strong data-start=\"3270\" data-end=\"3310\">Raret\u00e9 des versions bien entretenues<\/strong>, car beaucoup ont \u00e9t\u00e9 modifi\u00e9es ou n\u00e9glig\u00e9es au fil du temps<\/p>\n<\/li>\n<\/ul>","protected":false},"excerpt":{"rendered":"<p>Fiche Technique \u2013 1965 Rolls-Royce Silver Cloud III (LHD, Aircon) Informations G\u00e9n\u00e9rales : Marque : Rolls-Royce Mod\u00e8le : Silver Cloud [&hellip;]<\/p>","protected":false},"featured_media":704,"comment_status":"open","ping_status":"closed","template":"","meta":{"_uag_custom_page_level_css":"","site-sidebar-layout":"default","site-content-layout":"","ast-site-content-layout":"default","site-content-style":"default","site-sidebar-style":"default","ast-global-header-display":"","ast-banner-title-visibility":"","ast-main-header-display":"","ast-hfb-above-header-display":"","ast-hfb-below-header-display":"","ast-hfb-mobile-header-display":"","site-post-title":"","ast-breadcrumbs-content":"","ast-featured-img":"","footer-sml-layout":"","theme-transparent-header-meta":"default","adv-header-id-meta":"","stick-header-meta":"","header-above-stick-meta":"","header-main-stick-meta":"","header-below-stick-meta":"","astra-migrate-meta-layouts":"set","ast-page-background-enabled":"default","ast-page-background-meta":{"desktop":{"background-color":"var(--ast-global-color-4)","background-image":"","background-repeat":"repeat","background-position":"center center","background-size":"auto","background-attachment":"scroll","background-type":"","background-media":"","overlay-type":"","overlay-color":"","overlay-opacity":"","overlay-gradient":""},"tablet":{"background-color":"","background-image":"","background-repeat":"repeat","background-position":"center center","background-size":"auto","background-attachment":"scroll","background-type":"","background-media":"","overlay-type":"","overlay-color":"","overlay-opacity":"","overlay-gradient":""},"mobile":{"background-color":"","background-image":"","background-repeat":"repeat","background-position":"center center","background-size":"auto","background-attachment":"scroll","background-type":"","background-media":"","overlay-type":"","overlay-color":"","overlay-opacity":"","overlay-gradient":""}},"ast-content-background-meta":{"desktop":{"background-color":"var(--ast-global-color-5)","background-image":"","background-repeat":"repeat","background-position":"center center","background-size":"auto","background-attachment":"scroll","background-type":"","background-media":"","overlay-type":"","overlay-color":"","overlay-opacity":"","overlay-gradient":""},"tablet":{"background-color":"var(--ast-global-color-5)","background-image":"","background-repeat":"repeat","background-position":"center center","background-size":"auto","background-attachment":"scroll","background-type":"","background-media":"","overlay-type":"","overlay-color":"","overlay-opacity":"","overlay-gradient":""},"mobile":{"background-color":"var(--ast-global-color-5)","background-image":"","background-repeat":"repeat","background-position":"center center","background-size":"auto","background-attachment":"scroll","background-type":"","background-media":"","overlay-type":"","overlay-color":"","overlay-opacity":"","overlay-gradient":""}}},"product_brand":[],"product_cat":[24],"product_tag":[],"class_list":{"0":"post-692","1":"product","2":"type-product","3":"status-publish","4":"has-post-thumbnail","6":"product_cat-rolls-royce","7":"desktop-align-left","8":"tablet-align-left","9":"mobile-align-left","11":"first","12":"instock","13":"shipping-taxable","14":"purchasable","15":"product-type-simple"},"aioseo_notices":[],"uagb_featured_image_src":{"full":["https:\/\/albionclassiccars.com\/wp-content\/uploads\/2025\/06\/11447724-b4d1-4de0-b989-303bb0b1c2f2-scaled.jpg",2560,1706,false],"thumbnail":["https:\/\/albionclassiccars.com\/wp-content\/uploads\/2025\/06\/11447724-b4d1-4de0-b989-303bb0b1c2f2-150x150.jpg",150,150,true],"medium":["https:\/\/albionclassiccars.com\/wp-content\/uploads\/2025\/06\/11447724-b4d1-4de0-b989-303bb0b1c2f2-300x200.jpg",300,200,true],"medium_large":["https:\/\/albionclassiccars.com\/wp-content\/uploads\/2025\/06\/11447724-b4d1-4de0-b989-303bb0b1c2f2-768x512.jpg",768,512,true],"large":["https:\/\/albionclassiccars.com\/wp-content\/uploads\/2025\/06\/11447724-b4d1-4de0-b989-303bb0b1c2f2-1024x683.jpg",1024,683,true],"1536x1536":["https:\/\/albionclassiccars.com\/wp-content\/uploads\/2025\/06\/11447724-b4d1-4de0-b989-303bb0b1c2f2-1536x1024.jpg",1536,1024,true],"2048x2048":["https:\/\/albionclassiccars.com\/wp-content\/uploads\/2025\/06\/11447724-b4d1-4de0-b989-303bb0b1c2f2-2048x1365.jpg",2048,1365,true],"trp-custom-language-flag":["https:\/\/albionclassiccars.com\/wp-content\/uploads\/2025\/06\/11447724-b4d1-4de0-b989-303bb0b1c2f2-scaled.jpg",18,12,false],"woocommerce_thumbnail":["https:\/\/albionclassiccars.com\/wp-content\/uploads\/2025\/06\/11447724-b4d1-4de0-b989-303bb0b1c2f2-scaled.jpg",2560,1706,false],"woocommerce_single":["https:\/\/albionclassiccars.com\/wp-content\/uploads\/2025\/06\/11447724-b4d1-4de0-b989-303bb0b1c2f2-scaled.jpg",2560,1706,false],"woocommerce_gallery_thumbnail":["https:\/\/albionclassiccars.com\/wp-content\/uploads\/2025\/06\/11447724-b4d1-4de0-b989-303bb0b1c2f2-scaled-100x100.jpg",100,100,true]},"uagb_author_info":{"display_name":"williamal.labis@gmail.com","author_link":"https:\/\/albionclassiccars.com\/en\/author\/"},"uagb_comment_info":0,"uagb_excerpt":"Fiche Technique \u2013 1965 Rolls-Royce Silver Cloud III (LHD, Aircon) Informations G\u00e9n\u00e9rales : Marque : Rolls-Royce Mod\u00e8le : Silver Cloud [&hellip;]","_links":{"self":[{"href":"https:\/\/albionclassiccars.com\/en\/wp-json\/wp\/v2\/product\/692","targetHints":{"allow":["GET"]}}],"collection":[{"href":"https:\/\/albionclassiccars.com\/en\/wp-json\/wp\/v2\/product"}],"about":[{"href":"https:\/\/albionclassiccars.com\/en\/wp-json\/wp\/v2\/types\/product"}],"replies":[{"embeddable":true,"href":"https:\/\/albionclassiccars.com\/en\/wp-json\/wp\/v2\/comments?post=692"}],"wp:featuredmedia":[{"embeddable":true,"href":"https:\/\/albionclassiccars.com\/en\/wp-json\/wp\/v2\/media\/704"}],"wp:attachment":[{"href":"https:\/\/albionclassiccars.com\/en\/wp-json\/wp\/v2\/media?parent=692"}],"wp:term":[{"taxonomy":"product_brand","embeddable":true,"href":"https:\/\/albionclassiccars.com\/en\/wp-json\/wp\/v2\/product_brand?post=692"},{"taxonomy":"product_cat","embeddable":true,"href":"https:\/\/albionclassiccars.com\/en\/wp-json\/wp\/v2\/product_cat?post=692"},{"taxonomy":"product_tag","embeddable":true,"href":"https:\/\/albionclassiccars.com\/en\/wp-json\/wp\/v2\/product_tag?post=692"}],"curies":[{"name":"wp","href":"https:\/\/api.w.org\/{rel}","templated":true}]}}