{"id":678,"date":"2025-06-02T19:36:54","date_gmt":"2025-06-02T19:36:54","guid":{"rendered":"https:\/\/albionclassiccars.com\/?post_type=product&#038;p=678"},"modified":"2025-09-30T20:35:28","modified_gmt":"2025-09-30T20:35:28","slug":"1963-corvette-c2-sting-ray-f-i-convertible","status":"publish","type":"product","link":"https:\/\/albionclassiccars.com\/en\/product\/1963-corvette-c2-sting-ray-f-i-convertible\/","title":{"rendered":"1963 Corvette C2 Sting Ray F.I. Convertible"},"content":{"rendered":"<h3 data-start=\"0\" data-end=\"87\"><strong data-start=\"4\" data-end=\"85\">Fiche Technique \u2013 1963 Chevrolet Corvette C2 Sting Ray F.I. Convertible (LHD)<\/strong><\/h3>\n<h4 data-start=\"89\" data-end=\"124\"><strong data-start=\"94\" data-end=\"122\">General information :<\/strong><\/h4>\n<ul data-start=\"125\" data-end=\"355\">\n<li data-start=\"125\" data-end=\"151\">\n<p data-start=\"127\" data-end=\"151\"><strong data-start=\"127\" data-end=\"139\">Marque :<\/strong> Chevrolet<\/p>\n<\/li>\n<li data-start=\"152\" data-end=\"190\">\n<p data-start=\"154\" data-end=\"190\"><strong data-start=\"154\" data-end=\"166\">Mod\u00e8le :<\/strong> Corvette C2 Sting Ray<\/p>\n<\/li>\n<li data-start=\"191\" data-end=\"211\">\n<p data-start=\"193\" data-end=\"211\"><strong data-start=\"193\" data-end=\"204\">Ann\u00e9e :<\/strong> 1963<\/p>\n<\/li>\n<li data-start=\"212\" data-end=\"257\">\n<p data-start=\"214\" data-end=\"257\"><strong data-start=\"214\" data-end=\"227\">Version :<\/strong> <strong data-start=\"228\" data-end=\"255\">Conduite \u00e0 gauche (LHD)<\/strong><\/p>\n<\/li>\n<li data-start=\"258\" data-end=\"307\">\n<p data-start=\"260\" data-end=\"307\"><strong data-start=\"260\" data-end=\"277\">Carrosserie :<\/strong> <strong data-start=\"278\" data-end=\"305\">Cabriolet (Convertible)<\/strong><\/p>\n<\/li>\n<li data-start=\"308\" data-end=\"336\">\n<p data-start=\"310\" data-end=\"336\"><strong data-start=\"310\" data-end=\"332\">Nombre de portes :<\/strong> 2<\/p>\n<\/li>\n<li data-start=\"337\" data-end=\"355\">\n<p data-start=\"339\" data-end=\"355\"><strong data-start=\"339\" data-end=\"351\">Places :<\/strong> 2<\/p>\n<\/li>\n<\/ul>\n<h4 data-start=\"357\" data-end=\"392\"><strong data-start=\"362\" data-end=\"390\">Moteur et Performances :<\/strong><\/h4>\n<ul data-start=\"393\" data-end=\"742\">\n<li data-start=\"393\" data-end=\"420\">\n<p data-start=\"395\" data-end=\"420\"><strong data-start=\"395\" data-end=\"415\">Type de moteur :<\/strong> V8<\/p>\n<\/li>\n<li data-start=\"421\" data-end=\"461\">\n<p data-start=\"423\" data-end=\"461\"><strong data-start=\"423\" data-end=\"438\">Cylindr\u00e9e :<\/strong> <strong data-start=\"439\" data-end=\"459\">5.4 L (5400 cm\u00b3)<\/strong><\/p>\n<\/li>\n<li data-start=\"462\" data-end=\"541\">\n<p data-start=\"464\" data-end=\"541\"><strong data-start=\"464\" data-end=\"482\">Alimentation :<\/strong> Injection de carburant m\u00e9canique (Fuel Injection &#8211; F.I.)<\/p>\n<\/li>\n<li data-start=\"542\" data-end=\"587\">\n<p data-start=\"544\" data-end=\"587\"><strong data-start=\"544\" data-end=\"559\">Puissance :<\/strong> <strong data-start=\"560\" data-end=\"570\">360 ch<\/strong> \u00e0 5 600 tr\/min<\/p>\n<\/li>\n<li data-start=\"588\" data-end=\"638\">\n<p data-start=\"590\" data-end=\"638\"><strong data-start=\"590\" data-end=\"602\">Couple :<\/strong> Environ <strong data-start=\"611\" data-end=\"621\">460 Nm<\/strong> \u00e0 4 000 tr\/min<\/p>\n<\/li>\n<li data-start=\"639\" data-end=\"682\">\n<p data-start=\"641\" data-end=\"682\"><strong data-start=\"641\" data-end=\"659\">Transmission :<\/strong> <strong data-start=\"660\" data-end=\"680\">Propulsion (RWD)<\/strong><\/p>\n<\/li>\n<li data-start=\"683\" data-end=\"742\">\n<p data-start=\"685\" data-end=\"710\"><strong data-start=\"685\" data-end=\"708\">Bo\u00eete de vitesses :<\/strong><\/p>\n<ul data-start=\"713\" data-end=\"742\">\n<li data-start=\"713\" data-end=\"742\">\n<p data-start=\"715\" data-end=\"742\"><strong data-start=\"715\" data-end=\"740\">Manuelle \u00e0 4 rapports<\/strong><\/p>\n<\/li>\n<\/ul>\n<\/li>\n<\/ul>\n<h4 data-start=\"744\" data-end=\"776\"><strong data-start=\"749\" data-end=\"774\">Dimensions et Poids :<\/strong><\/h4>\n<ul data-start=\"777\" data-end=\"933\">\n<li data-start=\"777\" data-end=\"806\">\n<p data-start=\"779\" data-end=\"806\"><strong data-start=\"779\" data-end=\"793\">Longueur :<\/strong> <strong data-start=\"794\" data-end=\"804\">4,38 m<\/strong><\/p>\n<\/li>\n<li data-start=\"807\" data-end=\"835\">\n<p data-start=\"809\" data-end=\"835\"><strong data-start=\"809\" data-end=\"822\">Largeur :<\/strong> <strong data-start=\"823\" data-end=\"833\">1,81 m<\/strong><\/p>\n<\/li>\n<li data-start=\"836\" data-end=\"864\">\n<p data-start=\"838\" data-end=\"864\"><strong data-start=\"838\" data-end=\"851\">Hauteur :<\/strong> <strong data-start=\"852\" data-end=\"862\">1,21 m<\/strong><\/p>\n<\/li>\n<li data-start=\"865\" data-end=\"897\">\n<p data-start=\"867\" data-end=\"897\"><strong data-start=\"867\" data-end=\"884\">Empattement :<\/strong> <strong data-start=\"885\" data-end=\"895\">2,43 m<\/strong><\/p>\n<\/li>\n<li data-start=\"898\" data-end=\"933\">\n<p data-start=\"900\" data-end=\"933\"><strong data-start=\"900\" data-end=\"918\">Poids \u00e0 vide :<\/strong> <strong data-start=\"919\" data-end=\"931\">1 040 kg<\/strong><\/p>\n<\/li>\n<\/ul>\n<h4 data-start=\"935\" data-end=\"969\"><strong data-start=\"940\" data-end=\"967\">Ch\u00e2ssis et Suspension :<\/strong><\/h4>\n<ul data-start=\"970\" data-end=\"1363\">\n<li data-start=\"970\" data-end=\"1047\">\n<p data-start=\"972\" data-end=\"1047\"><strong data-start=\"972\" data-end=\"993\">Type de ch\u00e2ssis :<\/strong> Ch\u00e2ssis en acier avec carrosserie en fibre de verre<\/p>\n<\/li>\n<li data-start=\"1048\" data-end=\"1135\">\n<p data-start=\"1050\" data-end=\"1135\"><strong data-start=\"1050\" data-end=\"1072\">Suspension avant :<\/strong> Ind\u00e9pendante, double triangulation avec ressorts h\u00e9lico\u00efdaux<\/p>\n<\/li>\n<li data-start=\"1136\" data-end=\"1200\">\n<p data-start=\"1138\" data-end=\"1200\"><strong data-start=\"1138\" data-end=\"1162\">Suspension arri\u00e8re :<\/strong> Essieu rigide avec ressorts \u00e0 lames<\/p>\n<\/li>\n<li data-start=\"1201\" data-end=\"1320\">\n<p data-start=\"1203\" data-end=\"1217\"><strong data-start=\"1203\" data-end=\"1215\">Freins :<\/strong><\/p>\n<ul data-start=\"1220\" data-end=\"1320\">\n<li data-start=\"1220\" data-end=\"1261\">\n<p data-start=\"1222\" data-end=\"1261\"><strong data-start=\"1222\" data-end=\"1259\">Disques ventil\u00e9s aux quatre roues<\/strong><\/p>\n<\/li>\n<li data-start=\"1264\" data-end=\"1320\">\n<p data-start=\"1266\" data-end=\"1320\"><strong data-start=\"1266\" data-end=\"1318\">Freins \u00e0 tambour arri\u00e8re pour certaines versions<\/strong><\/p>\n<\/li>\n<\/ul>\n<\/li>\n<li data-start=\"1321\" data-end=\"1363\">\n<p data-start=\"1323\" data-end=\"1363\"><strong data-start=\"1323\" data-end=\"1338\">Direction :<\/strong> Assist\u00e9e \u00e0 cr\u00e9maill\u00e8re<\/p>\n<\/li>\n<\/ul>\n<h4 data-start=\"1365\" data-end=\"1406\"><strong data-start=\"1370\" data-end=\"1404\">Performances et Consommation :<\/strong><\/h4>\n<ul data-start=\"1407\" data-end=\"1575\">\n<li data-start=\"1407\" data-end=\"1446\">\n<p data-start=\"1409\" data-end=\"1446\"><strong data-start=\"1409\" data-end=\"1431\">Vitesse maximale :<\/strong> <strong data-start=\"1432\" data-end=\"1444\">250 km\/h<\/strong><\/p>\n<\/li>\n<li data-start=\"1447\" data-end=\"1484\">\n<p data-start=\"1449\" data-end=\"1484\"><strong data-start=\"1449\" data-end=\"1465\">0-100 km\/h :<\/strong> <strong data-start=\"1466\" data-end=\"1482\">6,0 secondes<\/strong><\/p>\n<\/li>\n<li data-start=\"1485\" data-end=\"1534\">\n<p data-start=\"1487\" data-end=\"1534\"><strong data-start=\"1487\" data-end=\"1513\">Consommation moyenne :<\/strong> <strong data-start=\"1514\" data-end=\"1532\">14-16 L\/100 km<\/strong><\/p>\n<\/li>\n<li data-start=\"1535\" data-end=\"1575\">\n<p data-start=\"1537\" data-end=\"1575\"><strong data-start=\"1537\" data-end=\"1564\">Capacit\u00e9 du r\u00e9servoir :<\/strong> <strong data-start=\"1565\" data-end=\"1573\">66 L<\/strong><\/p>\n<\/li>\n<\/ul>\n<h4 data-start=\"1577\" data-end=\"1613\"><strong data-start=\"1582\" data-end=\"1611\">\u00c9quipement et Finitions :<\/strong><\/h4>\n<ul data-start=\"1614\" data-end=\"2068\">\n<li data-start=\"1614\" data-end=\"1664\">\n<p data-start=\"1616\" data-end=\"1664\"><strong data-start=\"1616\" data-end=\"1630\">Sellerie :<\/strong> Cuir ou vinyle de haute qualit\u00e9<\/p>\n<\/li>\n<li data-start=\"1665\" data-end=\"1749\">\n<p data-start=\"1667\" data-end=\"1749\"><strong data-start=\"1667\" data-end=\"1688\">Tableau de bord :<\/strong> Instruments \u00e0 cadrans classiques avec une finition chrom\u00e9e<\/p>\n<\/li>\n<li data-start=\"1750\" data-end=\"1824\">\n<p data-start=\"1752\" data-end=\"1824\"><strong data-start=\"1752\" data-end=\"1764\">Capote :<\/strong> Tissu convertible de haute qualit\u00e9, enti\u00e8rement repliable<\/p>\n<\/li>\n<li data-start=\"1825\" data-end=\"1857\">\n<p data-start=\"1827\" data-end=\"1857\"><strong data-start=\"1827\" data-end=\"1851\">Vitres \u00e9lectriques :<\/strong> Non<\/p>\n<\/li>\n<li data-start=\"1858\" data-end=\"1909\">\n<p data-start=\"1860\" data-end=\"1909\"><strong data-start=\"1860\" data-end=\"1872\">Si\u00e8ges :<\/strong> Si\u00e8ges en cuir avec r\u00e9glage manuel<\/p>\n<\/li>\n<li data-start=\"1910\" data-end=\"1952\">\n<p data-start=\"1912\" data-end=\"1952\"><strong data-start=\"1912\" data-end=\"1931\">Syst\u00e8me audio :<\/strong> Radio AM d\u2019origine<\/p>\n<\/li>\n<li data-start=\"1953\" data-end=\"1988\">\n<p data-start=\"1955\" data-end=\"1988\"><strong data-start=\"1955\" data-end=\"1982\">Fermeture centralis\u00e9e :<\/strong> Non<\/p>\n<\/li>\n<li data-start=\"1989\" data-end=\"2068\">\n<p data-start=\"1991\" data-end=\"2068\"><strong data-start=\"1991\" data-end=\"2002\">Pneus :<\/strong> Jantes \u00e0 rayons ou pleines avec pneus \u00e0 flancs blancs en option<\/p>\n<\/li>\n<\/ul>\n<h4 data-start=\"2070\" data-end=\"2107\"><strong data-start=\"2075\" data-end=\"2105\">Particularit\u00e9s du Mod\u00e8le :<\/strong><\/h4>\n<ul data-start=\"2108\" data-end=\"2761\">\n<li data-start=\"2108\" data-end=\"2236\">\n<p data-start=\"2110\" data-end=\"2236\"><strong data-start=\"2110\" data-end=\"2148\">Introduction de la ligne Sting Ray<\/strong> pour la Corvette C2 en 1963, un design r\u00e9volutionnaire avec une carrosserie distincte<\/p>\n<\/li>\n<li data-start=\"2237\" data-end=\"2362\">\n<p data-start=\"2239\" data-end=\"2362\"><strong data-start=\"2239\" data-end=\"2292\">Injection de carburant m\u00e9canique (Fuel Injection)<\/strong>, un syst\u00e8me avant-gardiste \u00e0 l\u2019\u00e9poque pour des performances accrues<\/p>\n<\/li>\n<li data-start=\"2363\" data-end=\"2463\">\n<p data-start=\"2365\" data-end=\"2463\"><strong data-start=\"2365\" data-end=\"2384\">Design iconique<\/strong> avec un capot long, des flancs sculpt\u00e9s, et la signature des <strong data-start=\"2446\" data-end=\"2461\">phare cach\u00e9<\/strong><\/p>\n<\/li>\n<li data-start=\"2464\" data-end=\"2557\">\n<p data-start=\"2466\" data-end=\"2557\">Le <strong data-start=\"2469\" data-end=\"2489\">mod\u00e8le cabriolet<\/strong> reste l\u2019une des versions les plus recherch\u00e9es de la g\u00e9n\u00e9ration C2<\/p>\n<\/li>\n<li data-start=\"2558\" data-end=\"2678\">\n<p data-start=\"2560\" data-end=\"2678\"><strong data-start=\"2560\" data-end=\"2592\">Premi\u00e8re ann\u00e9e de production<\/strong> pour la version <strong data-start=\"2609\" data-end=\"2624\">\u00ab\u00a0Sting Ray\u00a0\u00bb<\/strong> qui marque une \u00e9volution majeure du mod\u00e8le Corvette<\/p>\n<\/li>\n<li data-start=\"2679\" data-end=\"2761\">\n<p data-start=\"2681\" data-end=\"2761\">Model <strong data-start=\"2688\" data-end=\"2711\">populaire en course<\/strong> et utilis\u00e9 pour des projets de personnalisation<\/p>\n<\/li>\n<\/ul>\n<h4 data-start=\"2763\" data-end=\"2800\"><strong data-start=\"2768\" data-end=\"2798\">Valeur et Collectibilit\u00e9 :<\/strong><\/h4>\n<ul data-start=\"2801\" data-end=\"3252\">\n<li data-start=\"2801\" data-end=\"2925\">\n<p data-start=\"2803\" data-end=\"2925\"><strong data-start=\"2803\" data-end=\"2826\">Mod\u00e8le embl\u00e9matique<\/strong> et tr\u00e8s recherch\u00e9 par les collectionneurs, particuli\u00e8rement la version <strong data-start=\"2898\" data-end=\"2923\">Fuel Injection (F.I.)<\/strong><\/p>\n<\/li>\n<li data-start=\"2926\" data-end=\"3059\">\n<p data-start=\"2928\" data-end=\"3059\">La <strong data-start=\"2931\" data-end=\"2946\">Corvette C2<\/strong> a une forte valeur historique, non seulement pour ses performances, mais aussi pour son design r\u00e9volutionnaire<\/p>\n<\/li>\n<li data-start=\"3060\" data-end=\"3169\">\n<p data-start=\"3062\" data-end=\"3169\"><strong data-start=\"3062\" data-end=\"3098\">Valeur en constante augmentation<\/strong>, en particulier pour les mod\u00e8les bien restaur\u00e9s ou en \u00e9tat d&rsquo;origine<\/p>\n<\/li>\n<li data-start=\"3170\" data-end=\"3252\">\n<p data-start=\"3172\" data-end=\"3252\"><strong data-start=\"3172\" data-end=\"3201\">Raret\u00e9 de la version F.I.<\/strong> qui fait de ce mod\u00e8le un investissement pr\u00e9cieux<\/p>\n<\/li>\n<\/ul>","protected":false},"excerpt":{"rendered":"<p>Fiche Technique \u2013 1963 Chevrolet Corvette C2 Sting Ray F.I. Convertible (LHD) Informations G\u00e9n\u00e9rales : Marque : Chevrolet Mod\u00e8le : [&hellip;]<\/p>","protected":false},"featured_media":1073,"comment_status":"open","ping_status":"closed","template":"","meta":{"_uag_custom_page_level_css":"","site-sidebar-layout":"default","site-content-layout":"","ast-site-content-layout":"default","site-content-style":"default","site-sidebar-style":"default","ast-global-header-display":"","ast-banner-title-visibility":"","ast-main-header-display":"","ast-hfb-above-header-display":"","ast-hfb-below-header-display":"","ast-hfb-mobile-header-display":"","site-post-title":"","ast-breadcrumbs-content":"","ast-featured-img":"","footer-sml-layout":"","ast-disable-related-posts":"","theme-transparent-header-meta":"default","adv-header-id-meta":"","stick-header-meta":"","header-above-stick-meta":"","header-main-stick-meta":"","header-below-stick-meta":"","astra-migrate-meta-layouts":"set","ast-page-background-enabled":"default","ast-page-background-meta":{"desktop":{"background-color":"var(--ast-global-color-4)","background-image":"","background-repeat":"repeat","background-position":"center center","background-size":"auto","background-attachment":"scroll","background-type":"","background-media":"","overlay-type":"","overlay-color":"","overlay-opacity":"","overlay-gradient":""},"tablet":{"background-color":"","background-image":"","background-repeat":"repeat","background-position":"center center","background-size":"auto","background-attachment":"scroll","background-type":"","background-media":"","overlay-type":"","overlay-color":"","overlay-opacity":"","overlay-gradient":""},"mobile":{"background-color":"","background-image":"","background-repeat":"repeat","background-position":"center center","background-size":"auto","background-attachment":"scroll","background-type":"","background-media":"","overlay-type":"","overlay-color":"","overlay-opacity":"","overlay-gradient":""}},"ast-content-background-meta":{"desktop":{"background-color":"var(--ast-global-color-5)","background-image":"","background-repeat":"repeat","background-position":"center center","background-size":"auto","background-attachment":"scroll","background-type":"","background-media":"","overlay-type":"","overlay-color":"","overlay-opacity":"","overlay-gradient":""},"tablet":{"background-color":"var(--ast-global-color-5)","background-image":"","background-repeat":"repeat","background-position":"center center","background-size":"auto","background-attachment":"scroll","background-type":"","background-media":"","overlay-type":"","overlay-color":"","overlay-opacity":"","overlay-gradient":""},"mobile":{"background-color":"var(--ast-global-color-5)","background-image":"","background-repeat":"repeat","background-position":"center center","background-size":"auto","background-attachment":"scroll","background-type":"","background-media":"","overlay-type":"","overlay-color":"","overlay-opacity":"","overlay-gradient":""}}},"product_brand":[],"product_cat":[23],"product_tag":[],"class_list":{"0":"post-678","1":"product","2":"type-product","3":"status-publish","4":"has-post-thumbnail","6":"product_cat-corvette","7":"desktop-align-left","8":"tablet-align-left","9":"mobile-align-left","11":"first","12":"instock","13":"shipping-taxable","14":"purchasable","15":"product-type-simple"},"aioseo_notices":[],"uagb_featured_image_src":{"full":["https:\/\/albionclassiccars.com\/wp-content\/uploads\/2025\/06\/IMG_20240303_131427-Modifie-scaled.jpg",2560,1920,false],"thumbnail":["https:\/\/albionclassiccars.com\/wp-content\/uploads\/2025\/06\/IMG_20240303_131427-Modifie-150x150.jpg",150,150,true],"medium":["https:\/\/albionclassiccars.com\/wp-content\/uploads\/2025\/06\/IMG_20240303_131427-Modifie-300x225.jpg",300,225,true],"medium_large":["https:\/\/albionclassiccars.com\/wp-content\/uploads\/2025\/06\/IMG_20240303_131427-Modifie-768x576.jpg",768,576,true],"large":["https:\/\/albionclassiccars.com\/wp-content\/uploads\/2025\/06\/IMG_20240303_131427-Modifie-1024x768.jpg",1024,768,true],"1536x1536":["https:\/\/albionclassiccars.com\/wp-content\/uploads\/2025\/06\/IMG_20240303_131427-Modifie-1536x1152.jpg",1536,1152,true],"2048x2048":["https:\/\/albionclassiccars.com\/wp-content\/uploads\/2025\/06\/IMG_20240303_131427-Modifie-2048x1536.jpg",2048,1536,true],"trp-custom-language-flag":["https:\/\/albionclassiccars.com\/wp-content\/uploads\/2025\/06\/IMG_20240303_131427-Modifie-scaled.jpg",16,12,false],"woocommerce_thumbnail":["https:\/\/albionclassiccars.com\/wp-content\/uploads\/2025\/06\/IMG_20240303_131427-Modifie-scaled.jpg",2560,1920,false],"woocommerce_single":["https:\/\/albionclassiccars.com\/wp-content\/uploads\/2025\/06\/IMG_20240303_131427-Modifie-scaled.jpg",2560,1920,false],"woocommerce_gallery_thumbnail":["https:\/\/albionclassiccars.com\/wp-content\/uploads\/2025\/06\/IMG_20240303_131427-Modifie-100x100.jpg",100,100,true]},"uagb_author_info":{"display_name":"williamal.labis@gmail.com","author_link":"https:\/\/albionclassiccars.com\/en\/author\/"},"uagb_comment_info":0,"uagb_excerpt":"Fiche Technique \u2013 1963 Chevrolet Corvette C2 Sting Ray F.I. Convertible (LHD) Informations G\u00e9n\u00e9rales : Marque : Chevrolet Mod\u00e8le : [&hellip;]","_links":{"self":[{"href":"https:\/\/albionclassiccars.com\/en\/wp-json\/wp\/v2\/product\/678","targetHints":{"allow":["GET"]}}],"collection":[{"href":"https:\/\/albionclassiccars.com\/en\/wp-json\/wp\/v2\/product"}],"about":[{"href":"https:\/\/albionclassiccars.com\/en\/wp-json\/wp\/v2\/types\/product"}],"replies":[{"embeddable":true,"href":"https:\/\/albionclassiccars.com\/en\/wp-json\/wp\/v2\/comments?post=678"}],"wp:featuredmedia":[{"embeddable":true,"href":"https:\/\/albionclassiccars.com\/en\/wp-json\/wp\/v2\/media\/1073"}],"wp:attachment":[{"href":"https:\/\/albionclassiccars.com\/en\/wp-json\/wp\/v2\/media?parent=678"}],"wp:term":[{"taxonomy":"product_brand","embeddable":true,"href":"https:\/\/albionclassiccars.com\/en\/wp-json\/wp\/v2\/product_brand?post=678"},{"taxonomy":"product_cat","embeddable":true,"href":"https:\/\/albionclassiccars.com\/en\/wp-json\/wp\/v2\/product_cat?post=678"},{"taxonomy":"product_tag","embeddable":true,"href":"https:\/\/albionclassiccars.com\/en\/wp-json\/wp\/v2\/product_tag?post=678"}],"curies":[{"name":"wp","href":"https:\/\/api.w.org\/{rel}","templated":true}]}}