{"id":660,"date":"2025-05-28T19:59:29","date_gmt":"2025-05-28T19:59:29","guid":{"rendered":"https:\/\/albionclassiccars.com\/?post_type=product&#038;p=660"},"modified":"2025-09-30T20:34:03","modified_gmt":"2025-09-30T20:34:03","slug":"1954-lagonda-3-litre-coupe","status":"publish","type":"product","link":"https:\/\/albionclassiccars.com\/en\/product\/1954-lagonda-3-litre-coupe\/","title":{"rendered":"1954 Lagonda 3-litre Coupe"},"content":{"rendered":"<h3 data-start=\"0\" data-end=\"60\"><strong data-start=\"4\" data-end=\"58\">Fiche Technique \u2013 1954 Lagonda 3-Litre Coup\u00e9 (RHD)<\/strong><\/h3>\n<h4 data-start=\"62\" data-end=\"97\"><strong data-start=\"67\" data-end=\"95\">General information :<\/strong><\/h4>\n<ul data-start=\"98\" data-end=\"296\">\n<li data-start=\"98\" data-end=\"122\">\n<p data-start=\"100\" data-end=\"122\"><strong data-start=\"100\" data-end=\"112\">Marque :<\/strong> Lagonda<\/p>\n<\/li>\n<li data-start=\"123\" data-end=\"153\">\n<p data-start=\"125\" data-end=\"153\"><strong data-start=\"125\" data-end=\"137\">Mod\u00e8le :<\/strong> 3-Litre Coup\u00e9<\/p>\n<\/li>\n<li data-start=\"154\" data-end=\"174\">\n<p data-start=\"156\" data-end=\"174\"><strong data-start=\"156\" data-end=\"167\">Ann\u00e9e :<\/strong> 1954<\/p>\n<\/li>\n<li data-start=\"175\" data-end=\"220\">\n<p data-start=\"177\" data-end=\"220\"><strong data-start=\"177\" data-end=\"190\">Version :<\/strong> <strong data-start=\"191\" data-end=\"218\">Conduite \u00e0 droite (RHD)<\/strong><\/p>\n<\/li>\n<li data-start=\"221\" data-end=\"248\">\n<p data-start=\"223\" data-end=\"248\"><strong data-start=\"223\" data-end=\"240\">Carrosserie :<\/strong> Coup\u00e9<\/p>\n<\/li>\n<li data-start=\"249\" data-end=\"277\">\n<p data-start=\"251\" data-end=\"277\"><strong data-start=\"251\" data-end=\"273\">Nombre de portes :<\/strong> 2<\/p>\n<\/li>\n<li data-start=\"278\" data-end=\"296\">\n<p data-start=\"280\" data-end=\"296\"><strong data-start=\"280\" data-end=\"292\">Places :<\/strong> 4<\/p>\n<\/li>\n<\/ul>\n<h4 data-start=\"298\" data-end=\"333\"><strong data-start=\"303\" data-end=\"331\">Moteur et Performances :<\/strong><\/h4>\n<ul data-start=\"334\" data-end=\"674\">\n<li data-start=\"334\" data-end=\"379\">\n<p data-start=\"336\" data-end=\"379\"><strong data-start=\"336\" data-end=\"356\">Type de moteur :<\/strong> 6 cylindres en ligne<\/p>\n<\/li>\n<li data-start=\"380\" data-end=\"420\">\n<p data-start=\"382\" data-end=\"420\"><strong data-start=\"382\" data-end=\"397\">Cylindr\u00e9e :<\/strong> <strong data-start=\"398\" data-end=\"418\">2.9 L (2922 cm\u00b3)<\/strong><\/p>\n<\/li>\n<li data-start=\"421\" data-end=\"465\">\n<p data-start=\"423\" data-end=\"465\"><strong data-start=\"423\" data-end=\"441\">Alimentation :<\/strong> Double carburateur SU<\/p>\n<\/li>\n<li data-start=\"466\" data-end=\"519\">\n<p data-start=\"468\" data-end=\"519\"><strong data-start=\"468\" data-end=\"483\">Puissance :<\/strong> <strong data-start=\"484\" data-end=\"494\">140 ch<\/strong> \u00e0 environ 5 000 tr\/min<\/p>\n<\/li>\n<li data-start=\"520\" data-end=\"555\">\n<p data-start=\"522\" data-end=\"555\"><strong data-start=\"522\" data-end=\"534\">Couple :<\/strong> Environ <strong data-start=\"543\" data-end=\"553\">210 Nm<\/strong><\/p>\n<\/li>\n<li data-start=\"556\" data-end=\"599\">\n<p data-start=\"558\" data-end=\"599\"><strong data-start=\"558\" data-end=\"576\">Transmission :<\/strong> <strong data-start=\"577\" data-end=\"597\">Propulsion (RWD)<\/strong><\/p>\n<\/li>\n<li data-start=\"600\" data-end=\"674\">\n<p data-start=\"602\" data-end=\"627\"><strong data-start=\"602\" data-end=\"625\">Bo\u00eete de vitesses :<\/strong><\/p>\n<ul data-start=\"630\" data-end=\"674\">\n<li data-start=\"630\" data-end=\"674\">\n<p data-start=\"632\" data-end=\"674\"><strong data-start=\"632\" data-end=\"672\">Manuelle \u00e0 4 rapports avec overdrive<\/strong><\/p>\n<\/li>\n<\/ul>\n<\/li>\n<\/ul>\n<h4 data-start=\"676\" data-end=\"708\"><strong data-start=\"681\" data-end=\"706\">Dimensions et Poids :<\/strong><\/h4>\n<ul data-start=\"709\" data-end=\"844\">\n<li data-start=\"709\" data-end=\"738\">\n<p data-start=\"711\" data-end=\"738\"><strong data-start=\"711\" data-end=\"725\">Longueur :<\/strong> <strong data-start=\"726\" data-end=\"736\">4,65 m<\/strong><\/p>\n<\/li>\n<li data-start=\"739\" data-end=\"767\">\n<p data-start=\"741\" data-end=\"767\"><strong data-start=\"741\" data-end=\"754\">Largeur :<\/strong> <strong data-start=\"755\" data-end=\"765\">1,70 m<\/strong><\/p>\n<\/li>\n<li data-start=\"768\" data-end=\"800\">\n<p data-start=\"770\" data-end=\"800\"><strong data-start=\"770\" data-end=\"787\">Empattement :<\/strong> <strong data-start=\"788\" data-end=\"798\">2,90 m<\/strong><\/p>\n<\/li>\n<li data-start=\"801\" data-end=\"844\">\n<p data-start=\"803\" data-end=\"844\"><strong data-start=\"803\" data-end=\"821\">Poids \u00e0 vide :<\/strong> <strong data-start=\"822\" data-end=\"842\">Environ 1 500 kg<\/strong><\/p>\n<\/li>\n<\/ul>\n<h4 data-start=\"846\" data-end=\"880\"><strong data-start=\"851\" data-end=\"878\">Ch\u00e2ssis et Suspension :<\/strong><\/h4>\n<ul data-start=\"881\" data-end=\"1271\">\n<li data-start=\"881\" data-end=\"969\">\n<p data-start=\"883\" data-end=\"969\"><strong data-start=\"883\" data-end=\"904\">Type de ch\u00e2ssis :<\/strong> Ch\u00e2ssis s\u00e9par\u00e9 en acier avec carrosserie en aluminium et acier<\/p>\n<\/li>\n<li data-start=\"970\" data-end=\"1057\">\n<p data-start=\"972\" data-end=\"1057\"><strong data-start=\"972\" data-end=\"994\">Suspension avant :<\/strong> Ind\u00e9pendante, double triangulation avec ressorts h\u00e9lico\u00efdaux<\/p>\n<\/li>\n<li data-start=\"1058\" data-end=\"1139\">\n<p data-start=\"1060\" data-end=\"1139\"><strong data-start=\"1060\" data-end=\"1084\">Suspension arri\u00e8re :<\/strong> Essieu rigide avec ressorts \u00e0 lames semi-elliptiques<\/p>\n<\/li>\n<li data-start=\"1140\" data-end=\"1238\">\n<p data-start=\"1142\" data-end=\"1156\"><strong data-start=\"1142\" data-end=\"1154\">Freins :<\/strong><\/p>\n<ul data-start=\"1159\" data-end=\"1238\">\n<li data-start=\"1159\" data-end=\"1205\">\n<p data-start=\"1161\" data-end=\"1205\"><strong data-start=\"1161\" data-end=\"1203\">Tambours hydrauliques aux quatre roues<\/strong><\/p>\n<\/li>\n<li data-start=\"1208\" data-end=\"1238\">\n<p data-start=\"1210\" data-end=\"1238\"><strong data-start=\"1210\" data-end=\"1236\">Assistance optionnelle<\/strong><\/p>\n<\/li>\n<\/ul>\n<\/li>\n<li data-start=\"1239\" data-end=\"1271\">\n<p data-start=\"1241\" data-end=\"1271\"><strong data-start=\"1241\" data-end=\"1256\">Direction :<\/strong> Non assist\u00e9e<\/p>\n<\/li>\n<\/ul>\n<h4 data-start=\"1273\" data-end=\"1314\"><strong data-start=\"1278\" data-end=\"1312\">Performances et Consommation :<\/strong><\/h4>\n<ul data-start=\"1315\" data-end=\"1482\">\n<li data-start=\"1315\" data-end=\"1354\">\n<p data-start=\"1317\" data-end=\"1354\"><strong data-start=\"1317\" data-end=\"1339\">Vitesse maximale :<\/strong> <strong data-start=\"1340\" data-end=\"1352\">160 km\/h<\/strong><\/p>\n<\/li>\n<li data-start=\"1355\" data-end=\"1391\">\n<p data-start=\"1357\" data-end=\"1391\"><strong data-start=\"1357\" data-end=\"1373\">0-100 km\/h :<\/strong> <strong data-start=\"1374\" data-end=\"1389\">12 secondes<\/strong><\/p>\n<\/li>\n<li data-start=\"1392\" data-end=\"1441\">\n<p data-start=\"1394\" data-end=\"1441\"><strong data-start=\"1394\" data-end=\"1420\">Consommation moyenne :<\/strong> <strong data-start=\"1421\" data-end=\"1439\">14-16 L\/100 km<\/strong><\/p>\n<\/li>\n<li data-start=\"1442\" data-end=\"1482\">\n<p data-start=\"1444\" data-end=\"1482\"><strong data-start=\"1444\" data-end=\"1471\">Capacit\u00e9 du r\u00e9servoir :<\/strong> <strong data-start=\"1472\" data-end=\"1480\">70 L<\/strong><\/p>\n<\/li>\n<\/ul>\n<h4 data-start=\"1484\" data-end=\"1520\"><strong data-start=\"1489\" data-end=\"1518\">\u00c9quipement et Finitions :<\/strong><\/h4>\n<ul data-start=\"1521\" data-end=\"1940\">\n<li data-start=\"1521\" data-end=\"1570\">\n<p data-start=\"1523\" data-end=\"1570\"><strong data-start=\"1523\" data-end=\"1537\">Sellerie :<\/strong> Cuir Connolly de haute qualit\u00e9<\/p>\n<\/li>\n<li data-start=\"1571\" data-end=\"1613\">\n<p data-start=\"1573\" data-end=\"1613\"><strong data-start=\"1573\" data-end=\"1588\">Boiseries :<\/strong> Inserts en noyer verni<\/p>\n<\/li>\n<li data-start=\"1614\" data-end=\"1707\">\n<p data-start=\"1616\" data-end=\"1707\"><strong data-start=\"1616\" data-end=\"1638\">Tableaux de bord :<\/strong> Instruments Smiths avec compte-tours et indicateurs de temp\u00e9rature<\/p>\n<\/li>\n<li data-start=\"1708\" data-end=\"1740\">\n<p data-start=\"1710\" data-end=\"1740\"><strong data-start=\"1710\" data-end=\"1734\">Vitres \u00e9lectriques :<\/strong> Non<\/p>\n<\/li>\n<li data-start=\"1741\" data-end=\"1804\">\n<p data-start=\"1743\" data-end=\"1804\"><strong data-start=\"1743\" data-end=\"1755\">Si\u00e8ges :<\/strong> R\u00e9glables manuellement, finition haut de gamme<\/p>\n<\/li>\n<li data-start=\"1805\" data-end=\"1853\">\n<p data-start=\"1807\" data-end=\"1853\"><strong data-start=\"1807\" data-end=\"1826\">Syst\u00e8me audio :<\/strong> Radio d\u2019\u00e9poque en option<\/p>\n<\/li>\n<li data-start=\"1854\" data-end=\"1881\">\n<p data-start=\"1856\" data-end=\"1881\"><strong data-start=\"1856\" data-end=\"1875\">Climatisation :<\/strong> Non<\/p>\n<\/li>\n<li data-start=\"1882\" data-end=\"1940\">\n<p data-start=\"1884\" data-end=\"1940\"><strong data-start=\"1884\" data-end=\"1895\">Pneus :<\/strong> Jantes \u00e0 rayons avec pneus \u00e0 flancs blancs<\/p>\n<\/li>\n<\/ul>\n<h4 data-start=\"1942\" data-end=\"1979\"><strong data-start=\"1947\" data-end=\"1977\">Particularit\u00e9s du Mod\u00e8le :<\/strong><\/h4>\n<ul data-start=\"1980\" data-end=\"2542\">\n<li data-start=\"1980\" data-end=\"2106\">\n<p data-start=\"1982\" data-end=\"2106\"><strong data-start=\"1982\" data-end=\"2063\">L&rsquo;un des derniers mod\u00e8les Lagonda avant la prise de contr\u00f4le par Aston Martin<\/strong>, ce qui en fait un v\u00e9hicule embl\u00e9matique<\/p>\n<\/li>\n<li data-start=\"2107\" data-end=\"2202\">\n<p data-start=\"2109\" data-end=\"2202\"><strong data-start=\"2109\" data-end=\"2153\">Moteur d\u00e9riv\u00e9 des Lagonda de comp\u00e9tition<\/strong>, con\u00e7u pour une conduite souple et performante<\/p>\n<\/li>\n<li data-start=\"2203\" data-end=\"2316\">\n<p data-start=\"2205\" data-end=\"2316\"><strong data-start=\"2205\" data-end=\"2234\">Design \u00e9l\u00e9gant et luxueux<\/strong>, faisant de ce mod\u00e8le un concurrent direct des Bentley et Jaguar contemporaines<\/p>\n<\/li>\n<li data-start=\"2317\" data-end=\"2423\">\n<p data-start=\"2319\" data-end=\"2423\"><strong data-start=\"2319\" data-end=\"2344\">Rare en version Coup\u00e9<\/strong>, la majorit\u00e9 des Lagonda 3-Litre ayant \u00e9t\u00e9 produites en berline ou cabriolet<\/p>\n<\/li>\n<li data-start=\"2424\" data-end=\"2542\">\n<p data-start=\"2426\" data-end=\"2542\"><strong data-start=\"2426\" data-end=\"2487\">Alternative plus accessible aux Aston Martin DB2 et DB2\/4<\/strong>, tout en offrant un luxe et une finition comparables<\/p>\n<\/li>\n<\/ul>\n<h4 data-start=\"2544\" data-end=\"2581\"><strong data-start=\"2549\" data-end=\"2579\">Valeur et Collectibilit\u00e9 :<\/strong><\/h4>\n<ul data-start=\"2582\" data-end=\"2902\">\n<li data-start=\"2582\" data-end=\"2658\">\n<p data-start=\"2584\" data-end=\"2658\"><strong data-start=\"2584\" data-end=\"2628\">Mod\u00e8le recherch\u00e9 par les collectionneurs<\/strong>, notamment en version Coup\u00e9<\/p>\n<\/li>\n<li data-start=\"2659\" data-end=\"2719\">\n<p data-start=\"2661\" data-end=\"2719\"><strong data-start=\"2661\" data-end=\"2683\">Production limit\u00e9e<\/strong>, rendant chaque exemplaire unique<\/p>\n<\/li>\n<li data-start=\"2720\" data-end=\"2836\">\n<p data-start=\"2722\" data-end=\"2836\"><strong data-start=\"2722\" data-end=\"2775\">Bonne cote sur le march\u00e9 des v\u00e9hicules classiques<\/strong>, en raison de son histoire et de sa qualit\u00e9 de fabrication<\/p>\n<\/li>\n<li data-start=\"2837\" data-end=\"2902\">\n<p data-start=\"2839\" data-end=\"2902\"><strong data-start=\"2839\" data-end=\"2900\">Id\u00e9al pour les rallyes historiques et concours d\u2019\u00e9l\u00e9gance<\/strong><\/p>\n<\/li>\n<\/ul>","protected":false},"excerpt":{"rendered":"<p>Fiche Technique \u2013 1954 Lagonda 3-Litre Coup\u00e9 (RHD) Informations G\u00e9n\u00e9rales : Marque : Lagonda Mod\u00e8le : 3-Litre Coup\u00e9 Ann\u00e9e : [&hellip;]<\/p>","protected":false},"featured_media":1078,"comment_status":"open","ping_status":"closed","template":"","meta":{"_uag_custom_page_level_css":"","site-sidebar-layout":"default","site-content-layout":"","ast-site-content-layout":"default","site-content-style":"default","site-sidebar-style":"default","ast-global-header-display":"","ast-banner-title-visibility":"","ast-main-header-display":"","ast-hfb-above-header-display":"","ast-hfb-below-header-display":"","ast-hfb-mobile-header-display":"","site-post-title":"","ast-breadcrumbs-content":"","ast-featured-img":"","footer-sml-layout":"","ast-disable-related-posts":"","theme-transparent-header-meta":"default","adv-header-id-meta":"","stick-header-meta":"","header-above-stick-meta":"","header-main-stick-meta":"","header-below-stick-meta":"","astra-migrate-meta-layouts":"set","ast-page-background-enabled":"default","ast-page-background-meta":{"desktop":{"background-color":"var(--ast-global-color-4)","background-image":"","background-repeat":"repeat","background-position":"center center","background-size":"auto","background-attachment":"scroll","background-type":"","background-media":"","overlay-type":"","overlay-color":"","overlay-opacity":"","overlay-gradient":""},"tablet":{"background-color":"","background-image":"","background-repeat":"repeat","background-position":"center center","background-size":"auto","background-attachment":"scroll","background-type":"","background-media":"","overlay-type":"","overlay-color":"","overlay-opacity":"","overlay-gradient":""},"mobile":{"background-color":"","background-image":"","background-repeat":"repeat","background-position":"center center","background-size":"auto","background-attachment":"scroll","background-type":"","background-media":"","overlay-type":"","overlay-color":"","overlay-opacity":"","overlay-gradient":""}},"ast-content-background-meta":{"desktop":{"background-color":"var(--ast-global-color-5)","background-image":"","background-repeat":"repeat","background-position":"center center","background-size":"auto","background-attachment":"scroll","background-type":"","background-media":"","overlay-type":"","overlay-color":"","overlay-opacity":"","overlay-gradient":""},"tablet":{"background-color":"var(--ast-global-color-5)","background-image":"","background-repeat":"repeat","background-position":"center center","background-size":"auto","background-attachment":"scroll","background-type":"","background-media":"","overlay-type":"","overlay-color":"","overlay-opacity":"","overlay-gradient":""},"mobile":{"background-color":"var(--ast-global-color-5)","background-image":"","background-repeat":"repeat","background-position":"center center","background-size":"auto","background-attachment":"scroll","background-type":"","background-media":"","overlay-type":"","overlay-color":"","overlay-opacity":"","overlay-gradient":""}}},"product_brand":[],"product_cat":[25],"product_tag":[],"class_list":{"0":"post-660","1":"product","2":"type-product","3":"status-publish","4":"has-post-thumbnail","6":"product_cat-lagonda","7":"desktop-align-left","8":"tablet-align-left","9":"mobile-align-left","11":"first","12":"instock","13":"shipping-taxable","14":"purchasable","15":"product-type-simple"},"aioseo_notices":[],"uagb_featured_image_src":{"full":["https:\/\/albionclassiccars.com\/wp-content\/uploads\/2025\/05\/9-Modifie-scaled.jpg",2560,1920,false],"thumbnail":["https:\/\/albionclassiccars.com\/wp-content\/uploads\/2025\/05\/9-Modifie-150x150.jpg",150,150,true],"medium":["https:\/\/albionclassiccars.com\/wp-content\/uploads\/2025\/05\/9-Modifie-300x225.jpg",300,225,true],"medium_large":["https:\/\/albionclassiccars.com\/wp-content\/uploads\/2025\/05\/9-Modifie-768x576.jpg",768,576,true],"large":["https:\/\/albionclassiccars.com\/wp-content\/uploads\/2025\/05\/9-Modifie-1024x768.jpg",1024,768,true],"1536x1536":["https:\/\/albionclassiccars.com\/wp-content\/uploads\/2025\/05\/9-Modifie-1536x1152.jpg",1536,1152,true],"2048x2048":["https:\/\/albionclassiccars.com\/wp-content\/uploads\/2025\/05\/9-Modifie-2048x1536.jpg",2048,1536,true],"trp-custom-language-flag":["https:\/\/albionclassiccars.com\/wp-content\/uploads\/2025\/05\/9-Modifie-scaled.jpg",16,12,false],"woocommerce_thumbnail":["https:\/\/albionclassiccars.com\/wp-content\/uploads\/2025\/05\/9-Modifie-scaled.jpg",2560,1920,false],"woocommerce_single":["https:\/\/albionclassiccars.com\/wp-content\/uploads\/2025\/05\/9-Modifie-scaled.jpg",2560,1920,false],"woocommerce_gallery_thumbnail":["https:\/\/albionclassiccars.com\/wp-content\/uploads\/2025\/05\/9-Modifie-100x100.jpg",100,100,true]},"uagb_author_info":{"display_name":"williamal.labis@gmail.com","author_link":"https:\/\/albionclassiccars.com\/en\/author\/"},"uagb_comment_info":0,"uagb_excerpt":"Fiche Technique \u2013 1954 Lagonda 3-Litre Coup\u00e9 (RHD) Informations G\u00e9n\u00e9rales : Marque : Lagonda Mod\u00e8le : 3-Litre Coup\u00e9 Ann\u00e9e : [&hellip;]","_links":{"self":[{"href":"https:\/\/albionclassiccars.com\/en\/wp-json\/wp\/v2\/product\/660","targetHints":{"allow":["GET"]}}],"collection":[{"href":"https:\/\/albionclassiccars.com\/en\/wp-json\/wp\/v2\/product"}],"about":[{"href":"https:\/\/albionclassiccars.com\/en\/wp-json\/wp\/v2\/types\/product"}],"replies":[{"embeddable":true,"href":"https:\/\/albionclassiccars.com\/en\/wp-json\/wp\/v2\/comments?post=660"}],"wp:featuredmedia":[{"embeddable":true,"href":"https:\/\/albionclassiccars.com\/en\/wp-json\/wp\/v2\/media\/1078"}],"wp:attachment":[{"href":"https:\/\/albionclassiccars.com\/en\/wp-json\/wp\/v2\/media?parent=660"}],"wp:term":[{"taxonomy":"product_brand","embeddable":true,"href":"https:\/\/albionclassiccars.com\/en\/wp-json\/wp\/v2\/product_brand?post=660"},{"taxonomy":"product_cat","embeddable":true,"href":"https:\/\/albionclassiccars.com\/en\/wp-json\/wp\/v2\/product_cat?post=660"},{"taxonomy":"product_tag","embeddable":true,"href":"https:\/\/albionclassiccars.com\/en\/wp-json\/wp\/v2\/product_tag?post=660"}],"curies":[{"name":"wp","href":"https:\/\/api.w.org\/{rel}","templated":true}]}}