{"id":623,"date":"2025-05-27T14:07:19","date_gmt":"2025-05-27T14:07:19","guid":{"rendered":"https:\/\/albionclassiccars.com\/?post_type=product&#038;p=623"},"modified":"2025-09-30T20:27:27","modified_gmt":"2025-09-30T20:27:27","slug":"1934-rolls-royce-2025-six-light-limousine-thrupp-maberly","status":"publish","type":"product","link":"https:\/\/albionclassiccars.com\/en\/product\/1934-rolls-royce-2025-six-light-limousine-thrupp-maberly\/","title":{"rendered":"1934 Rolls-Royce 2025 Six Light Limousine Thrupp &#038; Maberly"},"content":{"rendered":"<h3 data-start=\"0\" data-end=\"90\"><strong data-start=\"4\" data-end=\"88\">Fiche Technique \u2013 1934 Rolls-Royce 20\/25 Six Light Limousine by Thrupp &amp; Maberly<\/strong><\/h3>\n<h4 data-start=\"92\" data-end=\"127\"><strong data-start=\"97\" data-end=\"125\">General information :<\/strong><\/h4>\n<ul data-start=\"128\" data-end=\"363\">\n<li data-start=\"128\" data-end=\"156\">\n<p data-start=\"130\" data-end=\"156\" class=\"translation-block\"><strong data-start=\"111\" data-end=\"123\">Marque :<\/strong> Rolls-Royce<\/p>\n<\/li>\n<li data-start=\"157\" data-end=\"179\">\n<p data-start=\"159\" data-end=\"179\"><strong data-start=\"159\" data-end=\"171\">Mod\u00e8le :<\/strong> 20\/25<\/p>\n<\/li>\n<li data-start=\"180\" data-end=\"200\">\n<p data-start=\"182\" data-end=\"200\"><strong data-start=\"182\" data-end=\"193\">Ann\u00e9e :<\/strong> 1934<\/p>\n<\/li>\n<li data-start=\"201\" data-end=\"242\">\n<p data-start=\"203\" data-end=\"242\"><strong data-start=\"203\" data-end=\"216\">Version :<\/strong> <strong data-start=\"217\" data-end=\"240\">Six Light Limousine<\/strong><\/p>\n<\/li>\n<li data-start=\"243\" data-end=\"311\">\n<p data-start=\"245\" data-end=\"311\"><strong data-start=\"245\" data-end=\"262\">Carrosserie :<\/strong> <strong data-start=\"263\" data-end=\"276\">Limousine<\/strong> (Coachbuilt by Thrupp &amp; Maberly)<\/p>\n<\/li>\n<li data-start=\"312\" data-end=\"340\">\n<p data-start=\"314\" data-end=\"340\"><strong data-start=\"314\" data-end=\"336\">Nombre de portes :<\/strong> 4<\/p>\n<\/li>\n<li data-start=\"341\" data-end=\"363\">\n<p data-start=\"343\" data-end=\"363\"><strong data-start=\"343\" data-end=\"355\">Places :<\/strong> 4 \u00e0 6<\/p>\n<\/li>\n<\/ul>\n<h4 data-start=\"365\" data-end=\"400\"><strong data-start=\"370\" data-end=\"398\">Moteur et Performances :<\/strong><\/h4>\n<ul data-start=\"401\" data-end=\"848\">\n<li data-start=\"401\" data-end=\"446\">\n<p data-start=\"403\" data-end=\"446\"><strong data-start=\"403\" data-end=\"423\">Type de moteur :<\/strong> 6 cylindres en ligne<\/p>\n<\/li>\n<li data-start=\"447\" data-end=\"487\">\n<p data-start=\"449\" data-end=\"487\"><strong data-start=\"449\" data-end=\"464\">Cylindr\u00e9e :<\/strong> <strong data-start=\"465\" data-end=\"485\">3.7 L (3699 cm\u00b3)<\/strong><\/p>\n<\/li>\n<li data-start=\"488\" data-end=\"562\">\n<p data-start=\"490\" data-end=\"562\"><strong data-start=\"490\" data-end=\"508\">Alimentation :<\/strong> Carburateur Rolls-Royce avec r\u00e9gulation automatique<\/p>\n<\/li>\n<li data-start=\"563\" data-end=\"653\">\n<p data-start=\"565\" data-end=\"653\"><strong data-start=\"565\" data-end=\"580\">Puissance :<\/strong> <strong data-start=\"581\" data-end=\"601\">Environ 65-75 ch<\/strong> (Rolls-Royce ne publiait pas les chiffres exacts)<\/p>\n<\/li>\n<li data-start=\"654\" data-end=\"700\">\n<p data-start=\"656\" data-end=\"700\"><strong data-start=\"656\" data-end=\"668\">Couple :<\/strong> Non communiqu\u00e9 officiellement<\/p>\n<\/li>\n<li data-start=\"701\" data-end=\"744\">\n<p data-start=\"703\" data-end=\"744\"><strong data-start=\"703\" data-end=\"721\">Transmission :<\/strong> <strong data-start=\"722\" data-end=\"742\">Propulsion (RWD)<\/strong><\/p>\n<\/li>\n<li data-start=\"745\" data-end=\"848\">\n<p data-start=\"747\" data-end=\"772\"><strong data-start=\"747\" data-end=\"770\">Bo\u00eete de vitesses :<\/strong><\/p>\n<ul data-start=\"775\" data-end=\"848\">\n<li data-start=\"775\" data-end=\"848\">\n<p data-start=\"777\" data-end=\"848\"><strong data-start=\"777\" data-end=\"802\">Manuelle \u00e0 4 rapports<\/strong> (synchronisation sur les 3e et 4e rapports)<\/p>\n<\/li>\n<\/ul>\n<\/li>\n<\/ul>\n<h4 data-start=\"850\" data-end=\"882\"><strong data-start=\"855\" data-end=\"880\">Dimensions et Poids :<\/strong><\/h4>\n<ul data-start=\"883\" data-end=\"1071\">\n<li data-start=\"883\" data-end=\"949\">\n<p data-start=\"885\" data-end=\"949\"><strong data-start=\"885\" data-end=\"899\">Longueur :<\/strong> <strong data-start=\"900\" data-end=\"918\">Environ 5,30 m<\/strong> (varie selon la carrosserie)<\/p>\n<\/li>\n<li data-start=\"950\" data-end=\"986\">\n<p data-start=\"952\" data-end=\"986\"><strong data-start=\"952\" data-end=\"965\">Largeur :<\/strong> <strong data-start=\"966\" data-end=\"984\">Environ 1,75 m<\/strong><\/p>\n<\/li>\n<li data-start=\"987\" data-end=\"1019\">\n<p data-start=\"989\" data-end=\"1019\"><strong data-start=\"989\" data-end=\"1006\">Empattement :<\/strong> <strong data-start=\"1007\" data-end=\"1017\">3,35 m<\/strong><\/p>\n<\/li>\n<li data-start=\"1020\" data-end=\"1071\">\n<p data-start=\"1022\" data-end=\"1071\"><strong data-start=\"1022\" data-end=\"1040\">Poids \u00e0 vide :<\/strong> <strong data-start=\"1041\" data-end=\"1069\">Environ 1 600 &#8211; 1 800 kg<\/strong><\/p>\n<\/li>\n<\/ul>\n<h4 data-start=\"1073\" data-end=\"1107\"><strong data-start=\"1078\" data-end=\"1105\">Ch\u00e2ssis et Suspension :<\/strong><\/h4>\n<ul data-start=\"1108\" data-end=\"1482\">\n<li data-start=\"1108\" data-end=\"1194\">\n<p data-start=\"1110\" data-end=\"1194\"><strong data-start=\"1110\" data-end=\"1131\">Type de ch\u00e2ssis :<\/strong> Ch\u00e2ssis s\u00e9par\u00e9 en acier, con\u00e7u pour \u00eatre carross\u00e9 sur mesure<\/p>\n<\/li>\n<li data-start=\"1195\" data-end=\"1274\">\n<p data-start=\"1197\" data-end=\"1274\"><strong data-start=\"1197\" data-end=\"1219\">Suspension avant :<\/strong> Essieu rigide avec ressorts \u00e0 lames semi-elliptiques<\/p>\n<\/li>\n<li data-start=\"1275\" data-end=\"1339\">\n<p data-start=\"1277\" data-end=\"1339\"><strong data-start=\"1277\" data-end=\"1301\">Suspension arri\u00e8re :<\/strong> Essieu rigide avec ressorts \u00e0 lames<\/p>\n<\/li>\n<li data-start=\"1340\" data-end=\"1449\">\n<p data-start=\"1342\" data-end=\"1356\"><strong data-start=\"1342\" data-end=\"1354\">Freins :<\/strong><\/p>\n<ul data-start=\"1359\" data-end=\"1449\">\n<li data-start=\"1359\" data-end=\"1396\">\n<p data-start=\"1361\" data-end=\"1396\"><strong data-start=\"1361\" data-end=\"1394\">Tambours sur les quatre roues<\/strong><\/p>\n<\/li>\n<li data-start=\"1399\" data-end=\"1449\">\n<p data-start=\"1401\" data-end=\"1449\"><strong data-start=\"1401\" data-end=\"1447\">Assistance m\u00e9canique par servo Rolls-Royce<\/strong><\/p>\n<\/li>\n<\/ul>\n<\/li>\n<li data-start=\"1450\" data-end=\"1482\">\n<p data-start=\"1452\" data-end=\"1482\"><strong data-start=\"1452\" data-end=\"1467\">Direction :<\/strong> Non assist\u00e9e<\/p>\n<\/li>\n<\/ul>\n<h4 data-start=\"1484\" data-end=\"1525\"><strong data-start=\"1489\" data-end=\"1523\">Performances et Consommation :<\/strong><\/h4>\n<ul data-start=\"1526\" data-end=\"1731\">\n<li data-start=\"1526\" data-end=\"1573\">\n<p data-start=\"1528\" data-end=\"1573\"><strong data-start=\"1528\" data-end=\"1550\">Vitesse maximale :<\/strong> <strong data-start=\"1551\" data-end=\"1571\">Environ 120 km\/h<\/strong><\/p>\n<\/li>\n<li data-start=\"1574\" data-end=\"1632\">\n<p data-start=\"1576\" data-end=\"1632\"><strong data-start=\"1576\" data-end=\"1592\">0-100 km\/h :<\/strong> Non mesur\u00e9 (acc\u00e9l\u00e9ration progressive)<\/p>\n<\/li>\n<li data-start=\"1633\" data-end=\"1682\">\n<p data-start=\"1635\" data-end=\"1682\"><strong data-start=\"1635\" data-end=\"1661\">Consommation moyenne :<\/strong> <strong data-start=\"1662\" data-end=\"1680\">15-18 L\/100 km<\/strong><\/p>\n<\/li>\n<li data-start=\"1683\" data-end=\"1731\">\n<p data-start=\"1685\" data-end=\"1731\"><strong data-start=\"1685\" data-end=\"1712\">Capacit\u00e9 du r\u00e9servoir :<\/strong> <strong data-start=\"1713\" data-end=\"1729\">Environ 85 L<\/strong><\/p>\n<\/li>\n<\/ul>\n<h4 data-start=\"1733\" data-end=\"1769\"><strong data-start=\"1738\" data-end=\"1767\">\u00c9quipement et Finitions :<\/strong><\/h4>\n<ul data-start=\"1770\" data-end=\"2324\">\n<li data-start=\"1770\" data-end=\"1857\">\n<p data-start=\"1772\" data-end=\"1857\"><strong data-start=\"1772\" data-end=\"1786\">Sellerie :<\/strong> Cuir Connolly ou tissu de haute qualit\u00e9, selon la commande d\u2019origine<\/p>\n<\/li>\n<li data-start=\"1858\" data-end=\"1915\">\n<p data-start=\"1860\" data-end=\"1915\"><strong data-start=\"1860\" data-end=\"1875\">Boiseries :<\/strong> Noyer poli avec finitions faites main<\/p>\n<\/li>\n<li data-start=\"1916\" data-end=\"2000\">\n<p data-start=\"1918\" data-end=\"2000\"><strong data-start=\"1918\" data-end=\"1944\">S\u00e9paration chauffeur :<\/strong> Oui, avec vitre coulissante pour la version Limousine<\/p>\n<\/li>\n<li data-start=\"2001\" data-end=\"2027\">\n<p data-start=\"2003\" data-end=\"2027\"><strong data-start=\"2003\" data-end=\"2015\">Vitres :<\/strong> Manuelles<\/p>\n<\/li>\n<li data-start=\"2028\" data-end=\"2082\">\n<p data-start=\"2030\" data-end=\"2082\"><strong data-start=\"2030\" data-end=\"2042\">Si\u00e8ges :<\/strong> Banquettes spacieuses avec accoudoirs<\/p>\n<\/li>\n<li data-start=\"2083\" data-end=\"2160\">\n<p data-start=\"2085\" data-end=\"2160\"><strong data-start=\"2085\" data-end=\"2110\">\u00c9clairage int\u00e9rieur :<\/strong> Lampes de courtoisie pour les passagers arri\u00e8re<\/p>\n<\/li>\n<li data-start=\"2161\" data-end=\"2212\">\n<p data-start=\"2163\" data-end=\"2212\"><strong data-start=\"2163\" data-end=\"2189\">Syst\u00e8me de chauffage :<\/strong> Optionnel \u00e0 l\u2019\u00e9poque<\/p>\n<\/li>\n<li data-start=\"2213\" data-end=\"2324\">\n<p data-start=\"2215\" data-end=\"2324\"><strong data-start=\"2215\" data-end=\"2226\">Pneus :<\/strong> Pneus \u00e0 flancs blancs mont\u00e9s sur jantes \u00e0 rayons ou jantes en t\u00f4le avec enjoliveurs Rolls-Royce<\/p>\n<\/li>\n<\/ul>\n<h4 data-start=\"2326\" data-end=\"2363\"><strong data-start=\"2331\" data-end=\"2361\">Particularit\u00e9s du Mod\u00e8le :<\/strong><\/h4>\n<ul data-start=\"2364\" data-end=\"2955\">\n<li data-start=\"2364\" data-end=\"2484\">\n<p data-start=\"2366\" data-end=\"2484\"><strong data-start=\"2366\" data-end=\"2412\">Mod\u00e8le con\u00e7u pour le luxe et la discr\u00e9tion<\/strong>, souvent utilis\u00e9 par les aristocrates et les personnalit\u00e9s influentes<\/p>\n<\/li>\n<li data-start=\"2485\" data-end=\"2589\">\n<p data-start=\"2487\" data-end=\"2589\"><strong data-start=\"2487\" data-end=\"2523\">Carrosserie par Thrupp &amp; Maberly<\/strong>, l\u2019un des plus prestigieux carrossiers britanniques de l\u2019\u00e9poque<\/p>\n<\/li>\n<li data-start=\"2590\" data-end=\"2709\">\n<p data-start=\"2592\" data-end=\"2709\"><strong data-start=\"2592\" data-end=\"2666\">L\u2019un des derniers mod\u00e8les Rolls-Royce avant l\u2019introduction de la 25\/30<\/strong>, qui proposait une cylindr\u00e9e plus grande<\/p>\n<\/li>\n<li data-start=\"2710\" data-end=\"2828\">\n<p data-start=\"2712\" data-end=\"2828\"><strong data-start=\"2712\" data-end=\"2768\">Moteur con\u00e7u pour une conduite souple et silencieuse<\/strong>, respectant la philosophie \u00ab\u00a0Silent Travel\u00a0\u00bb de Rolls-Royce<\/p>\n<\/li>\n<li data-start=\"2829\" data-end=\"2955\">\n<p data-start=\"2831\" data-end=\"2955\"><strong data-start=\"2831\" data-end=\"2874\">Exemplaires souvent r\u00e9alis\u00e9s sur mesure<\/strong>, chaque v\u00e9hicule \u00e9tant unique en fonction des demandes du premier propri\u00e9taire<\/p>\n<\/li>\n<\/ul>\n<h4 data-start=\"2957\" data-end=\"2994\"><strong data-start=\"2962\" data-end=\"2992\">Valeur et Collectibilit\u00e9 :<\/strong><\/h4>\n<ul data-start=\"2995\" data-end=\"3390\">\n<li data-start=\"2995\" data-end=\"3101\">\n<p data-start=\"2997\" data-end=\"3101\"><strong data-start=\"2997\" data-end=\"3037\">Mod\u00e8le pris\u00e9 par les collectionneurs<\/strong>, en particulier en version Limousine par un carrossier r\u00e9put\u00e9<\/p>\n<\/li>\n<li data-start=\"3102\" data-end=\"3194\">\n<p data-start=\"3104\" data-end=\"3194\"><strong data-start=\"3104\" data-end=\"3132\">Cote stable et en hausse<\/strong>, notamment pour les exemplaires bien conserv\u00e9s ou restaur\u00e9s<\/p>\n<\/li>\n<li data-start=\"3195\" data-end=\"3282\">\n<p data-start=\"3197\" data-end=\"3282\"><strong data-start=\"3197\" data-end=\"3280\">Id\u00e9al pour les \u00e9v\u00e9nements prestigieux et les expositions de voitures classiques<\/strong><\/p>\n<\/li>\n<li data-start=\"3283\" data-end=\"3390\">\n<p data-start=\"3285\" data-end=\"3390\"><strong data-start=\"3285\" data-end=\"3323\">Raret\u00e9 des exemplaires en bon \u00e9tat<\/strong>, car ces v\u00e9hicules n\u00e9cessitent un entretien minutieux et co\u00fbteux<\/p>\n<\/li>\n<\/ul>","protected":false},"excerpt":{"rendered":"<p>Fiche Technique \u2013 1934 Rolls-Royce 20\/25 Six Light Limousine by Thrupp &amp; Maberly Informations G\u00e9n\u00e9rales : Marque : Rolls-Royce Mod\u00e8le [&hellip;]<\/p>","protected":false},"featured_media":1087,"comment_status":"open","ping_status":"closed","template":"","meta":{"_uag_custom_page_level_css":"","site-sidebar-layout":"default","site-content-layout":"","ast-site-content-layout":"default","site-content-style":"default","site-sidebar-style":"default","ast-global-header-display":"","ast-banner-title-visibility":"","ast-main-header-display":"","ast-hfb-above-header-display":"","ast-hfb-below-header-display":"","ast-hfb-mobile-header-display":"","site-post-title":"","ast-breadcrumbs-content":"","ast-featured-img":"","footer-sml-layout":"","theme-transparent-header-meta":"default","adv-header-id-meta":"","stick-header-meta":"","header-above-stick-meta":"","header-main-stick-meta":"","header-below-stick-meta":"","astra-migrate-meta-layouts":"set","ast-page-background-enabled":"default","ast-page-background-meta":{"desktop":{"background-color":"var(--ast-global-color-4)","background-image":"","background-repeat":"repeat","background-position":"center center","background-size":"auto","background-attachment":"scroll","background-type":"","background-media":"","overlay-type":"","overlay-color":"","overlay-opacity":"","overlay-gradient":""},"tablet":{"background-color":"","background-image":"","background-repeat":"repeat","background-position":"center center","background-size":"auto","background-attachment":"scroll","background-type":"","background-media":"","overlay-type":"","overlay-color":"","overlay-opacity":"","overlay-gradient":""},"mobile":{"background-color":"","background-image":"","background-repeat":"repeat","background-position":"center center","background-size":"auto","background-attachment":"scroll","background-type":"","background-media":"","overlay-type":"","overlay-color":"","overlay-opacity":"","overlay-gradient":""}},"ast-content-background-meta":{"desktop":{"background-color":"var(--ast-global-color-5)","background-image":"","background-repeat":"repeat","background-position":"center center","background-size":"auto","background-attachment":"scroll","background-type":"","background-media":"","overlay-type":"","overlay-color":"","overlay-opacity":"","overlay-gradient":""},"tablet":{"background-color":"var(--ast-global-color-5)","background-image":"","background-repeat":"repeat","background-position":"center center","background-size":"auto","background-attachment":"scroll","background-type":"","background-media":"","overlay-type":"","overlay-color":"","overlay-opacity":"","overlay-gradient":""},"mobile":{"background-color":"var(--ast-global-color-5)","background-image":"","background-repeat":"repeat","background-position":"center center","background-size":"auto","background-attachment":"scroll","background-type":"","background-media":"","overlay-type":"","overlay-color":"","overlay-opacity":"","overlay-gradient":""}}},"product_brand":[],"product_cat":[24],"product_tag":[],"class_list":{"0":"post-623","1":"product","2":"type-product","3":"status-publish","4":"has-post-thumbnail","6":"product_cat-rolls-royce","7":"desktop-align-left","8":"tablet-align-left","9":"mobile-align-left","11":"first","12":"instock","13":"shipping-taxable","14":"purchasable","15":"product-type-simple"},"aioseo_notices":[],"uagb_featured_image_src":{"full":["https:\/\/albionclassiccars.com\/wp-content\/uploads\/2025\/05\/IMG_20240818_160811-Modifie-scaled.jpg",2560,1920,false],"thumbnail":["https:\/\/albionclassiccars.com\/wp-content\/uploads\/2025\/05\/IMG_20240818_160811-Modifie-150x150.jpg",150,150,true],"medium":["https:\/\/albionclassiccars.com\/wp-content\/uploads\/2025\/05\/IMG_20240818_160811-Modifie-300x225.jpg",300,225,true],"medium_large":["https:\/\/albionclassiccars.com\/wp-content\/uploads\/2025\/05\/IMG_20240818_160811-Modifie-768x576.jpg",768,576,true],"large":["https:\/\/albionclassiccars.com\/wp-content\/uploads\/2025\/05\/IMG_20240818_160811-Modifie-1024x768.jpg",1024,768,true],"1536x1536":["https:\/\/albionclassiccars.com\/wp-content\/uploads\/2025\/05\/IMG_20240818_160811-Modifie-1536x1152.jpg",1536,1152,true],"2048x2048":["https:\/\/albionclassiccars.com\/wp-content\/uploads\/2025\/05\/IMG_20240818_160811-Modifie-2048x1536.jpg",2048,1536,true],"trp-custom-language-flag":["https:\/\/albionclassiccars.com\/wp-content\/uploads\/2025\/05\/IMG_20240818_160811-Modifie-scaled.jpg",16,12,false],"woocommerce_thumbnail":["https:\/\/albionclassiccars.com\/wp-content\/uploads\/2025\/05\/IMG_20240818_160811-Modifie-4000x3000.jpg",4000,3000,true],"woocommerce_single":["https:\/\/albionclassiccars.com\/wp-content\/uploads\/2025\/05\/IMG_20240818_160811-Modifie-4000x3000.jpg",4000,3000,true],"woocommerce_gallery_thumbnail":["https:\/\/albionclassiccars.com\/wp-content\/uploads\/2025\/05\/IMG_20240818_160811-Modifie-100x100.jpg",100,100,true]},"uagb_author_info":{"display_name":"williamal.labis@gmail.com","author_link":"https:\/\/albionclassiccars.com\/en\/author\/"},"uagb_comment_info":0,"uagb_excerpt":"Fiche Technique \u2013 1934 Rolls-Royce 20\/25 Six Light Limousine by Thrupp &amp; Maberly Informations G\u00e9n\u00e9rales : Marque : Rolls-Royce Mod\u00e8le [&hellip;]","_links":{"self":[{"href":"https:\/\/albionclassiccars.com\/en\/wp-json\/wp\/v2\/product\/623","targetHints":{"allow":["GET"]}}],"collection":[{"href":"https:\/\/albionclassiccars.com\/en\/wp-json\/wp\/v2\/product"}],"about":[{"href":"https:\/\/albionclassiccars.com\/en\/wp-json\/wp\/v2\/types\/product"}],"replies":[{"embeddable":true,"href":"https:\/\/albionclassiccars.com\/en\/wp-json\/wp\/v2\/comments?post=623"}],"wp:featuredmedia":[{"embeddable":true,"href":"https:\/\/albionclassiccars.com\/en\/wp-json\/wp\/v2\/media\/1087"}],"wp:attachment":[{"href":"https:\/\/albionclassiccars.com\/en\/wp-json\/wp\/v2\/media?parent=623"}],"wp:term":[{"taxonomy":"product_brand","embeddable":true,"href":"https:\/\/albionclassiccars.com\/en\/wp-json\/wp\/v2\/product_brand?post=623"},{"taxonomy":"product_cat","embeddable":true,"href":"https:\/\/albionclassiccars.com\/en\/wp-json\/wp\/v2\/product_cat?post=623"},{"taxonomy":"product_tag","embeddable":true,"href":"https:\/\/albionclassiccars.com\/en\/wp-json\/wp\/v2\/product_tag?post=623"}],"curies":[{"name":"wp","href":"https:\/\/api.w.org\/{rel}","templated":true}]}}