{"id":596,"date":"2025-05-25T17:10:19","date_gmt":"2025-05-25T17:10:19","guid":{"rendered":"https:\/\/albionclassiccars.com\/?post_type=product&#038;p=596"},"modified":"2025-09-30T20:13:05","modified_gmt":"2025-09-30T20:13:05","slug":"1929-rolls-royce-phantom-i-tourer-by-hooper","status":"publish","type":"product","link":"https:\/\/albionclassiccars.com\/en\/product\/1929-rolls-royce-phantom-i-tourer-by-hooper\/","title":{"rendered":"1929 Rolls-Royce Phantom I Tourer by Hooper"},"content":{"rendered":"<h3 data-start=\"0\" data-end=\"71\"><strong data-start=\"4\" data-end=\"69\">Fiche Technique \u2013 1929 Rolls-Royce Phantom I Tourer by Hooper<\/strong><\/h3>\n<h4 data-start=\"73\" data-end=\"108\"><strong data-start=\"78\" data-end=\"106\">General information :<\/strong><\/h4>\n<ul data-start=\"109\" data-end=\"350\">\n<li data-start=\"109\" data-end=\"137\">\n<p data-start=\"111\" data-end=\"137\" class=\"translation-block\"><strong data-start=\"111\" data-end=\"123\">Marque :<\/strong> Rolls-Royce<\/p>\n<\/li>\n<li data-start=\"138\" data-end=\"164\">\n<p data-start=\"140\" data-end=\"164\"><strong data-start=\"140\" data-end=\"152\">Mod\u00e8le :<\/strong> Phantom I<\/p>\n<\/li>\n<li data-start=\"165\" data-end=\"185\">\n<p data-start=\"167\" data-end=\"185\"><strong data-start=\"167\" data-end=\"178\">Ann\u00e9e :<\/strong> 1929<\/p>\n<\/li>\n<li data-start=\"186\" data-end=\"237\">\n<p data-start=\"188\" data-end=\"237\"><strong data-start=\"188\" data-end=\"205\">Carrosserie :<\/strong> <strong data-start=\"206\" data-end=\"216\">Tourer<\/strong> (cabriolet ouvert)<\/p>\n<\/li>\n<li data-start=\"238\" data-end=\"300\">\n<p data-start=\"240\" data-end=\"300\"><strong data-start=\"240\" data-end=\"256\">Carrossier :<\/strong> <strong data-start=\"257\" data-end=\"273\">Hooper &amp; Co.<\/strong> (carrosserie sur mesure)<\/p>\n<\/li>\n<li data-start=\"301\" data-end=\"329\">\n<p data-start=\"303\" data-end=\"329\"><strong data-start=\"303\" data-end=\"325\">Nombre de portes :<\/strong> 4<\/p>\n<\/li>\n<li data-start=\"330\" data-end=\"350\">\n<p data-start=\"332\" data-end=\"350\"><strong data-start=\"332\" data-end=\"344\">Places :<\/strong> 4-5<\/p>\n<\/li>\n<\/ul>\n<h4 data-start=\"352\" data-end=\"387\"><strong data-start=\"357\" data-end=\"385\">Moteur et Performances :<\/strong><\/h4>\n<ul data-start=\"388\" data-end=\"883\">\n<li data-start=\"388\" data-end=\"433\">\n<p data-start=\"390\" data-end=\"433\"><strong data-start=\"390\" data-end=\"410\">Type de moteur :<\/strong> 6 cylindres en ligne<\/p>\n<\/li>\n<li data-start=\"434\" data-end=\"470\">\n<p data-start=\"436\" data-end=\"470\"><strong data-start=\"436\" data-end=\"451\">Cylindr\u00e9e :<\/strong> 7.7 L (7668 cm\u00b3)<\/p>\n<\/li>\n<li data-start=\"471\" data-end=\"512\">\n<p data-start=\"473\" data-end=\"512\"><strong data-start=\"473\" data-end=\"490\">Disposition :<\/strong> Longitudinale avant<\/p>\n<\/li>\n<li data-start=\"513\" data-end=\"585\">\n<p data-start=\"515\" data-end=\"585\"><strong data-start=\"515\" data-end=\"533\">Alimentation :<\/strong> Carburateur Rolls-Royce avec assistance m\u00e9canique<\/p>\n<\/li>\n<li data-start=\"586\" data-end=\"658\">\n<p data-start=\"588\" data-end=\"658\"><strong data-start=\"588\" data-end=\"603\">Puissance :<\/strong> Environ <strong data-start=\"612\" data-end=\"625\">95-110 ch<\/strong> (non officiellement divulgu\u00e9e)<\/p>\n<\/li>\n<li data-start=\"659\" data-end=\"735\">\n<p data-start=\"661\" data-end=\"735\"><strong data-start=\"661\" data-end=\"673\">Couple :<\/strong> Donn\u00e9es non pr\u00e9cis\u00e9es, mais puissance ax\u00e9e sur la souplesse<\/p>\n<\/li>\n<li data-start=\"736\" data-end=\"775\">\n<p data-start=\"738\" data-end=\"775\"><strong data-start=\"738\" data-end=\"756\">Transmission :<\/strong> Propulsion (RWD)<\/p>\n<\/li>\n<li data-start=\"776\" data-end=\"883\">\n<p data-start=\"778\" data-end=\"803\"><strong data-start=\"778\" data-end=\"801\">Bo\u00eete de vitesses :<\/strong><\/p>\n<ul data-start=\"806\" data-end=\"883\">\n<li data-start=\"806\" data-end=\"883\">\n<p data-start=\"808\" data-end=\"883\"><strong data-start=\"808\" data-end=\"833\">Manuelle \u00e0 4 rapports<\/strong> (avec synchronisation sur les derniers mod\u00e8les)<\/p>\n<\/li>\n<\/ul>\n<\/li>\n<\/ul>\n<h4 data-start=\"885\" data-end=\"917\"><strong data-start=\"890\" data-end=\"915\">Dimensions et Poids :<\/strong><\/h4>\n<ul data-start=\"918\" data-end=\"1221\">\n<li data-start=\"918\" data-end=\"978\">\n<p data-start=\"920\" data-end=\"978\"><strong data-start=\"920\" data-end=\"934\">Longueur :<\/strong> Environ <strong data-start=\"943\" data-end=\"953\">5,70 m<\/strong> (selon la carrosserie)<\/p>\n<\/li>\n<li data-start=\"979\" data-end=\"1015\">\n<p data-start=\"981\" data-end=\"1015\"><strong data-start=\"981\" data-end=\"994\">Largeur :<\/strong> Environ <strong data-start=\"1003\" data-end=\"1013\">1,80 m<\/strong><\/p>\n<\/li>\n<li data-start=\"1016\" data-end=\"1058\">\n<p data-start=\"1018\" data-end=\"1058\"><strong data-start=\"1018\" data-end=\"1031\">Hauteur :<\/strong> Variable selon la capote<\/p>\n<\/li>\n<li data-start=\"1059\" data-end=\"1146\">\n<p data-start=\"1061\" data-end=\"1080\"><strong data-start=\"1061\" data-end=\"1078\">Empattement :<\/strong><\/p>\n<ul data-start=\"1083\" data-end=\"1146\">\n<li data-start=\"1083\" data-end=\"1108\">\n<p data-start=\"1085\" data-end=\"1108\"><strong data-start=\"1085\" data-end=\"1099\">Standard :<\/strong> 3,83 m<\/p>\n<\/li>\n<li data-start=\"1111\" data-end=\"1146\">\n<p data-start=\"1113\" data-end=\"1146\"><strong data-start=\"1113\" data-end=\"1144\">Empattement long disponible<\/strong><\/p>\n<\/li>\n<\/ul>\n<\/li>\n<li data-start=\"1147\" data-end=\"1221\">\n<p data-start=\"1149\" data-end=\"1221\"><strong data-start=\"1149\" data-end=\"1167\">Poids \u00e0 vide :<\/strong> Environ <strong data-start=\"1176\" data-end=\"1196\">2 500 &#8211; 2 800 kg<\/strong> (selon la carrosserie)<\/p>\n<\/li>\n<\/ul>\n<h4 data-start=\"1223\" data-end=\"1257\"><strong data-start=\"1228\" data-end=\"1255\">Ch\u00e2ssis et Suspension :<\/strong><\/h4>\n<ul data-start=\"1258\" data-end=\"1639\">\n<li data-start=\"1258\" data-end=\"1345\">\n<p data-start=\"1260\" data-end=\"1345\"><strong data-start=\"1260\" data-end=\"1281\">Type de ch\u00e2ssis :<\/strong> Ch\u00e2ssis en acier avec carrosserie en aluminium (selon Hooper)<\/p>\n<\/li>\n<li data-start=\"1346\" data-end=\"1421\">\n<p data-start=\"1348\" data-end=\"1421\"><strong data-start=\"1348\" data-end=\"1370\">Suspension avant :<\/strong> Essieu rigide, ressorts \u00e0 lames semi-elliptiques<\/p>\n<\/li>\n<li data-start=\"1422\" data-end=\"1499\">\n<p data-start=\"1424\" data-end=\"1499\"><strong data-start=\"1424\" data-end=\"1448\">Suspension arri\u00e8re :<\/strong> Essieu rigide, ressorts \u00e0 lames semi-elliptiques<\/p>\n<\/li>\n<li data-start=\"1500\" data-end=\"1602\">\n<p data-start=\"1502\" data-end=\"1516\"><strong data-start=\"1502\" data-end=\"1514\">Freins :<\/strong><\/p>\n<ul data-start=\"1519\" data-end=\"1602\">\n<li data-start=\"1519\" data-end=\"1602\">\n<p data-start=\"1521\" data-end=\"1602\"><strong data-start=\"1521\" data-end=\"1562\">Freins \u00e0 tambour sur les quatre roues<\/strong> avec assistance m\u00e9canique Rolls-Royce<\/p>\n<\/li>\n<\/ul>\n<\/li>\n<li data-start=\"1603\" data-end=\"1639\">\n<p data-start=\"1605\" data-end=\"1639\"><strong data-start=\"1605\" data-end=\"1620\">Direction :<\/strong> \u00c0 vis et secteur<\/p>\n<\/li>\n<\/ul>\n<h4 data-start=\"1641\" data-end=\"1682\"><strong data-start=\"1646\" data-end=\"1680\">Performances et Consommation :<\/strong><\/h4>\n<ul data-start=\"1683\" data-end=\"1909\">\n<li data-start=\"1683\" data-end=\"1761\">\n<p data-start=\"1685\" data-end=\"1761\"><strong data-start=\"1685\" data-end=\"1707\">Vitesse maximale :<\/strong> Environ <strong data-start=\"1716\" data-end=\"1728\">130 km\/h<\/strong> (selon configuration et poids)<\/p>\n<\/li>\n<li data-start=\"1762\" data-end=\"1809\">\n<p data-start=\"1764\" data-end=\"1809\"><strong data-start=\"1764\" data-end=\"1780\">0-100 km\/h :<\/strong> Environ <strong data-start=\"1789\" data-end=\"1807\">20-25 secondes<\/strong><\/p>\n<\/li>\n<li data-start=\"1810\" data-end=\"1859\">\n<p data-start=\"1812\" data-end=\"1859\"><strong data-start=\"1812\" data-end=\"1838\">Consommation moyenne :<\/strong> <strong data-start=\"1839\" data-end=\"1857\">25-30 L\/100 km<\/strong><\/p>\n<\/li>\n<li data-start=\"1860\" data-end=\"1909\">\n<p data-start=\"1862\" data-end=\"1909\"><strong data-start=\"1862\" data-end=\"1889\">Capacit\u00e9 du r\u00e9servoir :<\/strong> Environ <strong data-start=\"1898\" data-end=\"1907\">100 L<\/strong><\/p>\n<\/li>\n<\/ul>\n<h4 data-start=\"1911\" data-end=\"1947\"><strong data-start=\"1916\" data-end=\"1945\">\u00c9quipement et Finitions :<\/strong><\/h4>\n<ul data-start=\"1948\" data-end=\"2533\">\n<li data-start=\"1948\" data-end=\"1997\">\n<p data-start=\"1950\" data-end=\"1997\"><strong data-start=\"1950\" data-end=\"1964\">Sellerie :<\/strong> Cuir Connolly de haute qualit\u00e9<\/p>\n<\/li>\n<li data-start=\"1998\" data-end=\"2039\">\n<p data-start=\"2000\" data-end=\"2039\"><strong data-start=\"2000\" data-end=\"2015\">Boiseries :<\/strong> Acajou ou noyer verni<\/p>\n<\/li>\n<li data-start=\"2040\" data-end=\"2101\">\n<p data-start=\"2042\" data-end=\"2101\"><strong data-start=\"2042\" data-end=\"2054\">Capote :<\/strong> En tissu haut de gamme, pliable manuellement<\/p>\n<\/li>\n<li data-start=\"2102\" data-end=\"2175\">\n<p data-start=\"2104\" data-end=\"2175\"><strong data-start=\"2104\" data-end=\"2126\">Tableaux de bord :<\/strong> Instrumentation compl\u00e8te avec finition chrom\u00e9e<\/p>\n<\/li>\n<li data-start=\"2176\" data-end=\"2231\">\n<p data-start=\"2178\" data-end=\"2231\"><strong data-start=\"2178\" data-end=\"2190\">Vitres :<\/strong> D\u00e9montables pour les passagers arri\u00e8re<\/p>\n<\/li>\n<li data-start=\"2232\" data-end=\"2287\">\n<p data-start=\"2234\" data-end=\"2287\"><strong data-start=\"2234\" data-end=\"2249\">\u00c9clairage :<\/strong> Phares d&rsquo;\u00e9poque avec r\u00e9glage manuel<\/p>\n<\/li>\n<li data-start=\"2288\" data-end=\"2376\">\n<p data-start=\"2290\" data-end=\"2376\"><strong data-start=\"2290\" data-end=\"2309\">Syst\u00e8me audio :<\/strong> Aucune radio d\u2019origine, mais certains mod\u00e8les ont \u00e9t\u00e9 modernis\u00e9s<\/p>\n<\/li>\n<li data-start=\"2377\" data-end=\"2533\">\n<p data-start=\"2379\" data-end=\"2403\"><strong data-start=\"2379\" data-end=\"2400\">Extras d\u2019\u00e9poque :<\/strong><\/p>\n<ul data-start=\"2406\" data-end=\"2533\">\n<li data-start=\"2406\" data-end=\"2444\">\n<p data-start=\"2408\" data-end=\"2444\"><strong data-start=\"2408\" data-end=\"2442\">Compartiment \u00e0 bagages en cuir<\/strong><\/p>\n<\/li>\n<li data-start=\"2447\" data-end=\"2484\">\n<p data-start=\"2449\" data-end=\"2484\"><strong data-start=\"2449\" data-end=\"2482\">Marchepieds en aluminium poli<\/strong><\/p>\n<\/li>\n<li data-start=\"2487\" data-end=\"2533\">\n<p data-start=\"2489\" data-end=\"2533\"><strong data-start=\"2489\" data-end=\"2531\">Accessoires de pique-nique Rolls-Royce<\/strong><\/p>\n<\/li>\n<\/ul>\n<\/li>\n<\/ul>\n<h4 data-start=\"2535\" data-end=\"2592\"><strong data-start=\"2540\" data-end=\"2590\">Particularit\u00e9s du Mod\u00e8le Carross\u00e9 par Hooper :<\/strong><\/h4>\n<ul data-start=\"2593\" data-end=\"2933\">\n<li data-start=\"2593\" data-end=\"2704\">\n<p data-start=\"2595\" data-end=\"2704\"><strong data-start=\"2595\" data-end=\"2611\">Hooper &amp; Co.<\/strong>, l\u2019un des plus prestigieux carrossiers britanniques, reconnu pour ses cr\u00e9ations sur-mesure<\/p>\n<\/li>\n<li data-start=\"2705\" data-end=\"2793\">\n<p data-start=\"2707\" data-end=\"2793\">Design <strong data-start=\"2714\" data-end=\"2724\">Tourer<\/strong>, id\u00e9al pour la conduite \u00e0 ciel ouvert et les \u00e9v\u00e9nements d\u2019\u00e9l\u00e9gance<\/p>\n<\/li>\n<li data-start=\"2794\" data-end=\"2855\">\n<p data-start=\"2796\" data-end=\"2855\">\u00c9l\u00e9gance et raffinement dignes de l\u2019\u00e9poque <strong data-start=\"2839\" data-end=\"2853\">pr\u00e9-Guerre<\/strong><\/p>\n<\/li>\n<li data-start=\"2856\" data-end=\"2933\">\n<p data-start=\"2858\" data-end=\"2933\">V\u00e9hicule con\u00e7u pour les grandes c\u00e9r\u00e9monies et les voyages aristocratiques<\/p>\n<\/li>\n<\/ul>\n<h4 data-start=\"2935\" data-end=\"2972\"><strong data-start=\"2940\" data-end=\"2970\">Valeur et Collectibilit\u00e9 :<\/strong><\/h4>\n<ul data-start=\"2973\" data-end=\"3329\">\n<li data-start=\"2973\" data-end=\"3041\">\n<p data-start=\"2975\" data-end=\"3041\"><strong data-start=\"2975\" data-end=\"3004\">V\u00e9hicule extr\u00eamement rare<\/strong> en raison de son carrossage unique<\/p>\n<\/li>\n<li data-start=\"3042\" data-end=\"3124\">\n<p data-start=\"3044\" data-end=\"3124\"><strong data-start=\"3044\" data-end=\"3122\">Tr\u00e8s recherch\u00e9 par les collectionneurs et amateurs de Rolls-Royce d\u2019\u00e9poque<\/strong><\/p>\n<\/li>\n<li data-start=\"3125\" data-end=\"3236\">\n<p data-start=\"3127\" data-end=\"3236\">Valeur en <strong data-start=\"3137\" data-end=\"3163\">augmentation constante<\/strong>, surtout pour les exemplaires en \u00e9tat d\u2019origine ou restaur\u00e9s avec soin<\/p>\n<\/li>\n<li data-start=\"3237\" data-end=\"3329\">\n<p data-start=\"3239\" data-end=\"3329\"><strong data-start=\"3239\" data-end=\"3327\">Pr\u00e9sence r\u00e9guli\u00e8re dans les concours d\u2019\u00e9l\u00e9gance et ventes aux ench\u00e8res prestigieuses<\/strong><\/p>\n<\/li>\n<\/ul>","protected":false},"excerpt":{"rendered":"<p>Fiche Technique \u2013 1929 Rolls-Royce Phantom I Tourer by Hooper Informations G\u00e9n\u00e9rales : Marque : Rolls-Royce Mod\u00e8le : Phantom I [&hellip;]<\/p>","protected":false},"featured_media":1089,"comment_status":"open","ping_status":"closed","template":"","meta":{"_uag_custom_page_level_css":"","site-sidebar-layout":"default","site-content-layout":"","ast-site-content-layout":"default","site-content-style":"default","site-sidebar-style":"default","ast-global-header-display":"","ast-banner-title-visibility":"","ast-main-header-display":"","ast-hfb-above-header-display":"","ast-hfb-below-header-display":"","ast-hfb-mobile-header-display":"","site-post-title":"","ast-breadcrumbs-content":"","ast-featured-img":"","footer-sml-layout":"","theme-transparent-header-meta":"default","adv-header-id-meta":"","stick-header-meta":"","header-above-stick-meta":"","header-main-stick-meta":"","header-below-stick-meta":"","astra-migrate-meta-layouts":"set","ast-page-background-enabled":"default","ast-page-background-meta":{"desktop":{"background-color":"var(--ast-global-color-4)","background-image":"","background-repeat":"repeat","background-position":"center center","background-size":"auto","background-attachment":"scroll","background-type":"","background-media":"","overlay-type":"","overlay-color":"","overlay-opacity":"","overlay-gradient":""},"tablet":{"background-color":"","background-image":"","background-repeat":"repeat","background-position":"center center","background-size":"auto","background-attachment":"scroll","background-type":"","background-media":"","overlay-type":"","overlay-color":"","overlay-opacity":"","overlay-gradient":""},"mobile":{"background-color":"","background-image":"","background-repeat":"repeat","background-position":"center center","background-size":"auto","background-attachment":"scroll","background-type":"","background-media":"","overlay-type":"","overlay-color":"","overlay-opacity":"","overlay-gradient":""}},"ast-content-background-meta":{"desktop":{"background-color":"var(--ast-global-color-5)","background-image":"","background-repeat":"repeat","background-position":"center center","background-size":"auto","background-attachment":"scroll","background-type":"","background-media":"","overlay-type":"","overlay-color":"","overlay-opacity":"","overlay-gradient":""},"tablet":{"background-color":"var(--ast-global-color-5)","background-image":"","background-repeat":"repeat","background-position":"center center","background-size":"auto","background-attachment":"scroll","background-type":"","background-media":"","overlay-type":"","overlay-color":"","overlay-opacity":"","overlay-gradient":""},"mobile":{"background-color":"var(--ast-global-color-5)","background-image":"","background-repeat":"repeat","background-position":"center center","background-size":"auto","background-attachment":"scroll","background-type":"","background-media":"","overlay-type":"","overlay-color":"","overlay-opacity":"","overlay-gradient":""}}},"product_brand":[],"product_cat":[24],"product_tag":[],"class_list":{"0":"post-596","1":"product","2":"type-product","3":"status-publish","4":"has-post-thumbnail","6":"product_cat-rolls-royce","7":"desktop-align-left","8":"tablet-align-left","9":"mobile-align-left","11":"first","12":"instock","13":"shipping-taxable","14":"purchasable","15":"product-type-simple"},"aioseo_notices":[],"uagb_featured_image_src":{"full":["https:\/\/albionclassiccars.com\/wp-content\/uploads\/2025\/05\/IMG_20230508_163238-Modifie-scaled.jpg",1920,2560,false],"thumbnail":["https:\/\/albionclassiccars.com\/wp-content\/uploads\/2025\/05\/IMG_20230508_163238-Modifie-150x150.jpg",150,150,true],"medium":["https:\/\/albionclassiccars.com\/wp-content\/uploads\/2025\/05\/IMG_20230508_163238-Modifie-225x300.jpg",225,300,true],"medium_large":["https:\/\/albionclassiccars.com\/wp-content\/uploads\/2025\/05\/IMG_20230508_163238-Modifie-768x1024.jpg",768,1024,true],"large":["https:\/\/albionclassiccars.com\/wp-content\/uploads\/2025\/05\/IMG_20230508_163238-Modifie-768x1024.jpg",768,1024,true],"1536x1536":["https:\/\/albionclassiccars.com\/wp-content\/uploads\/2025\/05\/IMG_20230508_163238-Modifie-1152x1536.jpg",1152,1536,true],"2048x2048":["https:\/\/albionclassiccars.com\/wp-content\/uploads\/2025\/05\/IMG_20230508_163238-Modifie-1536x2048.jpg",1536,2048,true],"trp-custom-language-flag":["https:\/\/albionclassiccars.com\/wp-content\/uploads\/2025\/05\/IMG_20230508_163238-Modifie-scaled.jpg",9,12,false],"woocommerce_thumbnail":["https:\/\/albionclassiccars.com\/wp-content\/uploads\/2025\/05\/IMG_20230508_163238-Modifie-scaled.jpg",1920,2560,false],"woocommerce_single":["https:\/\/albionclassiccars.com\/wp-content\/uploads\/2025\/05\/IMG_20230508_163238-Modifie-scaled.jpg",1920,2560,false],"woocommerce_gallery_thumbnail":["https:\/\/albionclassiccars.com\/wp-content\/uploads\/2025\/05\/IMG_20230508_163238-Modifie-100x100.jpg",100,100,true]},"uagb_author_info":{"display_name":"williamal.labis@gmail.com","author_link":"https:\/\/albionclassiccars.com\/en\/author\/"},"uagb_comment_info":0,"uagb_excerpt":"Fiche Technique \u2013 1929 Rolls-Royce Phantom I Tourer by Hooper Informations G\u00e9n\u00e9rales : Marque : Rolls-Royce Mod\u00e8le : Phantom I [&hellip;]","_links":{"self":[{"href":"https:\/\/albionclassiccars.com\/en\/wp-json\/wp\/v2\/product\/596","targetHints":{"allow":["GET"]}}],"collection":[{"href":"https:\/\/albionclassiccars.com\/en\/wp-json\/wp\/v2\/product"}],"about":[{"href":"https:\/\/albionclassiccars.com\/en\/wp-json\/wp\/v2\/types\/product"}],"replies":[{"embeddable":true,"href":"https:\/\/albionclassiccars.com\/en\/wp-json\/wp\/v2\/comments?post=596"}],"wp:featuredmedia":[{"embeddable":true,"href":"https:\/\/albionclassiccars.com\/en\/wp-json\/wp\/v2\/media\/1089"}],"wp:attachment":[{"href":"https:\/\/albionclassiccars.com\/en\/wp-json\/wp\/v2\/media?parent=596"}],"wp:term":[{"taxonomy":"product_brand","embeddable":true,"href":"https:\/\/albionclassiccars.com\/en\/wp-json\/wp\/v2\/product_brand?post=596"},{"taxonomy":"product_cat","embeddable":true,"href":"https:\/\/albionclassiccars.com\/en\/wp-json\/wp\/v2\/product_cat?post=596"},{"taxonomy":"product_tag","embeddable":true,"href":"https:\/\/albionclassiccars.com\/en\/wp-json\/wp\/v2\/product_tag?post=596"}],"curies":[{"name":"wp","href":"https:\/\/api.w.org\/{rel}","templated":true}]}}