{"id":975,"date":"2025-06-08T18:16:48","date_gmt":"2025-06-08T18:16:48","guid":{"rendered":"https:\/\/albionclassiccars.com\/?page_id=975"},"modified":"2025-06-09T21:25:49","modified_gmt":"2025-06-09T21:25:49","slug":"transport-international","status":"publish","type":"page","link":"https:\/\/albionclassiccars.com\/en\/transport-international\/","title":{"rendered":"Transport International"},"content":{"rendered":"<h2 class=\"wp-block-heading\">Transport International de V\u00e9hicules \u2013 Exp\u00e9dition s\u00e9curis\u00e9e partout dans le monde<\/h2>\n\n\n\n<hr class=\"wp-block-separator has-alpha-channel-opacity\"\/>\n\n\n\n<h3 class=\"wp-block-heading\">Transport international de votre v\u00e9hicule :<\/h3>\n\n\n\n<p>Vous souhaitez exp\u00e9dier votre voiture \u00e0 l\u2019\u00e9tranger ?<br>Nous organisons le <strong>transport international de votre v\u00e9hicule<\/strong>, avec une logistique sur-mesure, un suivi complet et des partenaires fiables, o\u00f9 que vous soyez.<\/p>\n\n\n\n<hr class=\"wp-block-separator has-alpha-channel-opacity\"\/>\n\n\n\n<h3 class=\"wp-block-heading\">Pourquoi nous confier le transport de votre v\u00e9hicule :<\/h3>\n\n\n\n<ul class=\"wp-block-list\">\n<li>Transport maritime, routier ou a\u00e9rien selon votre destination et votre budget<\/li>\n\n\n\n<li>D\u00e9marches administratives g\u00e9r\u00e9es de A \u00e0 Z (douanes, assurance, documentation)<\/li>\n\n\n\n<li>Suivi en temps r\u00e9el et interlocuteur unique<\/li>\n\n\n\n<li>S\u00e9curit\u00e9 maximale du v\u00e9hicule pendant tout le trajet<\/li>\n\n\n\n<li>Tarifs n\u00e9goci\u00e9s aupr\u00e8s des meilleurs transporteurs internationaux<\/li>\n<\/ul>\n\n\n\n<hr class=\"wp-block-separator has-alpha-channel-opacity\"\/>\n\n\n\n<h3 class=\"wp-block-heading\">Nos solutions de transport :<\/h3>\n\n\n\n<p><strong>1. Transport maritime (Roll-on\/Roll-off ou conteneur ferm\u00e9)<\/strong><br>Id\u00e9al pour les longues distances, notamment vers l\u2019Afrique, l\u2019Am\u00e9rique du Nord ou les DOM-TOM.<\/p>\n\n\n\n<p><strong>2. Transport routier international<\/strong><br>Convient pour l\u2019Europe et les pays frontaliers. Possibilit\u00e9 de prise en charge porte-\u00e0-porte.<\/p>\n\n\n\n<p><strong>3. Transport a\u00e9rien<\/strong><br>Solution premium pour v\u00e9hicules de valeur ou livraisons urgentes.<\/p>\n\n\n\n<hr class=\"wp-block-separator has-alpha-channel-opacity\"\/>\n\n\n\n<h3 class=\"wp-block-heading\">\u00c9tapes du service :<\/h3>\n\n\n\n<ol class=\"wp-block-list\">\n<li>\u00c9tude de votre besoin (type de v\u00e9hicule, destination, d\u00e9lais, budget)<\/li>\n\n\n\n<li>Proposition d\u2019une solution adapt\u00e9e et devis d\u00e9taill\u00e9<\/li>\n\n\n\n<li>Organisation compl\u00e8te du transport, y compris les formalit\u00e9s douani\u00e8res<\/li>\n\n\n\n<li>Suivi de l\u2019exp\u00e9dition en temps r\u00e9el<\/li>\n\n\n\n<li>Livraison ou retrait \u00e0 destination selon l\u2019option choisie<\/li>\n<\/ol>\n\n\n\n<hr class=\"wp-block-separator has-alpha-channel-opacity\"\/>\n\n\n\n<h3 class=\"wp-block-heading\">Pour quels types de v\u00e9hicules<\/h3>\n\n\n\n<p>Nous sommes sp\u00e9cialis\u00e9s dans le <strong>transport international de v\u00e9hicules de collection<\/strong> :<\/p>\n\n\n\n<ul class=\"wp-block-list\">\n<li>Voitures anciennes de collection<\/li>\n\n\n\n<li>V\u00e9hicules de prestige et de luxe<\/li>\n\n\n\n<li>Youngtimers en parfait \u00e9tat ou en restauration<\/li>\n\n\n\n<li>Mod\u00e8les rares ou historiques destin\u00e9s \u00e0 l\u2019export ou \u00e0 l\u2019import<\/li>\n\n\n\n<li>V\u00e9hicules de collection non roulants ou n\u00e9cessitant une manutention sp\u00e9ciale<\/li>\n<\/ul>\n\n\n\n<p>Chaque transport est organis\u00e9 avec le plus grand soin, dans le respect des contraintes li\u00e9es \u00e0 la valeur, l\u2019\u00e2ge et la sp\u00e9cificit\u00e9 du v\u00e9hicule.<\/p>\n\n\n\n<hr class=\"wp-block-separator has-alpha-channel-opacity\"\/>\n\n\n\n<h3 class=\"wp-block-heading\">Tarifs et zones couvertes :<\/h3>\n\n\n\n<p>Chaque transport est unique. Les prix d\u00e9pendent du type de v\u00e9hicule, du mode de transport, de la destination et du d\u00e9lai souhait\u00e9.<br>Nous livrons vers l\u2019Europe, l\u2019Afrique, l\u2019Asie, l\u2019Am\u00e9rique du Nord, les DOM-TOM et le Moyen-Orient.<\/p>\n\n\n\n<p><strong>Demandez un devis gratuit<\/strong> pour conna\u00eetre le co\u00fbt exact et les options disponibles.<\/p>\n\n\n\n<hr class=\"wp-block-separator has-alpha-channel-opacity\"\/>\n\n\n\n<h3 class=\"wp-block-heading\">Frequently asked questions :<\/h3>\n\n\n\n<p><strong>Quels documents sont n\u00e9cessaires ?<\/strong><br>Carte grise, pi\u00e8ce d\u2019identit\u00e9, facture d\u2019achat, attestation de non-gage et parfois un certificat d\u2019exportation. Nous vous accompagnons \u00e0 chaque \u00e9tape.<\/p>\n\n\n\n<p><strong>Le v\u00e9hicule est-il assur\u00e9 pendant le transport ?<\/strong><br>Oui. Nous proposons plusieurs niveaux d\u2019assurance selon la valeur et le mode de transport choisi.<\/p>\n\n\n\n<p><strong>Puis-je faire transporter une voiture non roulante ?<\/strong><br>Oui, nous disposons de solutions sp\u00e9cifiques pour les v\u00e9hicules non roulants.<\/p>\n\n\n\n<hr class=\"wp-block-separator has-alpha-channel-opacity\"\/>\n\n\n\n<h3 class=\"wp-block-heading\">Contact et devis :<\/h3>\n\n\n\n<p>Expliquez-nous votre projet d\u2019exp\u00e9dition et recevez une r\u00e9ponse personnalis\u00e9e sous 24 \u00e0 48 heures.<br>T\u00e9l\u00e9phone : <a href=\"tel:+32486628276\">+32486628276<\/a>, <a href=\"tel:+447979011088\">+447979011088<\/a><br>Email : albionclassiccars@gmail.com<\/p>","protected":false},"excerpt":{"rendered":"<p>Transport International de V\u00e9hicules \u2013 Exp\u00e9dition s\u00e9curis\u00e9e partout dans le monde Transport international de votre v\u00e9hicule : Vous souhaitez exp\u00e9dier [&hellip;]<\/p>","protected":false},"author":1,"featured_media":0,"parent":0,"menu_order":0,"comment_status":"closed","ping_status":"closed","template":"","meta":{"_uag_custom_page_level_css":"","site-sidebar-layout":"default","site-content-layout":"","ast-site-content-layout":"","site-content-style":"default","site-sidebar-style":"default","ast-global-header-display":"","ast-banner-title-visibility":"","ast-main-header-display":"","ast-hfb-above-header-display":"","ast-hfb-below-header-display":"","ast-hfb-mobile-header-display":"","site-post-title":"disabled","ast-breadcrumbs-content":"","ast-featured-img":"","footer-sml-layout":"","ast-disable-related-posts":"","theme-transparent-header-meta":"","adv-header-id-meta":"","stick-header-meta":"","header-above-stick-meta":"","header-main-stick-meta":"","header-below-stick-meta":"","astra-migrate-meta-layouts":"default","ast-page-background-enabled":"default","ast-page-background-meta":{"desktop":{"background-color":"var(--ast-global-color-4)","background-image":"","background-repeat":"repeat","background-position":"center center","background-size":"auto","background-attachment":"scroll","background-type":"","background-media":"","overlay-type":"","overlay-color":"","overlay-opacity":"","overlay-gradient":""},"tablet":{"background-color":"","background-image":"","background-repeat":"repeat","background-position":"center center","background-size":"auto","background-attachment":"scroll","background-type":"","background-media":"","overlay-type":"","overlay-color":"","overlay-opacity":"","overlay-gradient":""},"mobile":{"background-color":"","background-image":"","background-repeat":"repeat","background-position":"center center","background-size":"auto","background-attachment":"scroll","background-type":"","background-media":"","overlay-type":"","overlay-color":"","overlay-opacity":"","overlay-gradient":""}},"ast-content-background-meta":{"desktop":{"background-color":"var(--ast-global-color-5)","background-image":"","background-repeat":"repeat","background-position":"center center","background-size":"auto","background-attachment":"scroll","background-type":"","background-media":"","overlay-type":"","overlay-color":"","overlay-opacity":"","overlay-gradient":""},"tablet":{"background-color":"var(--ast-global-color-5)","background-image":"","background-repeat":"repeat","background-position":"center center","background-size":"auto","background-attachment":"scroll","background-type":"","background-media":"","overlay-type":"","overlay-color":"","overlay-opacity":"","overlay-gradient":""},"mobile":{"background-color":"var(--ast-global-color-5)","background-image":"","background-repeat":"repeat","background-position":"center center","background-size":"auto","background-attachment":"scroll","background-type":"","background-media":"","overlay-type":"","overlay-color":"","overlay-opacity":"","overlay-gradient":""}},"footnotes":""},"class_list":["post-975","page","type-page","status-publish","hentry"],"aioseo_notices":[],"uagb_featured_image_src":{"full":false,"thumbnail":false,"medium":false,"medium_large":false,"large":false,"1536x1536":false,"2048x2048":false,"trp-custom-language-flag":false,"woocommerce_thumbnail":false,"woocommerce_single":false,"woocommerce_gallery_thumbnail":false},"uagb_author_info":{"display_name":"williamal.labis@gmail.com","author_link":"https:\/\/albionclassiccars.com\/en\/author\/williamal-labisgmail-com\/"},"uagb_comment_info":0,"uagb_excerpt":"Transport International de V\u00e9hicules \u2013 Exp\u00e9dition s\u00e9curis\u00e9e partout dans le monde Transport international de votre v\u00e9hicule : Vous souhaitez exp\u00e9dier [&hellip;]","_links":{"self":[{"href":"https:\/\/albionclassiccars.com\/en\/wp-json\/wp\/v2\/pages\/975","targetHints":{"allow":["GET"]}}],"collection":[{"href":"https:\/\/albionclassiccars.com\/en\/wp-json\/wp\/v2\/pages"}],"about":[{"href":"https:\/\/albionclassiccars.com\/en\/wp-json\/wp\/v2\/types\/page"}],"author":[{"embeddable":true,"href":"https:\/\/albionclassiccars.com\/en\/wp-json\/wp\/v2\/users\/1"}],"replies":[{"embeddable":true,"href":"https:\/\/albionclassiccars.com\/en\/wp-json\/wp\/v2\/comments?post=975"}],"version-history":[{"count":3,"href":"https:\/\/albionclassiccars.com\/en\/wp-json\/wp\/v2\/pages\/975\/revisions"}],"predecessor-version":[{"id":996,"href":"https:\/\/albionclassiccars.com\/en\/wp-json\/wp\/v2\/pages\/975\/revisions\/996"}],"wp:attachment":[{"href":"https:\/\/albionclassiccars.com\/en\/wp-json\/wp\/v2\/media?parent=975"}],"curies":[{"name":"wp","href":"https:\/\/api.w.org\/{rel}","templated":true}]}}